{"id":4822,"date":"2026-04-23T22:40:08","date_gmt":"2026-04-23T20:40:08","guid":{"rendered":"http:\/\/localhost\/borrador\/?post_type=product&#038;p=4822"},"modified":"2026-05-06T12:49:43","modified_gmt":"2026-05-06T17:49:43","slug":"botin-econoline-tecseg-552","status":"publish","type":"product","link":"https:\/\/valesafety.com.pe\/?product=botin-econoline-tecseg-552","title":{"rendered":"Botin Econoline Tecseg 552"},"content":{"rendered":"<h2>Botin Econoline Tecseg 552 Punta de Acero<\/h2>\n<ul data-start=\"523\" data-end=\"1576\">\n<li data-start=\"523\" data-end=\"759\"><strong data-start=\"525\" data-end=\"555\">Suela de alto rendimiento:<\/strong> Dise\u00f1ada para un agarre seguro en superficies resbaladizas, resistente a hidrocarburos y con planta de TPU antideslizante. Su resistencia a la abrasi\u00f3n es menor a 150 mm\u00b3, asegurando mayor durabilidad.<\/li>\n<li data-start=\"760\" data-end=\"920\"><strong data-start=\"762\" data-end=\"793\">Entresuela de PU inyectado:<\/strong> De baja densidad, liviana y altamente resiliente, proporcionando amortiguaci\u00f3n y confort durante largas jornadas de trabajo.<\/li>\n<li data-start=\"921\" data-end=\"1100\"><strong data-start=\"923\" data-end=\"953\">Forro interior respirable:<\/strong> Fabricado en malla transpirable para mantener los pies frescos y prevenir la acumulaci\u00f3n de humedad, ideal para condiciones de alta temperatura.<\/li>\n<li data-start=\"1101\" data-end=\"1265\"><strong data-start=\"1103\" data-end=\"1136\">Puntera de acero certificada:<\/strong> Cumple con la norma ISO EN 20345, ofreciendo protecci\u00f3n contra impactos de hasta 200 J y resistencia a la compresi\u00f3n de 15 kN.<\/li>\n<li data-start=\"1266\" data-end=\"1415\"><strong data-start=\"1268\" data-end=\"1298\">Plantilla anti perforante:<\/strong> Fabricada en acero con resistencia de 1.100 N, brindando seguridad contra objetos punzantes en el entorno laboral.<\/li>\n<li data-start=\"1416\" data-end=\"1576\"><strong data-start=\"1418\" data-end=\"1458\">Capellada de cuero vacuno estampado:<\/strong> Con un espesor de 1.8 a 2.0 mm, garantiza resistencia al desgaste y una mayor durabilidad en condiciones exigentes.<\/li>\n<\/ul>\n<p data-start=\"1578\" data-end=\"1749\" data-is-last-node=\"\" data-is-only-node=\"\">El <strong data-start=\"1581\" data-end=\"1611\">Bot\u00edn Econoline Tecseg 552<\/strong> es la elecci\u00f3n ideal para quienes buscan un calzado de seguridad confiable, resistente y c\u00f3modo para enfrentar cualquier desaf\u00edo laboral.<\/p>\n<p>Necesitas m\u00e1s productos encuentralos en nuestra\u00a0<a href=\"https:\/\/valesafety.com.pe\/tienda\">tienda\u00a0<\/a><\/p>\n<p>Para m\u00e1s informaci\u00f3n sobre este y otros productos, no dudes en contactarnos por\u00a0<a href=\"http:\/\/wa.me\/51981307686\" target=\"_blank\" rel=\"noopener\">WhatsApp<\/a>.<\/p>\n<p data-start=\"1578\" data-end=\"1749\" data-is-last-node=\"\" data-is-only-node=\"\">\n","protected":false},"excerpt":{"rendered":"<p>El <strong data-start=\"37\" data-end=\"67\">Bot\u00edn Econoline Tecseg 552<\/strong> pertenece a la l\u00ednea Standard Tecseg, dise\u00f1ado para brindar seguridad, durabilidad y comodidad en entornos laborales exigentes. Fabricado con el innovador sistema inyectado de PU, destaca por su ligereza y comodidad, ofreciendo un rendimiento superior dentro de la gama de calzados de seguridad. Su dise\u00f1o ergon\u00f3mico y materiales de alta calidad garantizan protecci\u00f3n y estabilidad en cada paso.<\/p>\n","protected":false},"featured_media":4878,"comment_status":"closed","ping_status":"closed","template":"","meta":{"_acf_changed":false},"product_brand":[36],"product_cat":[68],"product_tag":[],"class_list":{"0":"post-4822","1":"product","2":"type-product","3":"status-publish","4":"has-post-thumbnail","6":"product_brand-tecseg","7":"product_cat-zapatos-de-seguridad","9":"first","10":"instock","11":"shipping-taxable","12":"purchasable","13":"product-type-simple"},"acf":[],"_links":{"self":[{"href":"https:\/\/valesafety.com.pe\/index.php?rest_route=\/wp\/v2\/product\/4822","targetHints":{"allow":["GET"]}}],"collection":[{"href":"https:\/\/valesafety.com.pe\/index.php?rest_route=\/wp\/v2\/product"}],"about":[{"href":"https:\/\/valesafety.com.pe\/index.php?rest_route=\/wp\/v2\/types\/product"}],"replies":[{"embeddable":true,"href":"https:\/\/valesafety.com.pe\/index.php?rest_route=%2Fwp%2Fv2%2Fcomments&post=4822"}],"wp:featuredmedia":[{"embeddable":true,"href":"https:\/\/valesafety.com.pe\/index.php?rest_route=\/wp\/v2\/media\/4878"}],"wp:attachment":[{"href":"https:\/\/valesafety.com.pe\/index.php?rest_route=%2Fwp%2Fv2%2Fmedia&parent=4822"}],"wp:term":[{"taxonomy":"product_brand","embeddable":true,"href":"https:\/\/valesafety.com.pe\/index.php?rest_route=%2Fwp%2Fv2%2Fproduct_brand&post=4822"},{"taxonomy":"product_cat","embeddable":true,"href":"https:\/\/valesafety.com.pe\/index.php?rest_route=%2Fwp%2Fv2%2Fproduct_cat&post=4822"},{"taxonomy":"product_tag","embeddable":true,"href":"https:\/\/valesafety.com.pe\/index.php?rest_route=%2Fwp%2Fv2%2Fproduct_tag&post=4822"}],"curies":[{"name":"wp","href":"https:\/\/api.w.org\/{rel}","templated":true}]}}