{"id":4821,"date":"2026-04-23T22:40:08","date_gmt":"2026-04-23T20:40:08","guid":{"rendered":"http:\/\/localhost\/borrador\/?post_type=product&#038;p=4821"},"modified":"2026-05-06T12:50:52","modified_gmt":"2026-05-06T17:50:52","slug":"botin-jumper3-s1p-src","status":"publish","type":"product","link":"https:\/\/valesafety.com.pe\/?product=botin-jumper3-s1p-src","title":{"rendered":"Botin Jumper3 S1P SRC"},"content":{"rendered":"<h2>Botin Jumper3 S1P SRC<\/h2>\n<ul>\n<li>Ca\u00f1a\u00a0: Piel crup\u00f3n grabada.<\/li>\n<li>Forro\u00a0: Poliamida mesh.<\/li>\n<li>Plantilla interior\u00a0: Amovible preformada \u2013 Poli\u00e9ster sobre EVA.<\/li>\n<li>Suela : Inyectada \u2013 PU bi-densidad.<\/li>\n<li>EN ISO 20344:2011 Equipos de protecci\u00f3n personal \u2013 M\u00e9todos de ensayo para calzado<\/li>\n<li>EN ISO 20345:2011 Equipo de protecci\u00f3n individual. Calzado de seguridad.<\/li>\n<\/ul>\n<p>Necesitas m\u00e1s productos encuentralos en nuestra\u00a0<a href=\"https:\/\/valesafety.com.pe\/tienda\">tienda\u00a0<\/a><\/p>\n<p>Para m\u00e1s informaci\u00f3n sobre este y otros productos, no dudes en contactarnos por\u00a0<a href=\"http:\/\/wa.me\/51923151009\" target=\"_blank\" rel=\"noopener\">WhatsApp<\/a>.<\/p>\n","protected":false},"excerpt":{"rendered":"<p>Las botas de piel crup\u00f3n grabada S1P SRC ofrecen resistencia y confort, con una ca\u00f1a de piel crup\u00f3n grabada y un forro de malla de poliamida que mejora la transpirabilidad. Su plantilla interior amovible preformada, elaborada en poli\u00e9ster sobre EVA, proporciona mayor comodidad.<\/p>\n","protected":false},"featured_media":4868,"comment_status":"closed","ping_status":"closed","template":"","meta":{"_acf_changed":false},"product_brand":[27],"product_cat":[68,116],"product_tag":[467],"class_list":{"0":"post-4821","1":"product","2":"type-product","3":"status-publish","4":"has-post-thumbnail","6":"product_brand-deltaplus","7":"product_cat-zapatos-de-seguridad","8":"product_cat-zapatos-de-trabajo","9":"product_tag-calzado-punta-de-acero","11":"first","12":"instock","13":"sale","14":"shipping-taxable","15":"purchasable","16":"product-type-simple"},"acf":[],"_links":{"self":[{"href":"https:\/\/valesafety.com.pe\/index.php?rest_route=\/wp\/v2\/product\/4821","targetHints":{"allow":["GET"]}}],"collection":[{"href":"https:\/\/valesafety.com.pe\/index.php?rest_route=\/wp\/v2\/product"}],"about":[{"href":"https:\/\/valesafety.com.pe\/index.php?rest_route=\/wp\/v2\/types\/product"}],"replies":[{"embeddable":true,"href":"https:\/\/valesafety.com.pe\/index.php?rest_route=%2Fwp%2Fv2%2Fcomments&post=4821"}],"wp:featuredmedia":[{"embeddable":true,"href":"https:\/\/valesafety.com.pe\/index.php?rest_route=\/wp\/v2\/media\/4868"}],"wp:attachment":[{"href":"https:\/\/valesafety.com.pe\/index.php?rest_route=%2Fwp%2Fv2%2Fmedia&parent=4821"}],"wp:term":[{"taxonomy":"product_brand","embeddable":true,"href":"https:\/\/valesafety.com.pe\/index.php?rest_route=%2Fwp%2Fv2%2Fproduct_brand&post=4821"},{"taxonomy":"product_cat","embeddable":true,"href":"https:\/\/valesafety.com.pe\/index.php?rest_route=%2Fwp%2Fv2%2Fproduct_cat&post=4821"},{"taxonomy":"product_tag","embeddable":true,"href":"https:\/\/valesafety.com.pe\/index.php?rest_route=%2Fwp%2Fv2%2Fproduct_tag&post=4821"}],"curies":[{"name":"wp","href":"https:\/\/api.w.org\/{rel}","templated":true}]}}