{"id":4820,"date":"2026-04-23T22:40:08","date_gmt":"2026-04-23T20:40:08","guid":{"rendered":"http:\/\/localhost\/borrador\/?post_type=product&#038;p=4820"},"modified":"2026-05-06T15:21:34","modified_gmt":"2026-05-06T20:21:34","slug":"chaleco-de-seguridad-led","status":"publish","type":"product","link":"https:\/\/valesafety.com.pe\/?product=chaleco-de-seguridad-led","title":{"rendered":"Chaleco de Seguridad LED"},"content":{"rendered":"<h2>Chaleco de Seguridad LED<\/h2>\n<ul>\n<li>100% Poli\u00e9ster<\/li>\n<li>7 cintas reflectivas x 5cm de ancho<\/li>\n<li>Cierre tipo velcro<\/li>\n<li>Talla autorregulable<\/li>\n<li>16 luces led color rojo<\/li>\n<li>Bot\u00f3n para Apagado\/Encendido<\/li>\n<li>Usa 2 pilas \u201cAA\u201d (no incluidas)<\/li>\n<li>EN471\/2006 (Alta Visibilidad)<\/li>\n<li>Procedencia China<\/li>\n<\/ul>\n<p>Necesitas m\u00e1s productos encuentralos en nuestra\u00a0<a href=\"https:\/\/valesafety.com.pe\/tienda\">tienda\u00a0<\/a><\/p>\n<p>Para m\u00e1s informaci\u00f3n sobre este y otros productos, no dudes en contactarnos por\u00a0<a href=\"http:\/\/wa.me\/51923151009\" target=\"_blank\" rel=\"noopener\">WhatsApp<\/a>.<\/p>\n","protected":false},"excerpt":{"rendered":"<p>El Chaleco de Seguridad LED fabricado con malla tipo panel de abeja 3D, compuesto al 100% de poli\u00e9ster en color naranja fosforescente. Incorpora siete cintas reflectantes prism\u00e1ticas High Gloss en un tono amarillo-lim\u00f3n intenso y brillante, con un ancho de 5 cm. Adem\u00e1s, cuenta con un conector interno ubicado en el lado izquierdo.<\/p>\n","protected":false},"featured_media":4867,"comment_status":"closed","ping_status":"closed","template":"","meta":{"_acf_changed":false},"product_brand":[],"product_cat":[64],"product_tag":[],"class_list":{"0":"post-4820","1":"product","2":"type-product","3":"status-publish","4":"has-post-thumbnail","6":"product_cat-proteccion-vial","8":"first","9":"instock","10":"shipping-taxable","11":"purchasable","12":"product-type-simple"},"acf":[],"_links":{"self":[{"href":"https:\/\/valesafety.com.pe\/index.php?rest_route=\/wp\/v2\/product\/4820","targetHints":{"allow":["GET"]}}],"collection":[{"href":"https:\/\/valesafety.com.pe\/index.php?rest_route=\/wp\/v2\/product"}],"about":[{"href":"https:\/\/valesafety.com.pe\/index.php?rest_route=\/wp\/v2\/types\/product"}],"replies":[{"embeddable":true,"href":"https:\/\/valesafety.com.pe\/index.php?rest_route=%2Fwp%2Fv2%2Fcomments&post=4820"}],"wp:featuredmedia":[{"embeddable":true,"href":"https:\/\/valesafety.com.pe\/index.php?rest_route=\/wp\/v2\/media\/4867"}],"wp:attachment":[{"href":"https:\/\/valesafety.com.pe\/index.php?rest_route=%2Fwp%2Fv2%2Fmedia&parent=4820"}],"wp:term":[{"taxonomy":"product_brand","embeddable":true,"href":"https:\/\/valesafety.com.pe\/index.php?rest_route=%2Fwp%2Fv2%2Fproduct_brand&post=4820"},{"taxonomy":"product_cat","embeddable":true,"href":"https:\/\/valesafety.com.pe\/index.php?rest_route=%2Fwp%2Fv2%2Fproduct_cat&post=4820"},{"taxonomy":"product_tag","embeddable":true,"href":"https:\/\/valesafety.com.pe\/index.php?rest_route=%2Fwp%2Fv2%2Fproduct_tag&post=4820"}],"curies":[{"name":"wp","href":"https:\/\/api.w.org\/{rel}","templated":true}]}}