{"id":4819,"date":"2026-04-23T22:40:08","date_gmt":"2026-04-23T20:40:08","guid":{"rendered":"http:\/\/localhost\/borrador\/?post_type=product&#038;p=4819"},"modified":"2026-05-07T09:47:53","modified_gmt":"2026-05-07T14:47:53","slug":"pantalon-cargo-bizweld-bz31-portwest","status":"publish","type":"product","link":"https:\/\/valesafety.com.pe\/?product=pantalon-cargo-bizweld-bz31-portwest","title":{"rendered":"Pantalon Cargo Bizweld BZ31 Portwest"},"content":{"rendered":"<h2>Pantalon Cargo Bizweld<\/h2>\n<ul>\n<li>CE-CAT III Doble protecci\u00f3n 7 Bolsillos para mayor capacidad Bolsillo oculto para el m\u00f3vil<\/li>\n<li>Cintura con trasera el\u00e1stica para un seguro ajuste<\/li>\n<li>Tejido clasificado UPF 50+ que bloquea el 98% de los rayos UV Bolsillo para el metro<\/li>\n<li><strong>Certificado<\/strong> CE Resistencia a la llama garantizada durante toda la vida de la prenda<\/li>\n<\/ul>\n<p>Necesitas m\u00e1s productos encuentralos en nuestra\u00a0<a href=\"https:\/\/valesafety.com.pe\/tienda\">tienda\u00a0<\/a><\/p>\n<p>Para m\u00e1s informaci\u00f3n sobre este y otros productos, no dudes en contactarnos por\u00a0<a href=\"http:\/\/wa.me\/51923151009\" target=\"_blank\" rel=\"noopener\">WhatsApp<\/a>.<\/p>\n","protected":false},"excerpt":{"rendered":"<p>El pantal\u00f3n Cargo Bizweld ofrece protecci\u00f3n contra los efectos t\u00e9rmicos del arco el\u00e9ctrico y garantiza la resistencia a la llama durante la vida de la prenda. Este moderno pantal\u00f3n tiene cintura el\u00e1stica para mayor comodidad y facilidad de movimiento. Con toda una serie de amplios bolsillos para mayor conveniencia.<\/p>\n","protected":false},"featured_media":4866,"comment_status":"closed","ping_status":"closed","template":"","meta":{"_acf_changed":false},"product_brand":[34],"product_cat":[66,67,113],"product_tag":[],"class_list":{"0":"post-4819","1":"product","2":"type-product","3":"status-publish","4":"has-post-thumbnail","6":"product_brand-portwest","7":"product_cat-ropa-de-seguridad","8":"product_cat-ropa-de-trabajo","9":"product_cat-ropa-ignifuga","11":"first","12":"instock","13":"shipping-taxable","14":"purchasable","15":"product-type-simple"},"acf":[],"_links":{"self":[{"href":"https:\/\/valesafety.com.pe\/index.php?rest_route=\/wp\/v2\/product\/4819","targetHints":{"allow":["GET"]}}],"collection":[{"href":"https:\/\/valesafety.com.pe\/index.php?rest_route=\/wp\/v2\/product"}],"about":[{"href":"https:\/\/valesafety.com.pe\/index.php?rest_route=\/wp\/v2\/types\/product"}],"replies":[{"embeddable":true,"href":"https:\/\/valesafety.com.pe\/index.php?rest_route=%2Fwp%2Fv2%2Fcomments&post=4819"}],"wp:featuredmedia":[{"embeddable":true,"href":"https:\/\/valesafety.com.pe\/index.php?rest_route=\/wp\/v2\/media\/4866"}],"wp:attachment":[{"href":"https:\/\/valesafety.com.pe\/index.php?rest_route=%2Fwp%2Fv2%2Fmedia&parent=4819"}],"wp:term":[{"taxonomy":"product_brand","embeddable":true,"href":"https:\/\/valesafety.com.pe\/index.php?rest_route=%2Fwp%2Fv2%2Fproduct_brand&post=4819"},{"taxonomy":"product_cat","embeddable":true,"href":"https:\/\/valesafety.com.pe\/index.php?rest_route=%2Fwp%2Fv2%2Fproduct_cat&post=4819"},{"taxonomy":"product_tag","embeddable":true,"href":"https:\/\/valesafety.com.pe\/index.php?rest_route=%2Fwp%2Fv2%2Fproduct_tag&post=4819"}],"curies":[{"name":"wp","href":"https:\/\/api.w.org\/{rel}","templated":true}]}}