{"id":4807,"date":"2026-04-23T22:39:41","date_gmt":"2026-04-23T20:39:41","guid":{"rendered":"http:\/\/localhost\/borrador\/?post_type=product&#038;p=4807"},"modified":"2026-05-07T10:52:49","modified_gmt":"2026-05-07T15:52:49","slug":"traje-descartable-4530-3m","status":"publish","type":"product","link":"https:\/\/valesafety.com.pe\/?product=traje-descartable-4530-3m","title":{"rendered":"Traje Descartable 4530 3M"},"content":{"rendered":"<h2>Traje Descartable 4530 3M<\/h2>\n<ul>\n<li>Resistencia a la llama.<\/li>\n<li>Contra polvo y salpicaduras de l\u00edquidos leves.<\/li>\n<li>Pu\u00f1os, Tobillos y Cintura elastizada.<\/li>\n<li>Sin costuras.<\/li>\n<li>Material antiest\u00e1tico.<\/li>\n<li>Disponible: Azul.<\/li>\n<li>Tallas disponibles: S, M, L, XL.<\/li>\n<li>Cumple la norma EN13034:1997.<\/li>\n<\/ul>\n<p>Necesitas m\u00e1s productos encuentralos en nuestra\u00a0<a href=\"https:\/\/valesafety.com.pe\/tienda\">tienda\u00a0<\/a><\/p>\n<p>Para m\u00e1s informaci\u00f3n sobre este y otros productos, no dudes en contactarnos por\u00a0<a href=\"http:\/\/wa.me\/51923151009\" target=\"_blank\" rel=\"noopener\">WhatsApp<\/a>.<\/p>\n","protected":false},"excerpt":{"rendered":"<p class=\"cvGsUA direction-ltr align-justify para-style-body\"><span class=\"OYPEnA font-feature-liga-off font-feature-clig-off font-feature-calt-off text-decoration-none text-strikethrough-none\">El buzo desechable 4530 de 3M es muy liviano y de polipropileno transpirable con resistencia a la llama.<\/span><\/p>\n<p class=\"cvGsUA direction-ltr align-justify para-style-body\"><span class=\"OYPEnA font-feature-liga-off font-feature-clig-off font-feature-calt-off text-decoration-none text-strikethrough-none\">Dise\u00f1ado para ser utilizado sobre la ropa resistente al fuego como protecci\u00f3n primaria, ayuda a proporcionar protecci\u00f3n contra polvo y salpicaduras de l\u00edquidos leves.<\/span><\/p>\n","protected":false},"featured_media":4863,"comment_status":"closed","ping_status":"closed","template":"","meta":{"_acf_changed":false},"product_brand":[38],"product_cat":[110,66,67,113],"product_tag":[],"class_list":{"0":"post-4807","1":"product","2":"type-product","3":"status-publish","4":"has-post-thumbnail","6":"product_brand-3m","7":"product_cat-overol","8":"product_cat-ropa-de-seguridad","9":"product_cat-ropa-de-trabajo","10":"product_cat-ropa-ignifuga","12":"first","13":"instock","14":"shipping-taxable","15":"purchasable","16":"product-type-simple"},"acf":[],"_links":{"self":[{"href":"https:\/\/valesafety.com.pe\/index.php?rest_route=\/wp\/v2\/product\/4807","targetHints":{"allow":["GET"]}}],"collection":[{"href":"https:\/\/valesafety.com.pe\/index.php?rest_route=\/wp\/v2\/product"}],"about":[{"href":"https:\/\/valesafety.com.pe\/index.php?rest_route=\/wp\/v2\/types\/product"}],"replies":[{"embeddable":true,"href":"https:\/\/valesafety.com.pe\/index.php?rest_route=%2Fwp%2Fv2%2Fcomments&post=4807"}],"wp:featuredmedia":[{"embeddable":true,"href":"https:\/\/valesafety.com.pe\/index.php?rest_route=\/wp\/v2\/media\/4863"}],"wp:attachment":[{"href":"https:\/\/valesafety.com.pe\/index.php?rest_route=%2Fwp%2Fv2%2Fmedia&parent=4807"}],"wp:term":[{"taxonomy":"product_brand","embeddable":true,"href":"https:\/\/valesafety.com.pe\/index.php?rest_route=%2Fwp%2Fv2%2Fproduct_brand&post=4807"},{"taxonomy":"product_cat","embeddable":true,"href":"https:\/\/valesafety.com.pe\/index.php?rest_route=%2Fwp%2Fv2%2Fproduct_cat&post=4807"},{"taxonomy":"product_tag","embeddable":true,"href":"https:\/\/valesafety.com.pe\/index.php?rest_route=%2Fwp%2Fv2%2Fproduct_tag&post=4807"}],"curies":[{"name":"wp","href":"https:\/\/api.w.org\/{rel}","templated":true}]}}