{"id":4806,"date":"2026-04-23T22:39:41","date_gmt":"2026-04-23T20:39:41","guid":{"rendered":"http:\/\/localhost\/borrador\/?post_type=product&#038;p=4806"},"modified":"2026-04-30T15:20:23","modified_gmt":"2026-04-30T20:20:23","slug":"sobreguante-de-cuero-regeltex","status":"publish","type":"product","link":"https:\/\/valesafety.com.pe\/?product=sobreguante-de-cuero-regeltex","title":{"rendered":"Sobreguante de cuero Regeltex"},"content":{"rendered":"<h2>Sobreguante de cuero Regeltex<\/h2>\n<p data-start=\"0\" data-end=\"197\">Los sobreguantes est\u00e1n dise\u00f1ados para colocarse sobre los guantes aislantes, brindando protecci\u00f3n adicional contra riesgos mec\u00e1nicos y, cuando sea necesario, frente a peligros por arco el\u00e9ctrico.<\/p>\n<p data-start=\"199\" data-end=\"383\">Fabricados en cuero plena flor de bovino, estos guantes cuentan con pulgares palmeados y un pu\u00f1o de corteza de 10 cm, adem\u00e1s de una cinta de velcro en el dorso para un ajuste seguro.<\/p>\n<p data-start=\"385\" data-end=\"461\">El cuero ha sido tratado con silicona para mejorar su resistencia al agua.<\/p>\n<h3 data-start=\"463\" data-end=\"617\"><strong data-start=\"463\" data-end=\"481\">Certificaci\u00f3n:<\/strong><\/h3>\n<p data-start=\"463\" data-end=\"617\">Cumple con la norma EN-388, ofreciendo protecci\u00f3n en los siguientes niveles: Abrasi\u00f3n (2), Corte (1), Desgarro (2) y Perforaci\u00f3n (2).<\/p>\n<p>Necesitas m\u00e1s productos encu\u00e9ntralos en nuestra <a href=\"https:\/\/valesafety.com.pe\/tienda\">tienda\u00a0<\/a><\/p>\n<p>Para m\u00e1s informaci\u00f3n sobre este y otros productos, no dudes en contactarnos por\u00a0<a href=\"http:\/\/wa.me\/51923151009\" target=\"_blank\" rel=\"noopener\">WhatsApp<\/a>.<\/p>\n","protected":false},"excerpt":{"rendered":"<p><span class=\"OYPEnA font-feature-liga-off font-feature-clig-off font-feature-calt-off text-decoration-none text-strikethrough-none\">Fabricado en badana color champagne, brinda comodidad al ser flexible y suave al tacto y al ser anchos permiten el uso de guantes diel\u00e9ctricos en su interior, posee una cinta autorreguladora para mayor ajuste.<\/span><\/p>\n","protected":false},"featured_media":4862,"comment_status":"closed","ping_status":"closed","template":"","meta":{"_acf_changed":false},"product_brand":[],"product_cat":[59,113],"product_tag":[],"class_list":{"0":"post-4806","1":"product","2":"type-product","3":"status-publish","4":"has-post-thumbnail","6":"product_cat-proteccion-de-las-manos","7":"product_cat-ropa-ignifuga","9":"first","10":"instock","11":"shipping-taxable","12":"purchasable","13":"product-type-simple"},"acf":[],"_links":{"self":[{"href":"https:\/\/valesafety.com.pe\/index.php?rest_route=\/wp\/v2\/product\/4806","targetHints":{"allow":["GET"]}}],"collection":[{"href":"https:\/\/valesafety.com.pe\/index.php?rest_route=\/wp\/v2\/product"}],"about":[{"href":"https:\/\/valesafety.com.pe\/index.php?rest_route=\/wp\/v2\/types\/product"}],"replies":[{"embeddable":true,"href":"https:\/\/valesafety.com.pe\/index.php?rest_route=%2Fwp%2Fv2%2Fcomments&post=4806"}],"wp:featuredmedia":[{"embeddable":true,"href":"https:\/\/valesafety.com.pe\/index.php?rest_route=\/wp\/v2\/media\/4862"}],"wp:attachment":[{"href":"https:\/\/valesafety.com.pe\/index.php?rest_route=%2Fwp%2Fv2%2Fmedia&parent=4806"}],"wp:term":[{"taxonomy":"product_brand","embeddable":true,"href":"https:\/\/valesafety.com.pe\/index.php?rest_route=%2Fwp%2Fv2%2Fproduct_brand&post=4806"},{"taxonomy":"product_cat","embeddable":true,"href":"https:\/\/valesafety.com.pe\/index.php?rest_route=%2Fwp%2Fv2%2Fproduct_cat&post=4806"},{"taxonomy":"product_tag","embeddable":true,"href":"https:\/\/valesafety.com.pe\/index.php?rest_route=%2Fwp%2Fv2%2Fproduct_tag&post=4806"}],"curies":[{"name":"wp","href":"https:\/\/api.w.org\/{rel}","templated":true}]}}