{"id":4805,"date":"2026-04-23T22:39:41","date_gmt":"2026-04-23T20:39:41","guid":{"rendered":"http:\/\/localhost\/borrador\/?post_type=product&#038;p=4805"},"modified":"2026-05-07T10:40:37","modified_gmt":"2026-05-07T15:40:37","slug":"sobreguante-spro-dielectrico","status":"publish","type":"product","link":"https:\/\/valesafety.com.pe\/?product=sobreguante-spro-dielectrico","title":{"rendered":"Sobreguante Spro Diel\u00e9ctrico"},"content":{"rendered":"<h2>Sobreguante Spro Diel\u00e9ctrico<\/h2>\n<ul>\n<li class=\"even typeTextfield group1\"><span class=\"itemExtraFieldsLabel\">MARCA:\u00a0<\/span><span class=\"itemExtraFieldsValue\">SPRO<\/span><\/li>\n<li class=\"even typeTextfield group1\"><span class=\"itemExtraFieldsLabel\">COLOR:\u00a0<\/span><span class=\"itemExtraFieldsValue\">CHAMPAGNE<\/span><\/li>\n<li class=\"even typeTextfield group1\"><span class=\"itemExtraFieldsLabel\">MEDIDAS:\u00a0<\/span><span class=\"itemExtraFieldsValue\">29.5CM<\/span><\/li>\n<li class=\"even typeTextfield group1\"><span class=\"itemExtraFieldsLabel\">PROTECCI\u00d3N:\u00a0<\/span><span class=\"itemExtraFieldsValue\">PELIGROS MEC\u00c1NICOS, OPERACIONES BAJO TENSI\u00d3N<\/span><\/li>\n<\/ul>\n<p>Necesitas m\u00e1s productos encuentralos en nuestra\u00a0<a href=\"https:\/\/valesafety.com.pe\/tienda\">tienda\u00a0<\/a><\/p>\n<p>Para m\u00e1s informaci\u00f3n sobre este y otros productos, no dudes en contactarnos por\u00a0<a href=\"http:\/\/wa.me\/51923151009\" target=\"_blank\" rel=\"noopener\">WhatsApp<\/a>.<\/p>\n","protected":false},"excerpt":{"rendered":"<p><span class=\"OYPEnA font-feature-liga-off font-feature-clig-off font-feature-calt-off text-decoration-none text-strikethrough-none\">El Sobreguante Spro Diel\u00e9ctrico esta fabricado en badana color champagne. Brinda comodidad al ser flexible y suave al tacto Al ser anchos permiten el uso de guantes di\u00e9lectricos en su interior Posee una cinta autoreguladora para mayor ajuste. No contiene ning\u00fan elemento met\u00e1lico conductor de electricidad<\/span><\/p>\n","protected":false},"featured_media":4861,"comment_status":"closed","ping_status":"closed","template":"","meta":{"_acf_changed":false},"product_brand":[631],"product_cat":[59,113],"product_tag":[198],"class_list":{"0":"post-4805","1":"product","2":"type-product","3":"status-publish","4":"has-post-thumbnail","6":"product_brand-spro","7":"product_cat-proteccion-de-las-manos","8":"product_cat-ropa-ignifuga","9":"product_tag-guantes-de-seguridad","11":"first","12":"instock","13":"shipping-taxable","14":"purchasable","15":"product-type-simple"},"acf":[],"_links":{"self":[{"href":"https:\/\/valesafety.com.pe\/index.php?rest_route=\/wp\/v2\/product\/4805","targetHints":{"allow":["GET"]}}],"collection":[{"href":"https:\/\/valesafety.com.pe\/index.php?rest_route=\/wp\/v2\/product"}],"about":[{"href":"https:\/\/valesafety.com.pe\/index.php?rest_route=\/wp\/v2\/types\/product"}],"replies":[{"embeddable":true,"href":"https:\/\/valesafety.com.pe\/index.php?rest_route=%2Fwp%2Fv2%2Fcomments&post=4805"}],"wp:featuredmedia":[{"embeddable":true,"href":"https:\/\/valesafety.com.pe\/index.php?rest_route=\/wp\/v2\/media\/4861"}],"wp:attachment":[{"href":"https:\/\/valesafety.com.pe\/index.php?rest_route=%2Fwp%2Fv2%2Fmedia&parent=4805"}],"wp:term":[{"taxonomy":"product_brand","embeddable":true,"href":"https:\/\/valesafety.com.pe\/index.php?rest_route=%2Fwp%2Fv2%2Fproduct_brand&post=4805"},{"taxonomy":"product_cat","embeddable":true,"href":"https:\/\/valesafety.com.pe\/index.php?rest_route=%2Fwp%2Fv2%2Fproduct_cat&post=4805"},{"taxonomy":"product_tag","embeddable":true,"href":"https:\/\/valesafety.com.pe\/index.php?rest_route=%2Fwp%2Fv2%2Fproduct_tag&post=4805"}],"curies":[{"name":"wp","href":"https:\/\/api.w.org\/{rel}","templated":true}]}}