{"id":4789,"date":"2026-04-23T22:39:12","date_gmt":"2026-04-23T20:39:12","guid":{"rendered":"http:\/\/localhost\/borrador\/?post_type=product&#038;p=4789"},"modified":"2026-04-30T10:52:46","modified_gmt":"2026-04-30T15:52:46","slug":"inmovilizador-de-cabeza","status":"publish","type":"product","link":"https:\/\/valesafety.com.pe\/?product=inmovilizador-de-cabeza","title":{"rendered":"Inmovilizador de cabeza"},"content":{"rendered":"<h2><span class=\"OYPEnA font-feature-liga-off font-feature-clig-off font-feature-calt-off text-decoration-none text-strikethrough-none\">Inmovilizador de cabeza<\/span><\/h2>\n<ul>\n<li data-start=\"98\" data-end=\"211\"><strong data-start=\"100\" data-end=\"140\">Fabricado en espuma de alta densidad<\/strong> con recubrimiento engomado hidr\u00f3fugo, resistente y f\u00e1cil de limpiar.<\/li>\n<li data-start=\"212\" data-end=\"294\"><strong data-start=\"214\" data-end=\"241\">Ajustable y desmontable<\/strong> con velcro de alta duraci\u00f3n para un ajuste seguro.<\/li>\n<li data-start=\"295\" data-end=\"372\"><strong data-start=\"297\" data-end=\"324\">Material hipoalerg\u00e9nico<\/strong> , que no absorbe sangre ni fluidos corporales.<\/li>\n<li data-start=\"373\" data-end=\"453\"><strong data-start=\"375\" data-end=\"450\">Incluye base, dos almohadillas laterales y correas para ment\u00f3n y cabeza<\/strong> .<\/li>\n<li data-start=\"454\" data-end=\"563\"><strong data-start=\"456\" data-end=\"477\">Radiotransparente<\/strong> , compatible con <strong data-start=\"494\" data-end=\"541\">rayos X, resonancia magn\u00e9tica y tomograf\u00edas<\/strong> sin interferencias.<\/li>\n<li data-start=\"564\" data-end=\"663\" data-is-last-node=\"\"><strong data-start=\"566\" data-end=\"626\">Dise\u00f1o ergon\u00f3mico con orificios a la altura de los o\u00eddos<\/strong> , permitiendo un monitoreo m\u00e1s f\u00e1cil.<\/li>\n<\/ul>\n<p>Necesitas m\u00e1s productos encuentralos en nuestra\u00a0<a href=\"https:\/\/valesafety.com.pe\/tienda\">tienda\u00a0<\/a><\/p>\n<p>Para m\u00e1s informaci\u00f3n sobre este y otros productos, no dudes en contactarnos por\u00a0<a href=\"http:\/\/wa.me\/51923151009\" target=\"_blank\" rel=\"noopener\">WhatsApp<\/a>.<\/p>\n","protected":false},"excerpt":{"rendered":"<p>El <strong data-start=\"3\" data-end=\"38\">inmovilizador de cabeza<\/strong> es ideal para su uso en <strong data-start=\"63\" data-end=\"83\">tablas espinales<\/strong> , proporcionando estabilidad y comodidad al paciente. Est\u00e1 fabricado en <strong data-start=\"153\" data-end=\"205\">espuma de alta densidad con terminaci\u00f3n engomada<\/strong> , lo que garantiza una \u00f3ptima permeabilidad. Su <strong data-start=\"253\" data-end=\"297\">refuerzo acolchado en la parte posterior<\/strong> ayuda a reducir la incomodidad durante una inmovilizaci\u00f3n prolongada.<\/p>\n","protected":false},"featured_media":4848,"comment_status":"closed","ping_status":"closed","template":"","meta":{"_acf_changed":false},"product_brand":[],"product_cat":[50],"product_tag":[],"class_list":{"0":"post-4789","1":"product","2":"type-product","3":"status-publish","4":"has-post-thumbnail","6":"product_cat-equipos-de-emergencia","8":"first","9":"instock","10":"shipping-taxable","11":"purchasable","12":"product-type-simple"},"acf":[],"_links":{"self":[{"href":"https:\/\/valesafety.com.pe\/index.php?rest_route=\/wp\/v2\/product\/4789","targetHints":{"allow":["GET"]}}],"collection":[{"href":"https:\/\/valesafety.com.pe\/index.php?rest_route=\/wp\/v2\/product"}],"about":[{"href":"https:\/\/valesafety.com.pe\/index.php?rest_route=\/wp\/v2\/types\/product"}],"replies":[{"embeddable":true,"href":"https:\/\/valesafety.com.pe\/index.php?rest_route=%2Fwp%2Fv2%2Fcomments&post=4789"}],"wp:featuredmedia":[{"embeddable":true,"href":"https:\/\/valesafety.com.pe\/index.php?rest_route=\/wp\/v2\/media\/4848"}],"wp:attachment":[{"href":"https:\/\/valesafety.com.pe\/index.php?rest_route=%2Fwp%2Fv2%2Fmedia&parent=4789"}],"wp:term":[{"taxonomy":"product_brand","embeddable":true,"href":"https:\/\/valesafety.com.pe\/index.php?rest_route=%2Fwp%2Fv2%2Fproduct_brand&post=4789"},{"taxonomy":"product_cat","embeddable":true,"href":"https:\/\/valesafety.com.pe\/index.php?rest_route=%2Fwp%2Fv2%2Fproduct_cat&post=4789"},{"taxonomy":"product_tag","embeddable":true,"href":"https:\/\/valesafety.com.pe\/index.php?rest_route=%2Fwp%2Fv2%2Fproduct_tag&post=4789"}],"curies":[{"name":"wp","href":"https:\/\/api.w.org\/{rel}","templated":true}]}}