{"id":4788,"date":"2026-04-23T22:39:12","date_gmt":"2026-04-23T20:39:12","guid":{"rendered":"http:\/\/localhost\/borrador\/?post_type=product&#038;p=4788"},"modified":"2026-04-29T17:13:42","modified_gmt":"2026-04-29T22:13:42","slug":"correa-spider-para-camillas","status":"publish","type":"product","link":"https:\/\/valesafety.com.pe\/?product=correa-spider-para-camillas","title":{"rendered":"Correa Spider para Camillas"},"content":{"rendered":"<h2>Correa Spider para Camillas<\/h2>\n<ul>\n<li><span class=\"OYPEnA font-feature-liga-off font-feature-clig-off font-feature-calt-off text-decoration-none text-strikethrough-none\">Unidad Longitud de la correa: 112 cm<\/span><\/li>\n<li><span class=\"OYPEnA font-feature-liga-off font-feature-clig-off font-feature-calt-off text-decoration-none text-strikethrough-none\">Tama\u00f1o de plegado: 40 x 8 x 5cm<\/span><\/li>\n<li><span class=\"OYPEnA font-feature-liga-off font-feature-clig-off font-feature-calt-off text-decoration-none text-strikethrough-none\">Correa ancho: 5 cm<\/span><\/li>\n<li><span class=\"OYPEnA font-feature-liga-off font-feature-clig-off font-feature-calt-off text-decoration-none text-strikethrough-none\">Peso unidad: 0,25 Kg<\/span><\/li>\n<li><span class=\"OYPEnA font-feature-liga-off font-feature-clig-off font-feature-calt-off text-decoration-none text-strikethrough-none\">Peso GW: 14,1 Kg<\/span><\/li>\n<\/ul>\n<p>Necesitas m\u00e1s productos encuentralos en nuestra\u00a0<a href=\"https:\/\/valesafety.com.pe\/tienda\">tienda\u00a0<\/a><\/p>\n<p>Para m\u00e1s informaci\u00f3n sobre este y otros productos, no dudes en contactarnos por\u00a0<a href=\"http:\/\/wa.me\/51923151009\" target=\"_blank\" rel=\"noopener\">WhatsApp<\/a>.<\/p>\n","protected":false},"excerpt":{"rendered":"<p>La <strong data-start=\"3\" data-end=\"24\">correa tipo ara\u00f1a<\/strong> est\u00e1 dise\u00f1ada para inmovilizar de forma segura y c\u00f3moda a un paciente en una tabla espinal. Fabricada en <strong data-start=\"130\" data-end=\"167\">polipropileno de alta resistencia<\/strong> de 5 cm, cuenta con <strong data-start=\"188\" data-end=\"213\">colores diferenciados<\/strong> para una f\u00e1cil identificaci\u00f3n. Dispone de <strong data-start=\"256\" data-end=\"281\">12 puntos de sujeci\u00f3n<\/strong> con velcro de 5 cm en cada extremo, garantizando un ajuste firme y eficiente.<\/p>\n","protected":false},"featured_media":4847,"comment_status":"closed","ping_status":"closed","template":"","meta":{"_acf_changed":false},"product_brand":[],"product_cat":[50],"product_tag":[],"class_list":{"0":"post-4788","1":"product","2":"type-product","3":"status-publish","4":"has-post-thumbnail","6":"product_cat-equipos-de-emergencia","8":"first","9":"instock","10":"shipping-taxable","11":"purchasable","12":"product-type-simple"},"acf":[],"_links":{"self":[{"href":"https:\/\/valesafety.com.pe\/index.php?rest_route=\/wp\/v2\/product\/4788","targetHints":{"allow":["GET"]}}],"collection":[{"href":"https:\/\/valesafety.com.pe\/index.php?rest_route=\/wp\/v2\/product"}],"about":[{"href":"https:\/\/valesafety.com.pe\/index.php?rest_route=\/wp\/v2\/types\/product"}],"replies":[{"embeddable":true,"href":"https:\/\/valesafety.com.pe\/index.php?rest_route=%2Fwp%2Fv2%2Fcomments&post=4788"}],"wp:featuredmedia":[{"embeddable":true,"href":"https:\/\/valesafety.com.pe\/index.php?rest_route=\/wp\/v2\/media\/4847"}],"wp:attachment":[{"href":"https:\/\/valesafety.com.pe\/index.php?rest_route=%2Fwp%2Fv2%2Fmedia&parent=4788"}],"wp:term":[{"taxonomy":"product_brand","embeddable":true,"href":"https:\/\/valesafety.com.pe\/index.php?rest_route=%2Fwp%2Fv2%2Fproduct_brand&post=4788"},{"taxonomy":"product_cat","embeddable":true,"href":"https:\/\/valesafety.com.pe\/index.php?rest_route=%2Fwp%2Fv2%2Fproduct_cat&post=4788"},{"taxonomy":"product_tag","embeddable":true,"href":"https:\/\/valesafety.com.pe\/index.php?rest_route=%2Fwp%2Fv2%2Fproduct_tag&post=4788"}],"curies":[{"name":"wp","href":"https:\/\/api.w.org\/{rel}","templated":true}]}}