{"id":4785,"date":"2026-04-23T22:39:11","date_gmt":"2026-04-23T20:39:11","guid":{"rendered":"http:\/\/localhost\/borrador\/?post_type=product&#038;p=4785"},"modified":"2026-05-06T18:41:06","modified_gmt":"2026-05-06T23:41:06","slug":"mascara-de-soldador-pretul","status":"publish","type":"product","link":"https:\/\/valesafety.com.pe\/?product=mascara-de-soldador-pretul","title":{"rendered":"Mascara de Soldador Pretul"},"content":{"rendered":"<h2>Mascara de Soldador Pretul<\/h2>\n<ul>\n<li>Fabricada de polietileno<\/li>\n<li>Suspensi\u00f3n con ajuste de matraca de 5 posiciones<\/li>\n<li>2 sensores de arco para cambios de intensidad luminosa desde cualquier \u00e1ngulo<\/li>\n<li>Sensibilidad y retardo con ajuste de perilla<\/li>\n<li>Para uso semiprofesional (ligero)<\/li>\n<li>Indicador de bater\u00eda baja<\/li>\n<\/ul>\n<p>Necesitas m\u00e1s productos encuentralos en nuestra\u00a0<a href=\"https:\/\/valesafety.com.pe\/tienda\">tienda\u00a0<\/a><\/p>\n<p>Para m\u00e1s informaci\u00f3n sobre este y otros productos, no dudes en contactarnos por\u00a0<a href=\"http:\/\/wa.me\/51923151009\" target=\"_blank\" rel=\"noopener\">WhatsApp<\/a>.<\/p>\n","protected":false},"excerpt":{"rendered":"<p>M\u00e1scara de soldadura semiprofesional, fabricada en resistente polietileno. Cuenta con suspensi\u00f3n ajustable de matraca de 5 posiciones para un ajuste c\u00f3modo y seguro.<\/p>\n","protected":false},"featured_media":4834,"comment_status":"closed","ping_status":"closed","template":"","meta":{"_acf_changed":false},"product_brand":[643],"product_cat":[60],"product_tag":[],"class_list":{"0":"post-4785","1":"product","2":"type-product","3":"status-publish","4":"has-post-thumbnail","6":"product_brand-pretul","7":"product_cat-proteccion-de-soldador","9":"first","10":"instock","11":"shipping-taxable","12":"purchasable","13":"product-type-simple"},"acf":[],"_links":{"self":[{"href":"https:\/\/valesafety.com.pe\/index.php?rest_route=\/wp\/v2\/product\/4785","targetHints":{"allow":["GET"]}}],"collection":[{"href":"https:\/\/valesafety.com.pe\/index.php?rest_route=\/wp\/v2\/product"}],"about":[{"href":"https:\/\/valesafety.com.pe\/index.php?rest_route=\/wp\/v2\/types\/product"}],"replies":[{"embeddable":true,"href":"https:\/\/valesafety.com.pe\/index.php?rest_route=%2Fwp%2Fv2%2Fcomments&post=4785"}],"wp:featuredmedia":[{"embeddable":true,"href":"https:\/\/valesafety.com.pe\/index.php?rest_route=\/wp\/v2\/media\/4834"}],"wp:attachment":[{"href":"https:\/\/valesafety.com.pe\/index.php?rest_route=%2Fwp%2Fv2%2Fmedia&parent=4785"}],"wp:term":[{"taxonomy":"product_brand","embeddable":true,"href":"https:\/\/valesafety.com.pe\/index.php?rest_route=%2Fwp%2Fv2%2Fproduct_brand&post=4785"},{"taxonomy":"product_cat","embeddable":true,"href":"https:\/\/valesafety.com.pe\/index.php?rest_route=%2Fwp%2Fv2%2Fproduct_cat&post=4785"},{"taxonomy":"product_tag","embeddable":true,"href":"https:\/\/valesafety.com.pe\/index.php?rest_route=%2Fwp%2Fv2%2Fproduct_tag&post=4785"}],"curies":[{"name":"wp","href":"https:\/\/api.w.org\/{rel}","templated":true}]}}