{"id":4783,"date":"2026-04-23T22:39:11","date_gmt":"2026-04-23T20:39:11","guid":{"rendered":"http:\/\/localhost\/borrador\/?post_type=product&#038;p=4783"},"modified":"2026-04-29T16:55:09","modified_gmt":"2026-04-29T21:55:09","slug":"circulina-led-roja","status":"publish","type":"product","link":"https:\/\/valesafety.com.pe\/?product=circulina-led-roja","title":{"rendered":"Circulina LED Roja"},"content":{"rendered":"<h2>Circulina LED Roja<\/h2>\n<p>Se conecta directo al encendedor de su vehiculo emite DESTELLOS luminosos (30 Watts) base magn\u00e9tica disponible en color ROJO medidas: altura 13 cms x di\u00e1metro 16.5 cms alimentaci\u00f3n: 12 VDC , 200 mA. 90 flashes por minuto<\/p>\n<p>Necesitas m\u00e1s productos encuentralos en nuestra\u00a0<a href=\"https:\/\/valesafety.com.pe\/tienda\">tienda\u00a0<\/a><\/p>\n<p>Para m\u00e1s informaci\u00f3n sobre este y otros productos, no dudes en contactarnos por\u00a0<a href=\"http:\/\/wa.me\/51923151009\" target=\"_blank\" rel=\"noopener\">WhatsApp<\/a>.<\/p>\n","protected":false},"excerpt":{"rendered":"<p>Las circulina LED son luces de advertencia utilizadas principalmente en veh\u00edculos de emergencia, seguridad y trabajos viales. Sirven para: Se\u00f1alizaci\u00f3n, Visibilidad, Seguridad y Eficiencia.<\/p>\n","protected":false},"featured_media":4832,"comment_status":"closed","ping_status":"closed","template":"","meta":{"_acf_changed":false},"product_brand":[],"product_cat":[64],"product_tag":[],"class_list":{"0":"post-4783","1":"product","2":"type-product","3":"status-publish","4":"has-post-thumbnail","6":"product_cat-proteccion-vial","8":"first","9":"instock","10":"shipping-taxable","11":"purchasable","12":"product-type-simple"},"acf":[],"_links":{"self":[{"href":"https:\/\/valesafety.com.pe\/index.php?rest_route=\/wp\/v2\/product\/4783","targetHints":{"allow":["GET"]}}],"collection":[{"href":"https:\/\/valesafety.com.pe\/index.php?rest_route=\/wp\/v2\/product"}],"about":[{"href":"https:\/\/valesafety.com.pe\/index.php?rest_route=\/wp\/v2\/types\/product"}],"replies":[{"embeddable":true,"href":"https:\/\/valesafety.com.pe\/index.php?rest_route=%2Fwp%2Fv2%2Fcomments&post=4783"}],"wp:featuredmedia":[{"embeddable":true,"href":"https:\/\/valesafety.com.pe\/index.php?rest_route=\/wp\/v2\/media\/4832"}],"wp:attachment":[{"href":"https:\/\/valesafety.com.pe\/index.php?rest_route=%2Fwp%2Fv2%2Fmedia&parent=4783"}],"wp:term":[{"taxonomy":"product_brand","embeddable":true,"href":"https:\/\/valesafety.com.pe\/index.php?rest_route=%2Fwp%2Fv2%2Fproduct_brand&post=4783"},{"taxonomy":"product_cat","embeddable":true,"href":"https:\/\/valesafety.com.pe\/index.php?rest_route=%2Fwp%2Fv2%2Fproduct_cat&post=4783"},{"taxonomy":"product_tag","embeddable":true,"href":"https:\/\/valesafety.com.pe\/index.php?rest_route=%2Fwp%2Fv2%2Fproduct_tag&post=4783"}],"curies":[{"name":"wp","href":"https:\/\/api.w.org\/{rel}","templated":true}]}}