{"id":4781,"date":"2026-04-23T22:39:10","date_gmt":"2026-04-23T20:39:10","guid":{"rendered":"http:\/\/localhost\/borrador\/?post_type=product&#038;p=4781"},"modified":"2026-05-06T16:57:44","modified_gmt":"2026-05-06T21:57:44","slug":"guante-super-flex-clute","status":"publish","type":"product","link":"https:\/\/valesafety.com.pe\/?product=guante-super-flex-clute","title":{"rendered":"Guante Super Flex Clute"},"content":{"rendered":"<h2>Guante Super Flex Clute<\/h2>\n<ul>\n<li data-start=\"0\" data-end=\"63\"><strong data-start=\"2\" data-end=\"23\">Dise\u00f1o ergon\u00f3mico<\/strong> para m\u00e1xima comodidad y menor fatiga.<\/li>\n<li data-start=\"64\" data-end=\"119\"><strong data-start=\"66\" data-end=\"85\">Agarre superior<\/strong> en condiciones h\u00famedas y secas.<\/li>\n<li data-start=\"120\" data-end=\"170\"><strong data-start=\"122\" data-end=\"136\">Resistente<\/strong> a aceites, grasas y rasgaduras.<\/li>\n<li data-start=\"171\" data-end=\"249\"><strong data-start=\"173\" data-end=\"212\">Recubrimiento de l\u00e1tex sin silicona<\/strong>, con resistencia al corte nivel 2.<\/li>\n<li data-start=\"250\" data-end=\"305\"><strong data-start=\"252\" data-end=\"263\">Lavable<\/strong> para mayor durabilidad y productividad.<\/li>\n<li data-start=\"306\" data-end=\"371\"><strong data-start=\"308\" data-end=\"325\">Alta destreza<\/strong> (calificaci\u00f3n 5) para manipulaci\u00f3n precisa.<\/li>\n<li data-start=\"372\" data-end=\"398\"><strong data-start=\"374\" data-end=\"383\">Color<\/strong>: rojo\/negro.<\/li>\n<li data-start=\"399\" data-end=\"461\"><strong data-start=\"401\" data-end=\"411\">Tallas<\/strong>: 8\/M, 9\/L (pu\u00f1o el\u00e1stico codificado por color).<\/li>\n<li data-start=\"462\" data-end=\"521\"><strong data-start=\"464\" data-end=\"476\">Embalaje<\/strong>: 12 pares por paquete, 144 pares por caja.<\/li>\n<li data-start=\"522\" data-end=\"566\" data-is-last-node=\"\"><strong data-start=\"524\" data-end=\"533\">Marca<\/strong>: CLUTE<\/li>\n<\/ul>\n<p>Necesitas m\u00e1s productos encuentralos en nuestra\u00a0<a href=\"https:\/\/valesafety.com.pe\/tienda\">tienda\u00a0<\/a><\/p>\n<p>Para m\u00e1s informaci\u00f3n sobre este y otros productos, no dudes en contactarnos por\u00a0<a href=\"http:\/\/wa.me\/51923151009\" target=\"_blank\" rel=\"noopener\">WhatsApp<\/a>.<\/p>\n<p>&nbsp;<\/p>\n","protected":false},"excerpt":{"rendered":"<p>Los guantes de protecci\u00f3n SUPER FLEX de CLUTE recubiertos con l\u00e1tex corrugado, son los guantes de protecci\u00f3n industrial de uso general, ideales para proteger a las personas de los procesos ofreciendo un excelente nivel de agarre, destreza y comodidad.<\/p>\n","protected":false},"featured_media":4830,"comment_status":"closed","ping_status":"closed","template":"","meta":{"_acf_changed":false},"product_brand":[26],"product_cat":[91,92,59],"product_tag":[464],"class_list":{"0":"post-4781","1":"product","2":"type-product","3":"status-publish","4":"has-post-thumbnail","6":"product_brand-clute","7":"product_cat-guante-anticorte","8":"product_cat-guante-antideslizante","9":"product_cat-proteccion-de-las-manos","10":"product_tag-guante-clute","12":"first","13":"instock","14":"shipping-taxable","15":"purchasable","16":"product-type-simple"},"acf":[],"_links":{"self":[{"href":"https:\/\/valesafety.com.pe\/index.php?rest_route=\/wp\/v2\/product\/4781","targetHints":{"allow":["GET"]}}],"collection":[{"href":"https:\/\/valesafety.com.pe\/index.php?rest_route=\/wp\/v2\/product"}],"about":[{"href":"https:\/\/valesafety.com.pe\/index.php?rest_route=\/wp\/v2\/types\/product"}],"replies":[{"embeddable":true,"href":"https:\/\/valesafety.com.pe\/index.php?rest_route=%2Fwp%2Fv2%2Fcomments&post=4781"}],"wp:featuredmedia":[{"embeddable":true,"href":"https:\/\/valesafety.com.pe\/index.php?rest_route=\/wp\/v2\/media\/4830"}],"wp:attachment":[{"href":"https:\/\/valesafety.com.pe\/index.php?rest_route=%2Fwp%2Fv2%2Fmedia&parent=4781"}],"wp:term":[{"taxonomy":"product_brand","embeddable":true,"href":"https:\/\/valesafety.com.pe\/index.php?rest_route=%2Fwp%2Fv2%2Fproduct_brand&post=4781"},{"taxonomy":"product_cat","embeddable":true,"href":"https:\/\/valesafety.com.pe\/index.php?rest_route=%2Fwp%2Fv2%2Fproduct_cat&post=4781"},{"taxonomy":"product_tag","embeddable":true,"href":"https:\/\/valesafety.com.pe\/index.php?rest_route=%2Fwp%2Fv2%2Fproduct_tag&post=4781"}],"curies":[{"name":"wp","href":"https:\/\/api.w.org\/{rel}","templated":true}]}}