{"id":4771,"date":"2026-04-23T22:38:45","date_gmt":"2026-04-23T20:38:45","guid":{"rendered":"http:\/\/localhost\/borrador\/?post_type=product&#038;p=4771"},"modified":"2026-05-06T18:37:12","modified_gmt":"2026-05-06T23:37:12","slug":"mascara-fotosensible-sw-510","status":"publish","type":"product","link":"https:\/\/valesafety.com.pe\/?product=mascara-fotosensible-sw-510","title":{"rendered":"Mascara Fotosensible SW 510"},"content":{"rendered":"<h2>Mascara Fotosensible SW 510<\/h2>\n<div class=\"flex max-w-full flex-col flex-grow\">\n<div class=\"min-h-8 text-message flex w-full flex-col items-end gap-2 whitespace-normal break-words text-start [.text-message+&amp;]:mt-5\" dir=\"auto\" data-message-author-role=\"assistant\" data-message-id=\"00c7ca78-3da1-4500-b6d9-e2982d8775ed\" data-message-model-slug=\"gpt-4o\">\n<div class=\"flex w-full flex-col gap-1 empty:hidden first:pt-[3px]\">\n<div class=\"markdown prose w-full break-words dark:prose-invert dark\">\n<ul data-start=\"0\" data-end=\"289\" data-is-last-node=\"\">\n<li data-start=\"0\" data-end=\"57\">\n<p data-start=\"2\" data-end=\"57\"><strong data-start=\"2\" data-end=\"33\">Dise\u00f1o ergon\u00f3mico y liviano<\/strong> para mayor comodidad.<\/p>\n<\/li>\n<li data-start=\"59\" data-end=\"124\">\n<p data-start=\"61\" data-end=\"124\"><strong data-start=\"61\" data-end=\"98\">Fabricada en resina termopl\u00e1stica<\/strong>, resistente y duradera.<\/p>\n<\/li>\n<li data-start=\"126\" data-end=\"202\">\n<p data-start=\"128\" data-end=\"202\"><strong data-start=\"128\" data-end=\"147\">Arn\u00e9s ajustable<\/strong> en altura, per\u00edmetro y \u00e1ngulo para un ajuste seguro.<\/p>\n<\/li>\n<li data-start=\"204\" data-end=\"289\" data-is-last-node=\"\">\n<p data-start=\"206\" data-end=\"289\" data-is-last-node=\"\"><strong data-start=\"206\" data-end=\"229\">Filtro fotosensible<\/strong> de oscurecimiento autom\u00e1tico al detectar el arco el\u00e9ctrico.<\/p>\n<\/li>\n<\/ul>\n<\/div>\n<\/div>\n<\/div>\n<\/div>\n<div class=\"mb-2 flex gap-3 empty:hidden -ml-2\">\n<div class=\"items-center justify-start rounded-xl p-1 flex\"><\/div>\n<\/div>\n<p>Necesitas m\u00e1s productos encuentralos en nuestra\u00a0<a href=\"https:\/\/valesafety.com.pe\/tienda\">tienda\u00a0<\/a><\/p>\n<p>Para m\u00e1s informaci\u00f3n sobre este y otros productos, no dudes en contactarnos por\u00a0<a href=\"http:\/\/wa.me\/51923151009\" target=\"_blank\" rel=\"noopener\">WhatsApp<\/a>.<\/p>\n","protected":false},"excerpt":{"rendered":"<div class=\"flex max-w-full flex-col flex-grow\">\n<div class=\"min-h-8 text-message flex w-full flex-col items-end gap-2 whitespace-normal break-words text-start [.text-message+&amp;]:mt-5\" dir=\"auto\" data-message-author-role=\"assistant\" data-message-id=\"5061674d-1968-4f65-b858-67f5a5ac6dad\" data-message-model-slug=\"gpt-4o\">\n<div class=\"flex w-full flex-col gap-1 empty:hidden first:pt-[3px]\">\n<div class=\"markdown prose w-full break-words dark:prose-invert dark\">\n<p data-start=\"0\" data-end=\"196\" data-is-last-node=\"\">M\u00e1scara de soldar profesional de resina termopl\u00e1stica, con arn\u00e9s ajustable en altura, per\u00edmetro y \u00e1ngulo. Cuenta con filtro fotosensible de oscurecimiento autom\u00e1tico al detectar el arco el\u00e9ctrico.<\/p>\n<\/div>\n<\/div>\n<\/div>\n<\/div>\n","protected":false},"featured_media":4829,"comment_status":"closed","ping_status":"closed","template":"","meta":{"_acf_changed":false},"product_brand":[31],"product_cat":[60],"product_tag":[363,463],"class_list":{"0":"post-4771","1":"product","2":"type-product","3":"status-publish","4":"has-post-thumbnail","6":"product_brand-libus","7":"product_cat-proteccion-de-soldador","8":"product_tag-libus","9":"product_tag-mascara-de-soldador","11":"first","12":"instock","13":"shipping-taxable","14":"purchasable","15":"product-type-simple"},"acf":[],"_links":{"self":[{"href":"https:\/\/valesafety.com.pe\/index.php?rest_route=\/wp\/v2\/product\/4771","targetHints":{"allow":["GET"]}}],"collection":[{"href":"https:\/\/valesafety.com.pe\/index.php?rest_route=\/wp\/v2\/product"}],"about":[{"href":"https:\/\/valesafety.com.pe\/index.php?rest_route=\/wp\/v2\/types\/product"}],"replies":[{"embeddable":true,"href":"https:\/\/valesafety.com.pe\/index.php?rest_route=%2Fwp%2Fv2%2Fcomments&post=4771"}],"wp:featuredmedia":[{"embeddable":true,"href":"https:\/\/valesafety.com.pe\/index.php?rest_route=\/wp\/v2\/media\/4829"}],"wp:attachment":[{"href":"https:\/\/valesafety.com.pe\/index.php?rest_route=%2Fwp%2Fv2%2Fmedia&parent=4771"}],"wp:term":[{"taxonomy":"product_brand","embeddable":true,"href":"https:\/\/valesafety.com.pe\/index.php?rest_route=%2Fwp%2Fv2%2Fproduct_brand&post=4771"},{"taxonomy":"product_cat","embeddable":true,"href":"https:\/\/valesafety.com.pe\/index.php?rest_route=%2Fwp%2Fv2%2Fproduct_cat&post=4771"},{"taxonomy":"product_tag","embeddable":true,"href":"https:\/\/valesafety.com.pe\/index.php?rest_route=%2Fwp%2Fv2%2Fproduct_tag&post=4771"}],"curies":[{"name":"wp","href":"https:\/\/api.w.org\/{rel}","templated":true}]}}