{"id":4769,"date":"2026-04-23T22:38:45","date_gmt":"2026-04-23T20:38:45","guid":{"rendered":"http:\/\/localhost\/borrador\/?post_type=product&#038;p=4769"},"modified":"2026-05-06T16:12:41","modified_gmt":"2026-05-06T21:12:41","slug":"garrett-super-scanner","status":"publish","type":"product","link":"https:\/\/valesafety.com.pe\/?product=garrett-super-scanner","title":{"rendered":"Garrett Super Scanner"},"content":{"rendered":"<h2>Garrett Super Scanner<\/h2>\n<ul>\n<li data-start=\"0\" data-end=\"100\">\n<p data-start=\"2\" data-end=\"100\"><strong data-start=\"2\" data-end=\"21\">Autocalibraci\u00f3n<\/strong> : Su microprocesador digital elimina la necesidad de ajustes de sensibilidad.<\/p>\n<\/li>\n<li data-start=\"102\" data-end=\"202\">\n<p data-start=\"104\" data-end=\"202\"><strong data-start=\"104\" data-end=\"126\">Carcasa resistente<\/strong> : Fabricada en ABS de alto impacto con compartimiento de bobina reforzada.<\/p>\n<\/li>\n<li data-start=\"204\" data-end=\"293\">\n<p data-start=\"206\" data-end=\"293\"><strong data-start=\"206\" data-end=\"227\">Escaneo eficiente<\/strong> : Superficie de 8 pulgadas para una inspecci\u00f3n r\u00e1pida y precisa.<\/p>\n<\/li>\n<li data-start=\"295\" data-end=\"399\">\n<p data-start=\"297\" data-end=\"399\"><strong data-start=\"297\" data-end=\"320\">Alerta de detecci\u00f3n<\/strong> : Emite una fuerte alarma sonora y un LED rojo brillante al detectar metales.<\/p>\n<\/li>\n<li data-start=\"401\" data-end=\"492\">\n<p data-start=\"403\" data-end=\"492\"><strong data-start=\"403\" data-end=\"422\">Bot\u00f3n de ajuste<\/strong> : Permite bloquear temporalmente interferencias de metales cercanos.<\/p>\n<\/li>\n<li data-start=\"494\" data-end=\"571\" data-is-last-node=\"\">\n<p data-start=\"496\" data-end=\"571\" data-is-last-node=\"\"><strong data-start=\"496\" data-end=\"513\">Indicador LED<\/strong> : Verde (encendido), \u00e1mbar (bater\u00eda baja) y rojo (alarma).<\/p>\n<\/li>\n<\/ul>\n<p>Necesitas m\u00e1s productos encuentralos en nuestra\u00a0<a href=\"https:\/\/valesafety.com.pe\/tienda\">tienda\u00a0<\/a><\/p>\n<p>Para m\u00e1s informaci\u00f3n sobre este y otros productos, no dudes en contactarnos por\u00a0<a href=\"http:\/\/wa.me\/51923151009\" target=\"_blank\" rel=\"noopener\">WhatsApp<\/a>.<\/p>\n","protected":false},"excerpt":{"rendered":"<p>Garrett Super Scanner detecta metales con precisi\u00f3n: pistolas de 22 cm, navajas de 15 cm y hasta alfileres de 2,5 cm. Su bater\u00eda de 9V se cambia sin herramientas. Tambi\u00e9n disponible en versi\u00f3n recargable.<\/p>\n","protected":false},"featured_media":4827,"comment_status":"closed","ping_status":"closed","template":"","meta":{"_acf_changed":false},"product_brand":[635],"product_cat":[50],"product_tag":[461,462],"class_list":{"0":"post-4769","1":"product","2":"type-product","3":"status-publish","4":"has-post-thumbnail","6":"product_brand-garrett","7":"product_cat-equipos-de-emergencia","8":"product_tag-detector-de-metal","9":"product_tag-garret-scanner","11":"first","12":"instock","13":"shipping-taxable","14":"purchasable","15":"product-type-simple"},"acf":[],"_links":{"self":[{"href":"https:\/\/valesafety.com.pe\/index.php?rest_route=\/wp\/v2\/product\/4769","targetHints":{"allow":["GET"]}}],"collection":[{"href":"https:\/\/valesafety.com.pe\/index.php?rest_route=\/wp\/v2\/product"}],"about":[{"href":"https:\/\/valesafety.com.pe\/index.php?rest_route=\/wp\/v2\/types\/product"}],"replies":[{"embeddable":true,"href":"https:\/\/valesafety.com.pe\/index.php?rest_route=%2Fwp%2Fv2%2Fcomments&post=4769"}],"wp:featuredmedia":[{"embeddable":true,"href":"https:\/\/valesafety.com.pe\/index.php?rest_route=\/wp\/v2\/media\/4827"}],"wp:attachment":[{"href":"https:\/\/valesafety.com.pe\/index.php?rest_route=%2Fwp%2Fv2%2Fmedia&parent=4769"}],"wp:term":[{"taxonomy":"product_brand","embeddable":true,"href":"https:\/\/valesafety.com.pe\/index.php?rest_route=%2Fwp%2Fv2%2Fproduct_brand&post=4769"},{"taxonomy":"product_cat","embeddable":true,"href":"https:\/\/valesafety.com.pe\/index.php?rest_route=%2Fwp%2Fv2%2Fproduct_cat&post=4769"},{"taxonomy":"product_tag","embeddable":true,"href":"https:\/\/valesafety.com.pe\/index.php?rest_route=%2Fwp%2Fv2%2Fproduct_tag&post=4769"}],"curies":[{"name":"wp","href":"https:\/\/api.w.org\/{rel}","templated":true}]}}