{"id":4765,"date":"2026-04-23T22:38:45","date_gmt":"2026-04-23T20:38:45","guid":{"rendered":"http:\/\/localhost\/borrador\/?post_type=product&#038;p=4765"},"modified":"2026-04-30T10:52:51","modified_gmt":"2026-04-30T15:52:51","slug":"lampara-minera-gloria","status":"publish","type":"product","link":"https:\/\/valesafety.com.pe\/?product=lampara-minera-gloria","title":{"rendered":"Lampara Minera Gloria"},"content":{"rendered":"<h2>Lampara Minera Gloria<\/h2>\n<ul>\n<li data-start=\"0\" data-end=\"32\">Tensi\u00f3n de la bater\u00eda: 3.6 V<\/li>\n<li data-start=\"33\" data-end=\"56\">Capacidad: 6500 mAh<\/li>\n<li data-start=\"57\" data-end=\"92\">Tiempo de iluminaci\u00f3n: 17 horas<\/li>\n<li data-start=\"93\" data-end=\"108\">Peso: 500 g<\/li>\n<li data-start=\"109\" data-end=\"129\">Brillo: 3500 lux<\/li>\n<li data-start=\"130\" data-end=\"161\" data-is-last-node=\"\">Tiempo de carga: 8 \u2013 10 horas<\/li>\n<\/ul>\n<p>Necesitas m\u00e1s productos encu\u00e9ntralos en nuestra <a href=\"https:\/\/valesafety.com.pe\/tienda\">tienda\u00a0<\/a><\/p>\n<p>Para m\u00e1s informaci\u00f3n sobre este y otros productos, no dudes en contactarnos por <a href=\"http:\/\/wa.me\/51923151009\" target=\"_blank\" rel=\"noopener\">WhatsApp<\/a>.<\/p>\n<p>&nbsp;<\/p>\n","protected":false},"excerpt":{"rendered":"<p>Este dispositivo compacto, ergon\u00f3mico y de alto brillo ofrece una confiabilidad excepcional. Es resistente al agua, al polvo y al fuego, adem\u00e1s de soportar ca\u00eddas y garantizar una larga duraci\u00f3n. Su dise\u00f1o vers\u00e1til permite usarlo con o sin casco, e incluye un soporte de manos libres para mayor comodidad.<\/p>\n","protected":false},"featured_media":4814,"comment_status":"closed","ping_status":"closed","template":"","meta":{"_acf_changed":false},"product_brand":[],"product_cat":[54],"product_tag":[],"class_list":{"0":"post-4765","1":"product","2":"type-product","3":"status-publish","4":"has-post-thumbnail","6":"product_cat-linternas","8":"first","9":"instock","10":"shipping-taxable","11":"purchasable","12":"product-type-simple"},"acf":[],"_links":{"self":[{"href":"https:\/\/valesafety.com.pe\/index.php?rest_route=\/wp\/v2\/product\/4765","targetHints":{"allow":["GET"]}}],"collection":[{"href":"https:\/\/valesafety.com.pe\/index.php?rest_route=\/wp\/v2\/product"}],"about":[{"href":"https:\/\/valesafety.com.pe\/index.php?rest_route=\/wp\/v2\/types\/product"}],"replies":[{"embeddable":true,"href":"https:\/\/valesafety.com.pe\/index.php?rest_route=%2Fwp%2Fv2%2Fcomments&post=4765"}],"wp:featuredmedia":[{"embeddable":true,"href":"https:\/\/valesafety.com.pe\/index.php?rest_route=\/wp\/v2\/media\/4814"}],"wp:attachment":[{"href":"https:\/\/valesafety.com.pe\/index.php?rest_route=%2Fwp%2Fv2%2Fmedia&parent=4765"}],"wp:term":[{"taxonomy":"product_brand","embeddable":true,"href":"https:\/\/valesafety.com.pe\/index.php?rest_route=%2Fwp%2Fv2%2Fproduct_brand&post=4765"},{"taxonomy":"product_cat","embeddable":true,"href":"https:\/\/valesafety.com.pe\/index.php?rest_route=%2Fwp%2Fv2%2Fproduct_cat&post=4765"},{"taxonomy":"product_tag","embeddable":true,"href":"https:\/\/valesafety.com.pe\/index.php?rest_route=%2Fwp%2Fv2%2Fproduct_tag&post=4765"}],"curies":[{"name":"wp","href":"https:\/\/api.w.org\/{rel}","templated":true}]}}