{"id":4752,"date":"2026-04-23T22:38:18","date_gmt":"2026-04-23T20:38:18","guid":{"rendered":"http:\/\/localhost\/borrador\/?post_type=product&#038;p=4752"},"modified":"2026-04-29T16:34:02","modified_gmt":"2026-04-29T21:34:02","slug":"chaleco-salvavidas-con-cuello","status":"publish","type":"product","link":"https:\/\/valesafety.com.pe\/?product=chaleco-salvavidas-con-cuello","title":{"rendered":"Chaleco salvavidas con cuello"},"content":{"rendered":"<h2><strong>Chaleco salvavidas con cuello<\/strong><\/h2>\n<ul>\n<li>Fabricado con relleno de espuma de polietileno en capas, una espuma de celdas cerradas que impide la absorci\u00f3n de l\u00edquidos.<\/li>\n<li>Equipado con broches de cierre y correas ajustables tipo mochila elaboradas en poli\u00e9ster.<\/li>\n<li><strong>Material:<\/strong> Tela Oxford con relleno de espuma de polietileno y correas de poli\u00e9ster al 100%.<\/li>\n<li><strong>Densidad de la espuma:<\/strong> 3 mm.<\/li>\n<li><strong>Dimensiones:<\/strong> 77 cm de alto x 66 cm de ancho.<\/li>\n<li>Clasificado como salvavidas Tipo II \u2013 AN O.<\/li>\n<\/ul>\n<p>Necesitas m\u00e1s productos encuentralos en nuestra <a href=\"https:\/\/valesafety.com.pe\/tienda\">tienda\u00a0<\/a><\/p>\n<p>Para m\u00e1s informaci\u00f3n sobre este y otros productos, no dudes en contactarnos por <a href=\"http:\/\/wa.me\/51924339827\" target=\"_blank\" rel=\"noopener\">WhatsApp<\/a>.<\/p>\n","protected":false},"excerpt":{"rendered":"<p>El Chaleco salvavidas con cuello elaborado con relleno de espuma de polietileno en capas, de celdas cerradas para evitar la absorci\u00f3n de l\u00edquidos, con broches de cierre y correas ajustables tipo mochila en poli\u00e9ster, adem\u00e1s de un mecanismo frontal que garantiza una sujeci\u00f3n segura en la parte posterior.<\/p>\n","protected":false},"featured_media":4810,"comment_status":"closed","ping_status":"closed","template":"","meta":{"_acf_changed":false},"product_brand":[],"product_cat":[61],"product_tag":[],"class_list":{"0":"post-4752","1":"product","2":"type-product","3":"status-publish","4":"has-post-thumbnail","6":"product_cat-proteccion-maritima","8":"first","9":"instock","10":"shipping-taxable","11":"purchasable","12":"product-type-simple"},"acf":[],"_links":{"self":[{"href":"https:\/\/valesafety.com.pe\/index.php?rest_route=\/wp\/v2\/product\/4752","targetHints":{"allow":["GET"]}}],"collection":[{"href":"https:\/\/valesafety.com.pe\/index.php?rest_route=\/wp\/v2\/product"}],"about":[{"href":"https:\/\/valesafety.com.pe\/index.php?rest_route=\/wp\/v2\/types\/product"}],"replies":[{"embeddable":true,"href":"https:\/\/valesafety.com.pe\/index.php?rest_route=%2Fwp%2Fv2%2Fcomments&post=4752"}],"wp:featuredmedia":[{"embeddable":true,"href":"https:\/\/valesafety.com.pe\/index.php?rest_route=\/wp\/v2\/media\/4810"}],"wp:attachment":[{"href":"https:\/\/valesafety.com.pe\/index.php?rest_route=%2Fwp%2Fv2%2Fmedia&parent=4752"}],"wp:term":[{"taxonomy":"product_brand","embeddable":true,"href":"https:\/\/valesafety.com.pe\/index.php?rest_route=%2Fwp%2Fv2%2Fproduct_brand&post=4752"},{"taxonomy":"product_cat","embeddable":true,"href":"https:\/\/valesafety.com.pe\/index.php?rest_route=%2Fwp%2Fv2%2Fproduct_cat&post=4752"},{"taxonomy":"product_tag","embeddable":true,"href":"https:\/\/valesafety.com.pe\/index.php?rest_route=%2Fwp%2Fv2%2Fproduct_tag&post=4752"}],"curies":[{"name":"wp","href":"https:\/\/api.w.org\/{rel}","templated":true}]}}