{"id":4751,"date":"2026-04-23T22:38:18","date_gmt":"2026-04-23T20:38:18","guid":{"rendered":"http:\/\/localhost\/borrador\/?post_type=product&#038;p=4751"},"modified":"2026-05-06T17:10:47","modified_gmt":"2026-05-06T22:10:47","slug":"guantes-pesados-aramida-aluminizada","status":"publish","type":"product","link":"https:\/\/valesafety.com.pe\/?product=guantes-pesados-aramida-aluminizada","title":{"rendered":"Guantes pesados Aramida Aluminizada"},"content":{"rendered":"<h2>Guantes pesados Aramida Aluminizada<\/h2>\n<p data-start=\"127\" data-end=\"453\">Los guantes fabricados con tela aramida aluminizada ofrecen una alta protecci\u00f3n t\u00e9rmica, reflejando hasta el 95% del calor radiante y reduciendo m\u00e1s del 50% del calor por convecci\u00f3n.<br data-start=\"313\" data-end=\"316\" \/>Gracias a su aislamiento especial, brindan una excelente defensa frente al calor por contacto, chispas y salpicaduras de metal fundido.<\/p>\n<p data-start=\"455\" data-end=\"763\">En comparaci\u00f3n con el ray\u00f3n aluminizado, la aramida aluminizada proporciona mayor durabilidad y una resistencia tres veces superior frente a cortes y desgarros.<br data-start=\"615\" data-end=\"618\" \/>Adem\u00e1s, ofrecen una eficaz protecci\u00f3n contra riesgos mec\u00e1nicos, especialmente en toda la zona de la mano, donde resisten cortes y laceraciones.<\/p>\n<p data-start=\"765\" data-end=\"928\">Las costuras est\u00e1n reforzadas con hilo Kevlar de DuPont en doble pespunte, lo que asegura el rendimiento del guante incluso bajo condiciones de altas temperaturas.<\/p>\n<p>Necesitas m\u00e1s productos encu\u00e9ntralos en nuestra <a href=\"https:\/\/valesafety.com.pe\/tienda\">tienda .<\/a><\/p>\n<p>Para m\u00e1s informaci\u00f3n sobre este y otros productos, no dudes en contactarnos por\u00a0<a href=\"http:\/\/wa.me\/977762682\" target=\"_blank\" rel=\"noopener\">WhatsApp<\/a>.<\/p>\n","protected":false},"excerpt":{"rendered":"<p>Guante Tipo A &#8211; Modelo americano de Pulgar de ala, palma, dedos y dorso de tela de para-aramida aluminizada<\/p>\n<p>Falda de tela de Rayon Aluminizado 100% tela (Twill) de aramida aluminizada en mano, falda de rayo aluminizado con certificaciones NFPA 1971-2007\u00a0 \/ EN 531<\/p>\n","protected":false},"featured_media":4809,"comment_status":"closed","ping_status":"closed","template":"","meta":{"_acf_changed":false},"product_brand":[641],"product_cat":[59],"product_tag":[],"class_list":{"0":"post-4751","1":"product","2":"type-product","3":"status-publish","4":"has-post-thumbnail","6":"product_brand-kevlar","7":"product_cat-proteccion-de-las-manos","9":"first","10":"instock","11":"shipping-taxable","12":"purchasable","13":"product-type-simple"},"acf":[],"_links":{"self":[{"href":"https:\/\/valesafety.com.pe\/index.php?rest_route=\/wp\/v2\/product\/4751","targetHints":{"allow":["GET"]}}],"collection":[{"href":"https:\/\/valesafety.com.pe\/index.php?rest_route=\/wp\/v2\/product"}],"about":[{"href":"https:\/\/valesafety.com.pe\/index.php?rest_route=\/wp\/v2\/types\/product"}],"replies":[{"embeddable":true,"href":"https:\/\/valesafety.com.pe\/index.php?rest_route=%2Fwp%2Fv2%2Fcomments&post=4751"}],"wp:featuredmedia":[{"embeddable":true,"href":"https:\/\/valesafety.com.pe\/index.php?rest_route=\/wp\/v2\/media\/4809"}],"wp:attachment":[{"href":"https:\/\/valesafety.com.pe\/index.php?rest_route=%2Fwp%2Fv2%2Fmedia&parent=4751"}],"wp:term":[{"taxonomy":"product_brand","embeddable":true,"href":"https:\/\/valesafety.com.pe\/index.php?rest_route=%2Fwp%2Fv2%2Fproduct_brand&post=4751"},{"taxonomy":"product_cat","embeddable":true,"href":"https:\/\/valesafety.com.pe\/index.php?rest_route=%2Fwp%2Fv2%2Fproduct_cat&post=4751"},{"taxonomy":"product_tag","embeddable":true,"href":"https:\/\/valesafety.com.pe\/index.php?rest_route=%2Fwp%2Fv2%2Fproduct_tag&post=4751"}],"curies":[{"name":"wp","href":"https:\/\/api.w.org\/{rel}","templated":true}]}}