{"id":4749,"date":"2026-04-23T22:38:17","date_gmt":"2026-04-23T20:38:17","guid":{"rendered":"http:\/\/localhost\/borrador\/?post_type=product&#038;p=4749"},"modified":"2026-04-29T12:18:09","modified_gmt":"2026-04-29T17:18:09","slug":"aro-salvavidas-de-cinta-reflectiva","status":"publish","type":"product","link":"https:\/\/valesafety.com.pe\/?product=aro-salvavidas-de-cinta-reflectiva","title":{"rendered":"Aro Salvavidas de Cinta Reflectiva"},"content":{"rendered":"<h2>Aro Salvavidas de Cinta Reflectiva<\/h2>\n<table>\n<tbody>\n<tr>\n<td>Tipo:<\/td>\n<td>2.5 KG<\/td>\n<\/tr>\n<tr>\n<td>Tama\u00f1o:<\/td>\n<td>7 x 2 x 1.3 cm<\/td>\n<\/tr>\n<tr>\n<td>Diametro interno:<\/td>\n<td>440 mm<\/td>\n<\/tr>\n<tr>\n<td>Flotabilidad:<\/td>\n<td>14.5 kg<\/td>\n<\/tr>\n<\/tbody>\n<\/table>\n<p>Necesitas m\u00e1s productos encu\u00e9ntralos en nuestra <a href=\"https:\/\/valesafety.com.pe\/tienda\">tienda .<\/a><\/p>\n<p>Para m\u00e1s informaci\u00f3n sobre este y otros productos, no dudes en contactarnos por\u00a0<a href=\"http:\/\/wa.me\/977762682\" target=\"_blank\" rel=\"noopener\">WhatsApp<\/a>.<\/p>\n","protected":false},"excerpt":{"rendered":"<p><span class=\"OYPEnA font-feature-liga-off font-feature-clig-off font-feature-calt-off text-decoration-none text-strikethrough-none\">Un salvavidas, o aro salvavidas, es un dispositivo flotante indispensable seg\u00fan convenios internacionales de seguridad mar\u00edtima. Forma parte del equipo obligatorio en barcos, yates y otras embarcaciones, dise\u00f1ado para rescatar n\u00e1ufragos o personas desaparecidas en el agua, manteni\u00e9ndolas a flote y evitando el riesgo de ahogamiento.<\/span><\/p>\n","protected":false},"featured_media":4798,"comment_status":"closed","ping_status":"closed","template":"","meta":{"_acf_changed":false},"product_brand":[],"product_cat":[459],"product_tag":[],"class_list":{"0":"post-4749","1":"product","2":"type-product","3":"status-publish","4":"has-post-thumbnail","6":"product_cat-proteccion-maritima-2","8":"first","9":"instock","10":"shipping-taxable","11":"purchasable","12":"product-type-simple"},"acf":[],"_links":{"self":[{"href":"https:\/\/valesafety.com.pe\/index.php?rest_route=\/wp\/v2\/product\/4749","targetHints":{"allow":["GET"]}}],"collection":[{"href":"https:\/\/valesafety.com.pe\/index.php?rest_route=\/wp\/v2\/product"}],"about":[{"href":"https:\/\/valesafety.com.pe\/index.php?rest_route=\/wp\/v2\/types\/product"}],"replies":[{"embeddable":true,"href":"https:\/\/valesafety.com.pe\/index.php?rest_route=%2Fwp%2Fv2%2Fcomments&post=4749"}],"wp:featuredmedia":[{"embeddable":true,"href":"https:\/\/valesafety.com.pe\/index.php?rest_route=\/wp\/v2\/media\/4798"}],"wp:attachment":[{"href":"https:\/\/valesafety.com.pe\/index.php?rest_route=%2Fwp%2Fv2%2Fmedia&parent=4749"}],"wp:term":[{"taxonomy":"product_brand","embeddable":true,"href":"https:\/\/valesafety.com.pe\/index.php?rest_route=%2Fwp%2Fv2%2Fproduct_brand&post=4749"},{"taxonomy":"product_cat","embeddable":true,"href":"https:\/\/valesafety.com.pe\/index.php?rest_route=%2Fwp%2Fv2%2Fproduct_cat&post=4749"},{"taxonomy":"product_tag","embeddable":true,"href":"https:\/\/valesafety.com.pe\/index.php?rest_route=%2Fwp%2Fv2%2Fproduct_tag&post=4749"}],"curies":[{"name":"wp","href":"https:\/\/api.w.org\/{rel}","templated":true}]}}