{"id":4748,"date":"2026-04-23T22:38:17","date_gmt":"2026-04-23T20:38:17","guid":{"rendered":"http:\/\/localhost\/borrador\/?post_type=product&#038;p=4748"},"modified":"2026-04-29T18:17:37","modified_gmt":"2026-04-29T23:17:37","slug":"escarpin-cuero-cromo","status":"publish","type":"product","link":"https:\/\/valesafety.com.pe\/?product=escarpin-cuero-cromo","title":{"rendered":"Escarpin Cuero Cromo"},"content":{"rendered":"<h2>Escarpin Cuero Cromo<\/h2>\n<ul>\n<li><span class=\"OYPEnA font-feature-liga-off font-feature-clig-off font-feature-calt-off text-decoration-none text-strikethrough-none\">Material: Cuero Cromo<\/span><\/li>\n<li><span class=\"OYPEnA font-feature-liga-off font-feature-clig-off font-feature-calt-off text-decoration-none text-strikethrough-none\">Marca: Niko Industrial<\/span><\/li>\n<li><span class=\"OYPEnA font-feature-liga-off font-feature-clig-off font-feature-calt-off text-decoration-none text-strikethrough-none\">Largo Frontal: 9.5\u2033<\/span><\/li>\n<li><span class=\"OYPEnA font-feature-liga-off font-feature-clig-off font-feature-calt-off text-decoration-none text-strikethrough-none\">Ancho Base: 9.5\u2033<\/span><\/li>\n<li><span class=\"OYPEnA font-feature-liga-off font-feature-clig-off font-feature-calt-off text-decoration-none text-strikethrough-none\">Espesor: 1.4 \u2013 1.6 mm<\/span><\/li>\n<li><span class=\"OYPEnA font-feature-liga-off font-feature-clig-off font-feature-calt-off text-decoration-none text-strikethrough-none\">Cocido: Hilo Nylon<\/span><\/li>\n<li><span class=\"OYPEnA font-feature-liga-off font-feature-clig-off font-feature-calt-off text-decoration-none text-strikethrough-none\">Ajuste Dorso: Tira Con Regulador<\/span><\/li>\n<li><span class=\"OYPEnA font-feature-liga-off font-feature-clig-off font-feature-calt-off text-decoration-none text-strikethrough-none\">Ajuste Puntera: Tira Con Regulador<\/span><\/li>\n<li><span class=\"OYPEnA font-feature-liga-off font-feature-clig-off font-feature-calt-off text-decoration-none text-strikethrough-none\">Peso: 0.260 kg<\/span><\/li>\n<li><span class=\"OYPEnA font-feature-liga-off font-feature-clig-off font-feature-calt-off text-decoration-none text-strikethrough-none\">Dimensiones: 29 \u00d7 19 \u00d7 16 cm<\/span><\/li>\n<\/ul>\n<p>Necesitas m\u00e1s productos encuentralos en nuestra <a href=\"https:\/\/valesafety.com.pe\/tienda\">tienda\u00a0<\/a><\/p>\n<p>Para m\u00e1s informaci\u00f3n sobre este y otros productos, no dudes en contactarnos por <a href=\"http:\/\/wa.me\/51924339827\" target=\"_blank\" rel=\"noopener\">WhatsApp<\/a>.<\/p>\n","protected":false},"excerpt":{"rendered":"<p>Dise\u00f1o de ca\u00f1a alta con pocas costuras para mayor protecci\u00f3n y durabilidad. Incluye hebilla met\u00e1lica de r\u00e1pido desprendimiento y correa de cuero con remaches para fijaci\u00f3n segura en el taco. Proporciona una excelente barrera contra chispas y salpicaduras de metal.<\/p>\n","protected":false},"featured_media":4797,"comment_status":"closed","ping_status":"closed","template":"","meta":{"_acf_changed":false},"product_brand":[],"product_cat":[108,66,67],"product_tag":[],"class_list":{"0":"post-4748","1":"product","2":"type-product","3":"status-publish","4":"has-post-thumbnail","6":"product_cat-cuero-cromo","7":"product_cat-ropa-de-seguridad","8":"product_cat-ropa-de-trabajo","10":"first","11":"instock","12":"shipping-taxable","13":"purchasable","14":"product-type-simple"},"acf":[],"_links":{"self":[{"href":"https:\/\/valesafety.com.pe\/index.php?rest_route=\/wp\/v2\/product\/4748","targetHints":{"allow":["GET"]}}],"collection":[{"href":"https:\/\/valesafety.com.pe\/index.php?rest_route=\/wp\/v2\/product"}],"about":[{"href":"https:\/\/valesafety.com.pe\/index.php?rest_route=\/wp\/v2\/types\/product"}],"replies":[{"embeddable":true,"href":"https:\/\/valesafety.com.pe\/index.php?rest_route=%2Fwp%2Fv2%2Fcomments&post=4748"}],"wp:featuredmedia":[{"embeddable":true,"href":"https:\/\/valesafety.com.pe\/index.php?rest_route=\/wp\/v2\/media\/4797"}],"wp:attachment":[{"href":"https:\/\/valesafety.com.pe\/index.php?rest_route=%2Fwp%2Fv2%2Fmedia&parent=4748"}],"wp:term":[{"taxonomy":"product_brand","embeddable":true,"href":"https:\/\/valesafety.com.pe\/index.php?rest_route=%2Fwp%2Fv2%2Fproduct_brand&post=4748"},{"taxonomy":"product_cat","embeddable":true,"href":"https:\/\/valesafety.com.pe\/index.php?rest_route=%2Fwp%2Fv2%2Fproduct_cat&post=4748"},{"taxonomy":"product_tag","embeddable":true,"href":"https:\/\/valesafety.com.pe\/index.php?rest_route=%2Fwp%2Fv2%2Fproduct_tag&post=4748"}],"curies":[{"name":"wp","href":"https:\/\/api.w.org\/{rel}","templated":true}]}}