{"id":4734,"date":"2026-04-23T22:37:48","date_gmt":"2026-04-23T20:37:48","guid":{"rendered":"http:\/\/localhost\/borrador\/?post_type=product&#038;p=4734"},"modified":"2026-04-30T12:54:54","modified_gmt":"2026-04-30T17:54:54","slug":"pantalon-drill-con-cinta-reflectiva","status":"publish","type":"product","link":"https:\/\/valesafety.com.pe\/?product=pantalon-drill-con-cinta-reflectiva","title":{"rendered":"Pantal\u00f3n Drill con Cinta Reflectiva"},"content":{"rendered":"<h2>Pantal\u00f3n Drill con Cinta Reflectiva<\/h2>\n<ul>\n<li><strong>Material:<\/strong> Tela drill tecnolog\u00eda 100%, resistente y duradera.<\/li>\n<li><strong>Cinta reflectiva:<\/strong> Coreana, disponible en 2 pulgadas o 1.5 pulgadas, con doble contorno en cada pierna para mayor visibilidad.<\/li>\n<li><strong>Bolsillos:<\/strong>\n<ul>\n<li>Tipo parche en la parte posterior y delantera.<\/li>\n<li>Tipo cargo en los costados para mayor funcionalidad.<\/li>\n<\/ul>\n<\/li>\n<li><strong>Tallas:<\/strong> Disponibles en medidas nacionales industriales, adecuadas para distintos usos laborales<\/li>\n<\/ul>\n<p>Necesitas m\u00e1s productos encuentralos en nuestra <a href=\"https:\/\/valesafety.com.pe\/tienda\">tienda\u00a0<\/a><\/p>\n<p>Para m\u00e1s informaci\u00f3n sobre este y otros productos, no dudes en contactarnos por <a href=\"http:\/\/wa.me\/51924339827\" target=\"_blank\" rel=\"noopener\">WhatsApp<\/a>.<\/p>\n","protected":false},"excerpt":{"rendered":"<p>El Pantal\u00f3n Drill con Cinta Reflectiva est\u00e1 dise\u00f1ado para ser resistente a las llamas, brinda protecci\u00f3n contra los efectos t\u00e9rmicos del arco el\u00e9ctrico y mantiene su resistencia a las llamas a lo largo de toda su vida \u00fatil<\/p>\n","protected":false},"featured_media":4795,"comment_status":"closed","ping_status":"closed","template":"","meta":{"_acf_changed":false},"product_brand":[],"product_cat":[111,67],"product_tag":[],"class_list":{"0":"post-4734","1":"product","2":"type-product","3":"status-publish","4":"has-post-thumbnail","6":"product_cat-ropa-con-cinta-reflectiva","7":"product_cat-ropa-de-trabajo","9":"first","10":"instock","11":"shipping-taxable","12":"purchasable","13":"product-type-simple"},"acf":[],"_links":{"self":[{"href":"https:\/\/valesafety.com.pe\/index.php?rest_route=\/wp\/v2\/product\/4734","targetHints":{"allow":["GET"]}}],"collection":[{"href":"https:\/\/valesafety.com.pe\/index.php?rest_route=\/wp\/v2\/product"}],"about":[{"href":"https:\/\/valesafety.com.pe\/index.php?rest_route=\/wp\/v2\/types\/product"}],"replies":[{"embeddable":true,"href":"https:\/\/valesafety.com.pe\/index.php?rest_route=%2Fwp%2Fv2%2Fcomments&post=4734"}],"wp:featuredmedia":[{"embeddable":true,"href":"https:\/\/valesafety.com.pe\/index.php?rest_route=\/wp\/v2\/media\/4795"}],"wp:attachment":[{"href":"https:\/\/valesafety.com.pe\/index.php?rest_route=%2Fwp%2Fv2%2Fmedia&parent=4734"}],"wp:term":[{"taxonomy":"product_brand","embeddable":true,"href":"https:\/\/valesafety.com.pe\/index.php?rest_route=%2Fwp%2Fv2%2Fproduct_brand&post=4734"},{"taxonomy":"product_cat","embeddable":true,"href":"https:\/\/valesafety.com.pe\/index.php?rest_route=%2Fwp%2Fv2%2Fproduct_cat&post=4734"},{"taxonomy":"product_tag","embeddable":true,"href":"https:\/\/valesafety.com.pe\/index.php?rest_route=%2Fwp%2Fv2%2Fproduct_tag&post=4734"}],"curies":[{"name":"wp","href":"https:\/\/api.w.org\/{rel}","templated":true}]}}