{"id":4728,"date":"2026-04-23T22:37:47","date_gmt":"2026-04-23T20:37:47","guid":{"rendered":"http:\/\/localhost\/borrador\/?post_type=product&#038;p=4728"},"modified":"2026-04-30T11:55:30","modified_gmt":"2026-04-30T16:55:30","slug":"mandil-de-cuero-res","status":"publish","type":"product","link":"https:\/\/valesafety.com.pe\/?product=mandil-de-cuero-res","title":{"rendered":"Mandil de Cuero Res"},"content":{"rendered":"<h2>Mandil de Cuero Res<\/h2>\n<ul>\n<li><strong>Material:<\/strong> Cuero de res de alta calidad.<\/li>\n<li><strong>Dise\u00f1o:<\/strong> Protege torso, abdomen y piernas del usuario.<\/li>\n<li><strong>Ajuste:<\/strong> Sistema de sujeci\u00f3n adaptable a diferentes fisonom\u00edas.<\/li>\n<li><strong>Color:<\/strong> Amarillo, que facilita la visibilidad en entornos laborales.<\/li>\n<li><strong>Ligero:<\/strong> Fabricado para ofrecer comodidad durante largas jornadas.<\/li>\n<li><strong>Uso repetido:<\/strong> Reutilizable siempre que no presente desgastes ni desgarros.<\/li>\n<li><strong>Almacenamiento:<\/strong> Debe guardarse en un lugar fresco, seco y protegido de la luz solar.<\/li>\n<\/ul>\n<p>Necesitas m\u00e1s productos encuentralos en nuestra <a href=\"https:\/\/valesafety.com.pe\/tienda\">tienda\u00a0<\/a><\/p>\n<p>Para m\u00e1s informaci\u00f3n sobre este y otros productos, no dudes en contactarnos por <a href=\"http:\/\/wa.me\/51924339827\" target=\"_blank\" rel=\"noopener\">WhatsApp<\/a>.<\/p>\n","protected":false},"excerpt":{"rendered":"<p>Mandil de cuero res dise\u00f1ado especialmente para brindar protecci\u00f3n efectiva frente a proyecciones de metales fundidos y part\u00edculas incandescentes. Ideal para operaciones de soldadura y trabajos similares, este mandil combina seguridad, comodidad y durabilidad.<\/p>\n","protected":false},"featured_media":4779,"comment_status":"closed","ping_status":"closed","template":"","meta":{"_acf_changed":false},"product_brand":[],"product_cat":[110,66,67],"product_tag":[],"class_list":{"0":"post-4728","1":"product","2":"type-product","3":"status-publish","4":"has-post-thumbnail","6":"product_cat-overol","7":"product_cat-ropa-de-seguridad","8":"product_cat-ropa-de-trabajo","10":"first","11":"instock","12":"shipping-taxable","13":"purchasable","14":"product-type-simple"},"acf":[],"_links":{"self":[{"href":"https:\/\/valesafety.com.pe\/index.php?rest_route=\/wp\/v2\/product\/4728","targetHints":{"allow":["GET"]}}],"collection":[{"href":"https:\/\/valesafety.com.pe\/index.php?rest_route=\/wp\/v2\/product"}],"about":[{"href":"https:\/\/valesafety.com.pe\/index.php?rest_route=\/wp\/v2\/types\/product"}],"replies":[{"embeddable":true,"href":"https:\/\/valesafety.com.pe\/index.php?rest_route=%2Fwp%2Fv2%2Fcomments&post=4728"}],"wp:featuredmedia":[{"embeddable":true,"href":"https:\/\/valesafety.com.pe\/index.php?rest_route=\/wp\/v2\/media\/4779"}],"wp:attachment":[{"href":"https:\/\/valesafety.com.pe\/index.php?rest_route=%2Fwp%2Fv2%2Fmedia&parent=4728"}],"wp:term":[{"taxonomy":"product_brand","embeddable":true,"href":"https:\/\/valesafety.com.pe\/index.php?rest_route=%2Fwp%2Fv2%2Fproduct_brand&post=4728"},{"taxonomy":"product_cat","embeddable":true,"href":"https:\/\/valesafety.com.pe\/index.php?rest_route=%2Fwp%2Fv2%2Fproduct_cat&post=4728"},{"taxonomy":"product_tag","embeddable":true,"href":"https:\/\/valesafety.com.pe\/index.php?rest_route=%2Fwp%2Fv2%2Fproduct_tag&post=4728"}],"curies":[{"name":"wp","href":"https:\/\/api.w.org\/{rel}","templated":true}]}}