{"id":4727,"date":"2026-04-23T22:37:47","date_gmt":"2026-04-23T20:37:47","guid":{"rendered":"http:\/\/localhost\/borrador\/?post_type=product&#038;p=4727"},"modified":"2026-04-30T11:55:27","modified_gmt":"2026-04-30T16:55:27","slug":"mandil-de-cuero-cromo","status":"publish","type":"product","link":"https:\/\/valesafety.com.pe\/?product=mandil-de-cuero-cromo","title":{"rendered":"Mandil de Cuero Cromo"},"content":{"rendered":"<h2>Mandil de Cuero Cromo<\/h2>\n<ul>\n<li>Fabricado en <strong>cuero descarne al cromo<\/strong> de alta resistencia.<\/li>\n<li><strong>Dise\u00f1o anat\u00f3mico:<\/strong> Forma troncoc\u00f3nica en la parte superior (hasta la cintura) y rectangular desde la cintura hasta las rodillas.<\/li>\n<li><strong>Cobertura amplia:<\/strong> Protege desde el pecho hasta las rodillas.<\/li>\n<li><strong>Espesor del material:<\/strong> 1 mm \u00b1 0,2 mm, ofreciendo un equilibrio entre flexibilidad y durabilidad.<\/li>\n<li>Disponible en <strong>talla \u00fanica<\/strong> .<\/li>\n<\/ul>\n<p>Necesitas m\u00e1s productos encuentralos en nuestra <a href=\"https:\/\/valesafety.com.pe\/tienda\">tienda\u00a0<\/a><\/p>\n<p>Para m\u00e1s informaci\u00f3n sobre este y otros productos, no dudes en contactarnos por <a href=\"http:\/\/wa.me\/51924339827\" target=\"_blank\" rel=\"noopener\">WhatsApp<\/a>.<\/p>\n","protected":false},"excerpt":{"rendered":"<p>Mandil elaborado en cuero descarne al cromo, dise\u00f1ado con una parte superior de forma troncoc\u00f3nica que se ajusta c\u00f3modamente hasta la cintura, mientras que la secci\u00f3n inferior rectangular se extiende hasta las rodillas. Con de 90 cm \u00b1 1 cm de largo y 60 cm \u00b1 1 cm de ancho en la base, ofrece una protecci\u00f3n completa desde el pecho hasta las rodillas.<\/p>\n","protected":false},"featured_media":4778,"comment_status":"closed","ping_status":"closed","template":"","meta":{"_acf_changed":false},"product_brand":[],"product_cat":[109,66,67],"product_tag":[],"class_list":{"0":"post-4727","1":"product","2":"type-product","3":"status-publish","4":"has-post-thumbnail","6":"product_cat-mameluco","7":"product_cat-ropa-de-seguridad","8":"product_cat-ropa-de-trabajo","10":"first","11":"instock","12":"shipping-taxable","13":"purchasable","14":"product-type-simple"},"acf":[],"_links":{"self":[{"href":"https:\/\/valesafety.com.pe\/index.php?rest_route=\/wp\/v2\/product\/4727","targetHints":{"allow":["GET"]}}],"collection":[{"href":"https:\/\/valesafety.com.pe\/index.php?rest_route=\/wp\/v2\/product"}],"about":[{"href":"https:\/\/valesafety.com.pe\/index.php?rest_route=\/wp\/v2\/types\/product"}],"replies":[{"embeddable":true,"href":"https:\/\/valesafety.com.pe\/index.php?rest_route=%2Fwp%2Fv2%2Fcomments&post=4727"}],"wp:featuredmedia":[{"embeddable":true,"href":"https:\/\/valesafety.com.pe\/index.php?rest_route=\/wp\/v2\/media\/4778"}],"wp:attachment":[{"href":"https:\/\/valesafety.com.pe\/index.php?rest_route=%2Fwp%2Fv2%2Fmedia&parent=4727"}],"wp:term":[{"taxonomy":"product_brand","embeddable":true,"href":"https:\/\/valesafety.com.pe\/index.php?rest_route=%2Fwp%2Fv2%2Fproduct_brand&post=4727"},{"taxonomy":"product_cat","embeddable":true,"href":"https:\/\/valesafety.com.pe\/index.php?rest_route=%2Fwp%2Fv2%2Fproduct_cat&post=4727"},{"taxonomy":"product_tag","embeddable":true,"href":"https:\/\/valesafety.com.pe\/index.php?rest_route=%2Fwp%2Fv2%2Fproduct_tag&post=4727"}],"curies":[{"name":"wp","href":"https:\/\/api.w.org\/{rel}","templated":true}]}}