{"id":4716,"date":"2026-04-23T22:37:19","date_gmt":"2026-04-23T20:37:19","guid":{"rendered":"http:\/\/localhost\/borrador\/?post_type=product&#038;p=4716"},"modified":"2026-04-30T09:51:12","modified_gmt":"2026-04-30T14:51:12","slug":"guante-de-cuero-res-18-pulgadas","status":"publish","type":"product","link":"https:\/\/valesafety.com.pe\/?product=guante-de-cuero-res-18-pulgadas","title":{"rendered":"Guante de Cuero Res 18 pulgadas"},"content":{"rendered":"<h2>Guante de Cuero Res 18 pulgadas<\/h2>\n<ul>\n<li>Guante 100% de cuero amarillo de carnaza.<\/li>\n<li>Costura doble para mayor resistencia y durabilidad.<\/li>\n<li>Refuerzo en el interior de la palma para zonas de mayor desgaste.<\/li>\n<li>Dise\u00f1o ergon\u00f3mico que mejora la comodidad y la maniobrabilidad.<\/li>\n<li>Protecci\u00f3n extendida de 18 pulgadas.<\/li>\n<\/ul>\n<p>Necesitas m\u00e1s productos encu\u00e9ntralos en nuestra <a href=\"https:\/\/valesafety.com.pe\/tienda\">tienda\u00a0<\/a><\/p>\n<p>Para m\u00e1s informaci\u00f3n sobre este y otros productos, no dudes en contactarnos por <a href=\"http:\/\/wa.me\/51924339827\" target=\"_blank\" rel=\"noopener\">WhatsApp<\/a>.<\/p>\n","protected":false},"excerpt":{"rendered":"<p>Estos guantes de carnaza, fabricados con materiales de primera calidad, est\u00e1n dise\u00f1ados para ofrecer m\u00e1xima seguridad, durabilidad y comodidad en ambientes laborales exigentes. Con un refuerzo especial en la palma y costuras dobles, son ideales para proteger contra abrasiones, cortes y otros riesgos mec\u00e1nicos.<\/p>\n","protected":false},"featured_media":4776,"comment_status":"closed","ping_status":"closed","template":"","meta":{"_acf_changed":false},"product_brand":[],"product_cat":[94,59],"product_tag":[],"class_list":{"0":"post-4716","1":"product","2":"type-product","3":"status-publish","4":"has-post-thumbnail","6":"product_cat-guante-de-cuero-soldador","7":"product_cat-proteccion-de-las-manos","9":"first","10":"instock","11":"shipping-taxable","12":"purchasable","13":"product-type-simple"},"acf":[],"_links":{"self":[{"href":"https:\/\/valesafety.com.pe\/index.php?rest_route=\/wp\/v2\/product\/4716","targetHints":{"allow":["GET"]}}],"collection":[{"href":"https:\/\/valesafety.com.pe\/index.php?rest_route=\/wp\/v2\/product"}],"about":[{"href":"https:\/\/valesafety.com.pe\/index.php?rest_route=\/wp\/v2\/types\/product"}],"replies":[{"embeddable":true,"href":"https:\/\/valesafety.com.pe\/index.php?rest_route=%2Fwp%2Fv2%2Fcomments&post=4716"}],"wp:featuredmedia":[{"embeddable":true,"href":"https:\/\/valesafety.com.pe\/index.php?rest_route=\/wp\/v2\/media\/4776"}],"wp:attachment":[{"href":"https:\/\/valesafety.com.pe\/index.php?rest_route=%2Fwp%2Fv2%2Fmedia&parent=4716"}],"wp:term":[{"taxonomy":"product_brand","embeddable":true,"href":"https:\/\/valesafety.com.pe\/index.php?rest_route=%2Fwp%2Fv2%2Fproduct_brand&post=4716"},{"taxonomy":"product_cat","embeddable":true,"href":"https:\/\/valesafety.com.pe\/index.php?rest_route=%2Fwp%2Fv2%2Fproduct_cat&post=4716"},{"taxonomy":"product_tag","embeddable":true,"href":"https:\/\/valesafety.com.pe\/index.php?rest_route=%2Fwp%2Fv2%2Fproduct_tag&post=4716"}],"curies":[{"name":"wp","href":"https:\/\/api.w.org\/{rel}","templated":true}]}}