{"id":4714,"date":"2026-04-23T22:37:19","date_gmt":"2026-04-23T20:37:19","guid":{"rendered":"http:\/\/localhost\/borrador\/?post_type=product&#038;p=4714"},"modified":"2026-04-30T09:49:50","modified_gmt":"2026-04-30T14:49:50","slug":"guante-de-cuero-cromo-18-pulgadas","status":"publish","type":"product","link":"https:\/\/valesafety.com.pe\/?product=guante-de-cuero-cromo-18-pulgadas","title":{"rendered":"Guante de Cuero Cromo 18 pulgadas"},"content":{"rendered":"<h2>Guante de Cuero Cromo 18 pulgadas<\/h2>\n<ul>\n<li><strong>Pulgar recto:<\/strong> Mayor superficie de contacto para facilitar tareas y prolongar la vida \u00fatil.<\/li>\n<li><strong>Refuerzo resistente:<\/strong> Tira entre pulgar e \u00edndice que reduce el riesgo de roturas en zonas cr\u00edticas.<\/li>\n<li><strong>Protecci\u00f3n extendida:<\/strong> Cubre manos y brazos con 42 cm de altura, ideal contra riesgos mec\u00e1nicos de nivel medio.<\/li>\n<li><strong>Material premium:<\/strong> Fabricados 100% en cuero para m\u00e1xima durabilidad y flexibilidad.<\/li>\n<li><strong>Talla est\u00e1ndar:<\/strong> Ajuste c\u00f3modo para la mayor\u00eda de usuarios.<\/li>\n<li><strong>Pulgar recto:<\/strong> Mayor superficie de contacto para facilitar tareas y prolongar la vida \u00fatil.<\/li>\n<li><strong>Refuerzo resistente:<\/strong> Tira entre pulgar e \u00edndice que reduce el riesgo de roturas en zonas cr\u00edticas.<\/li>\n<li><strong>Protecci\u00f3n extendida:<\/strong> Cubre manos y brazos con 42 cm de altura, ideal contra riesgos mec\u00e1nicos de nivel medio.<\/li>\n<li><strong>Material premium:<\/strong> Fabricados 100% en cuero para m\u00e1xima durabilidad y flexibilidad.<\/li>\n<li><strong>Talla est\u00e1ndar:<\/strong> Ajuste c\u00f3modo para la mayor\u00eda de usuarios.<\/li>\n<\/ul>\n<p>Necesitas m\u00e1s productos encu\u00e9ntralos en nuestra <a href=\"https:\/\/valesafety.com.pe\/tienda\">tienda .<\/a><\/p>\n<p>Para m\u00e1s informaci\u00f3n sobre este y otros productos, no dudes en contactarnos por\u00a0<a href=\"http:\/\/wa.me\/977762682\" target=\"_blank\" rel=\"noopener\">WhatsApp<\/a>.<\/p>\n","protected":false},"excerpt":{"rendered":"<p>El Guante de Cuero Cromo 18 pulgadas son fabricados en cuero 100% de alta calidad, est\u00e1n dise\u00f1ados para brindar m\u00e1xima protecci\u00f3n y comodidad en trabajos exigentes. Con costuras resistentes a la abrasi\u00f3n y refuerzo en la palma, ofrecen una combinaci\u00f3n perfecta de durabilidad y seguridad.<\/p>\n","protected":false},"featured_media":4774,"comment_status":"closed","ping_status":"closed","template":"","meta":{"_acf_changed":false},"product_brand":[],"product_cat":[94,59],"product_tag":[451,452,453],"class_list":{"0":"post-4714","1":"product","2":"type-product","3":"status-publish","4":"has-post-thumbnail","6":"product_cat-guante-de-cuero-soldador","7":"product_cat-proteccion-de-las-manos","8":"product_tag-anticorte","9":"product_tag-guante-18-pulgadas","10":"product_tag-guantes","12":"first","13":"instock","14":"shipping-taxable","15":"purchasable","16":"product-type-simple"},"acf":[],"_links":{"self":[{"href":"https:\/\/valesafety.com.pe\/index.php?rest_route=\/wp\/v2\/product\/4714","targetHints":{"allow":["GET"]}}],"collection":[{"href":"https:\/\/valesafety.com.pe\/index.php?rest_route=\/wp\/v2\/product"}],"about":[{"href":"https:\/\/valesafety.com.pe\/index.php?rest_route=\/wp\/v2\/types\/product"}],"replies":[{"embeddable":true,"href":"https:\/\/valesafety.com.pe\/index.php?rest_route=%2Fwp%2Fv2%2Fcomments&post=4714"}],"wp:featuredmedia":[{"embeddable":true,"href":"https:\/\/valesafety.com.pe\/index.php?rest_route=\/wp\/v2\/media\/4774"}],"wp:attachment":[{"href":"https:\/\/valesafety.com.pe\/index.php?rest_route=%2Fwp%2Fv2%2Fmedia&parent=4714"}],"wp:term":[{"taxonomy":"product_brand","embeddable":true,"href":"https:\/\/valesafety.com.pe\/index.php?rest_route=%2Fwp%2Fv2%2Fproduct_brand&post=4714"},{"taxonomy":"product_cat","embeddable":true,"href":"https:\/\/valesafety.com.pe\/index.php?rest_route=%2Fwp%2Fv2%2Fproduct_cat&post=4714"},{"taxonomy":"product_tag","embeddable":true,"href":"https:\/\/valesafety.com.pe\/index.php?rest_route=%2Fwp%2Fv2%2Fproduct_tag&post=4714"}],"curies":[{"name":"wp","href":"https:\/\/api.w.org\/{rel}","templated":true}]}}