{"id":4711,"date":"2026-04-23T22:37:18","date_gmt":"2026-04-23T20:37:18","guid":{"rendered":"http:\/\/localhost\/borrador\/?post_type=product&#038;p=4711"},"modified":"2026-05-06T10:07:33","modified_gmt":"2026-05-06T15:07:33","slug":"3m-tapon-auditivo-reutilizable-1290-con-cordon-trenzado","status":"publish","type":"product","link":"https:\/\/valesafety.com.pe\/?product=3m-tapon-auditivo-reutilizable-1290-con-cordon-trenzado","title":{"rendered":"3M Tap\u00f3n Auditivo Reutilizable 1290 con Cord\u00f3n Trenzado"},"content":{"rendered":"<h2>3M Tap\u00f3n Auditivo Reutilizable 1290 con Cord\u00f3n Trenzado<\/h2>\n<ul class=\"sps2-pdp_details--highlights_list\">\n<li class=\"sps2-pdp_details--highlights_item mds-font_paragraph\">Tapones reutilizables de material extra suave con cord\u00f3n y estuche<\/li>\n<li class=\"sps2-pdp_details--highlights_item mds-font_paragraph\">Dise\u00f1o ergon\u00f3mico de triple falange para mayor comodidad y protecci\u00f3n<\/li>\n<li class=\"sps2-pdp_details--highlights_item mds-font_paragraph\">NRR. 25dB<\/li>\n<li class=\"sps2-pdp_details--highlights_item mds-font_paragraph\">Color azul<\/li>\n<li class=\"sps2-pdp_details--highlights_item mds-font_paragraph\">Prueba compatible con 3M\u2122, EAR-FIT\u2122 Sistema de Validaci\u00f3n<\/li>\n<\/ul>\n<p>Necesitas m\u00e1s productos encuentralos en nuestra <a href=\"https:\/\/valesafety.com.pe\/tienda\">tienda<\/a>.<\/p>\n<p>Para m\u00e1s informaci\u00f3n sobre este y otros productos, no dudes en contactarnos por <a href=\"http:\/\/wa.me\/51924339827\" target=\"_blank\" rel=\"noopener\">WhatsApp<\/a>.<\/p>\n","protected":false},"excerpt":{"rendered":"<p>El <strong>Tap\u00f3n Reutilizable 3M\u00ae 1290<\/strong> est\u00e1 fabricado con un material elastom\u00e9rico ultra suave que ofrece m\u00e1xima comodidad. Su dise\u00f1o de tres falanges asegura un ajuste \u00f3ptimo al canal auditivo, garantizando protecci\u00f3n y confort.<\/p>\n","protected":false},"featured_media":4762,"comment_status":"closed","ping_status":"closed","template":"","meta":{"_acf_changed":false},"product_brand":[38],"product_cat":[56,88],"product_tag":[446],"class_list":{"0":"post-4711","1":"product","2":"type-product","3":"status-publish","4":"has-post-thumbnail","6":"product_brand-3m","7":"product_cat-proteccion-auditiva","8":"product_cat-tapones-auditivos","9":"product_tag-tampon-auditivo-1900","11":"first","12":"instock","13":"shipping-taxable","14":"purchasable","15":"product-type-simple"},"acf":[],"_links":{"self":[{"href":"https:\/\/valesafety.com.pe\/index.php?rest_route=\/wp\/v2\/product\/4711","targetHints":{"allow":["GET"]}}],"collection":[{"href":"https:\/\/valesafety.com.pe\/index.php?rest_route=\/wp\/v2\/product"}],"about":[{"href":"https:\/\/valesafety.com.pe\/index.php?rest_route=\/wp\/v2\/types\/product"}],"replies":[{"embeddable":true,"href":"https:\/\/valesafety.com.pe\/index.php?rest_route=%2Fwp%2Fv2%2Fcomments&post=4711"}],"wp:featuredmedia":[{"embeddable":true,"href":"https:\/\/valesafety.com.pe\/index.php?rest_route=\/wp\/v2\/media\/4762"}],"wp:attachment":[{"href":"https:\/\/valesafety.com.pe\/index.php?rest_route=%2Fwp%2Fv2%2Fmedia&parent=4711"}],"wp:term":[{"taxonomy":"product_brand","embeddable":true,"href":"https:\/\/valesafety.com.pe\/index.php?rest_route=%2Fwp%2Fv2%2Fproduct_brand&post=4711"},{"taxonomy":"product_cat","embeddable":true,"href":"https:\/\/valesafety.com.pe\/index.php?rest_route=%2Fwp%2Fv2%2Fproduct_cat&post=4711"},{"taxonomy":"product_tag","embeddable":true,"href":"https:\/\/valesafety.com.pe\/index.php?rest_route=%2Fwp%2Fv2%2Fproduct_tag&post=4711"}],"curies":[{"name":"wp","href":"https:\/\/api.w.org\/{rel}","templated":true}]}}