{"id":4710,"date":"2026-04-23T22:37:18","date_gmt":"2026-04-23T20:37:18","guid":{"rendered":"http:\/\/localhost\/borrador\/?post_type=product&#038;p=4710"},"modified":"2026-05-06T10:07:00","modified_gmt":"2026-05-06T15:07:00","slug":"3m-1270-tapon-auditivo-con-cordon","status":"publish","type":"product","link":"https:\/\/valesafety.com.pe\/?product=3m-1270-tapon-auditivo-con-cordon","title":{"rendered":"3M 1270 Tap\u00f3n Auditivo con Cord\u00f3n"},"content":{"rendered":"<h2>3M 1270 Tap\u00f3n Auditivo con Cord\u00f3n<\/h2>\n<ul class=\"sps2-pdp_details--highlights_list\">\n<li class=\"sps2-pdp_details--highlights_item mds-font_paragraph\">24 dB<\/li>\n<li class=\"sps2-pdp_details--highlights_item mds-font_paragraph\">Material de elast\u00f3mero sint\u00e9tico<\/li>\n<li class=\"sps2-pdp_details--highlights_item mds-font_paragraph\">Recomendados para usarse en aquellos puestos de trabajo donde existe tanto exposici\u00f3n al ruido, como al calor, o la humedad<\/li>\n<li class=\"sps2-pdp_details--highlights_item mds-font_paragraph\">Alternativa ligera a las orejeras<\/li>\n<li class=\"sps2-pdp_details--highlights_item mds-font_paragraph\">Colores muy visibles para una f\u00e1cil ubicaci\u00f3n en un lugar de trabajo concurrido<\/li>\n<\/ul>\n<p>Necesitas m\u00e1s productos encuentralos en nuestra <a href=\"https:\/\/valesafety.com.pe\/tienda\">tienda\u00a0<\/a><\/p>\n<p>Para m\u00e1s informaci\u00f3n sobre este y otros productos, no dudes en contactarnos por <a href=\"http:\/\/wa.me\/51924339827\" target=\"_blank\" rel=\"noopener\">WhatsApp<\/a>.<\/p>\n","protected":false},"excerpt":{"rendered":"<div class=\"flex max-w-full flex-col flex-grow\">\n<div class=\"min-h-8 text-message flex w-full flex-col items-end gap-2 whitespace-normal break-words text-start [.text-message+&amp;]:mt-5\" dir=\"auto\" data-message-author-role=\"assistant\" data-message-id=\"130c0b38-adb4-4cef-abe1-87f0b2f65cea\" data-message-model-slug=\"gpt-4o\">\n<div class=\"flex w-full flex-col gap-1 empty:hidden first:pt-[3px]\">\n<div class=\"markdown prose w-full break-words dark:prose-invert dark\">\n<p>Los <strong>tapones auditivos con cord\u00f3n 3M\u2122 1270<\/strong> son reutilizables, elaborados con materiales hipoalerg\u00e9nicos para garantizar comodidad y seguridad. Ofrecen una protecci\u00f3n efectiva e higi\u00e9nica y se pueden limpiar de manera r\u00e1pida y sencilla, ideales para el uso diario del trabajador.<\/p>\n<\/div>\n<\/div>\n<\/div>\n<\/div>\n","protected":false},"featured_media":4761,"comment_status":"closed","ping_status":"closed","template":"","meta":{"_acf_changed":false},"product_brand":[38],"product_cat":[56,88],"product_tag":[444,445],"class_list":{"0":"post-4710","1":"product","2":"type-product","3":"status-publish","4":"has-post-thumbnail","6":"product_brand-3m","7":"product_cat-proteccion-auditiva","8":"product_cat-tapones-auditivos","9":"product_tag-tapon-auditivo","10":"product_tag-tapon-de-oidos","12":"first","13":"instock","14":"shipping-taxable","15":"purchasable","16":"product-type-simple"},"acf":[],"_links":{"self":[{"href":"https:\/\/valesafety.com.pe\/index.php?rest_route=\/wp\/v2\/product\/4710","targetHints":{"allow":["GET"]}}],"collection":[{"href":"https:\/\/valesafety.com.pe\/index.php?rest_route=\/wp\/v2\/product"}],"about":[{"href":"https:\/\/valesafety.com.pe\/index.php?rest_route=\/wp\/v2\/types\/product"}],"replies":[{"embeddable":true,"href":"https:\/\/valesafety.com.pe\/index.php?rest_route=%2Fwp%2Fv2%2Fcomments&post=4710"}],"wp:featuredmedia":[{"embeddable":true,"href":"https:\/\/valesafety.com.pe\/index.php?rest_route=\/wp\/v2\/media\/4761"}],"wp:attachment":[{"href":"https:\/\/valesafety.com.pe\/index.php?rest_route=%2Fwp%2Fv2%2Fmedia&parent=4710"}],"wp:term":[{"taxonomy":"product_brand","embeddable":true,"href":"https:\/\/valesafety.com.pe\/index.php?rest_route=%2Fwp%2Fv2%2Fproduct_brand&post=4710"},{"taxonomy":"product_cat","embeddable":true,"href":"https:\/\/valesafety.com.pe\/index.php?rest_route=%2Fwp%2Fv2%2Fproduct_cat&post=4710"},{"taxonomy":"product_tag","embeddable":true,"href":"https:\/\/valesafety.com.pe\/index.php?rest_route=%2Fwp%2Fv2%2Fproduct_tag&post=4710"}],"curies":[{"name":"wp","href":"https:\/\/api.w.org\/{rel}","templated":true}]}}