{"id":4699,"date":"2026-04-23T22:36:52","date_gmt":"2026-04-23T20:36:52","guid":{"rendered":"http:\/\/localhost\/borrador\/?post_type=product&#038;p=4699"},"modified":"2026-05-06T10:07:44","modified_gmt":"2026-05-06T15:07:44","slug":"3m-orejera-plegable-90563h1-dc-negro","status":"publish","type":"product","link":"https:\/\/valesafety.com.pe\/?product=3m-orejera-plegable-90563h1-dc-negro","title":{"rendered":"3M\u2122 Orejera Plegable 90563H1-DC, Negro"},"content":{"rendered":"<h2 class=\"mds-font_header--6 sps2-pdp_header--name\">3M\u2122 Orejera Plegable 90563H1-DC, Negro<\/h2>\n<ul class=\"sps2-pdp_details--highlights_list\">\n<li class=\"sps2-pdp_details--highlights_item mds-font_paragraph\">Clasificaci\u00f3n de reducci\u00f3n de ruido (NRR) de 25 dB *<\/li>\n<li class=\"sps2-pdp_details--highlights_item mds-font_paragraph\">Ayuda a proteger contra ruidos nocivos<\/li>\n<li class=\"sps2-pdp_details--highlights_item mds-font_paragraph\">Diadema acolchada para mayor comodidad<\/li>\n<li class=\"sps2-pdp_details--highlights_item mds-font_paragraph\">Copas pivotantes para ayudar a garantizar un buen ajuste<\/li>\n<li class=\"sps2-pdp_details--highlights_item mds-font_paragraph\">Se pliega perfectamente para un almacenamiento compacto cuando no est\u00e1 en uso<\/li>\n<\/ul>\n<p>Necesitas m\u00e1s productos encuentralos en nuestra <a href=\"https:\/\/valesafety.com.pe\/tienda\">tienda\u00a0<\/a><\/p>\n<p>Para m\u00e1s informaci\u00f3n sobre este y otros productos, no dudes en contactarnos por <a href=\"http:\/\/wa.me\/51924339827\" target=\"_blank\" rel=\"noopener\">WhatsApp<\/a>.<\/p>\n","protected":false},"excerpt":{"rendered":"<p>Las <strong>orejeras plegables 3M\u2122<\/strong> ofrecen una excelente protecci\u00f3n auditiva en el trabajo y se pliegan f\u00e1cilmente al final del d\u00eda. Con almohadillas suaves, diadema acolchada y un dise\u00f1o ajustable, garantizan comodidad y un ajuste perfecto para todos. Con una clasificaci\u00f3n de reducci\u00f3n de ruido (NRR) de 25dB, son ideales para tareas ruidosas, tanto en el trabajo como en proyectos en casa.<\/p>\n","protected":false},"featured_media":4760,"comment_status":"closed","ping_status":"closed","template":"","meta":{"_acf_changed":false},"product_brand":[38],"product_cat":[87,56],"product_tag":[],"class_list":{"0":"post-4699","1":"product","2":"type-product","3":"status-publish","4":"has-post-thumbnail","6":"product_brand-3m","7":"product_cat-externos-vinchas","8":"product_cat-proteccion-auditiva","10":"first","11":"instock","12":"shipping-taxable","13":"purchasable","14":"product-type-simple"},"acf":[],"_links":{"self":[{"href":"https:\/\/valesafety.com.pe\/index.php?rest_route=\/wp\/v2\/product\/4699","targetHints":{"allow":["GET"]}}],"collection":[{"href":"https:\/\/valesafety.com.pe\/index.php?rest_route=\/wp\/v2\/product"}],"about":[{"href":"https:\/\/valesafety.com.pe\/index.php?rest_route=\/wp\/v2\/types\/product"}],"replies":[{"embeddable":true,"href":"https:\/\/valesafety.com.pe\/index.php?rest_route=%2Fwp%2Fv2%2Fcomments&post=4699"}],"wp:featuredmedia":[{"embeddable":true,"href":"https:\/\/valesafety.com.pe\/index.php?rest_route=\/wp\/v2\/media\/4760"}],"wp:attachment":[{"href":"https:\/\/valesafety.com.pe\/index.php?rest_route=%2Fwp%2Fv2%2Fmedia&parent=4699"}],"wp:term":[{"taxonomy":"product_brand","embeddable":true,"href":"https:\/\/valesafety.com.pe\/index.php?rest_route=%2Fwp%2Fv2%2Fproduct_brand&post=4699"},{"taxonomy":"product_cat","embeddable":true,"href":"https:\/\/valesafety.com.pe\/index.php?rest_route=%2Fwp%2Fv2%2Fproduct_cat&post=4699"},{"taxonomy":"product_tag","embeddable":true,"href":"https:\/\/valesafety.com.pe\/index.php?rest_route=%2Fwp%2Fv2%2Fproduct_tag&post=4699"}],"curies":[{"name":"wp","href":"https:\/\/api.w.org\/{rel}","templated":true}]}}