{"id":4698,"date":"2026-04-23T22:36:52","date_gmt":"2026-04-23T20:36:52","guid":{"rendered":"http:\/\/localhost\/borrador\/?post_type=product&#038;p=4698"},"modified":"2026-05-06T10:08:02","modified_gmt":"2026-05-06T15:08:02","slug":"3m-pro-grade-orejeras-profesionales-90565-4dc-ps-4-caja","status":"publish","type":"product","link":"https:\/\/valesafety.com.pe\/?product=3m-pro-grade-orejeras-profesionales-90565-4dc-ps-4-caja","title":{"rendered":"3M\u2122 Pro-Grade Orejeras Profesionales 90565-4DC-PS, 4\/Caja"},"content":{"rendered":"<h2>3M\u2122 Pro-Grade Orejeras Profesionales 90565<\/h2>\n<ul class=\"sps2-pdp_details--highlights_list\">\n<li class=\"sps2-pdp_details--highlights_item mds-font_paragraph\">Diadema de alambre de acero con dise\u00f1o de sobremolde de goma para mayor durabilidad y comodidad<\/li>\n<li class=\"sps2-pdp_details--highlights_item mds-font_paragraph\">El dise\u00f1o liviano y ajustable reduce los puntos de presi\u00f3n para brindar comodidad durante todo el d\u00eda<\/li>\n<li class=\"sps2-pdp_details--highlights_item mds-font_paragraph\">Copas de amortiguaci\u00f3n y pivotantes de primera calidad para ayudar a garantizar un buen ajuste<\/li>\n<li class=\"sps2-pdp_details--highlights_item mds-font_paragraph\">La diadema flexible se ajusta a m\u00faltiples tama\u00f1os de cabeza<\/li>\n<li class=\"sps2-pdp_details--highlights_item mds-font_paragraph\">El dise\u00f1o de diadema ventilada mejora la comodidad cuando se usa con sombreros (consulte el inserto para conocer el ajuste adecuado)<\/li>\n<\/ul>\n<p>Necesitas m\u00e1s productos encu\u00e9ntralos en nuestra <a href=\"https:\/\/valesafety.com.pe\/tienda\">tienda .<\/a><\/p>\n<p>Para m\u00e1s informaci\u00f3n sobre este y otros productos, no dudes en contactarnos por\u00a0<a href=\"http:\/\/wa.me\/977762682\" target=\"_blank\" rel=\"noopener\">WhatsApp<\/a>.<\/p>\n","protected":false},"excerpt":{"rendered":"<p>Las <strong>3M\u2122 Pro-Grade Orejeras Profesionales<\/strong>, dentro de la serie Pro, est\u00e1n dise\u00f1adas especialmente para los profesionales, ofreciendo una protecci\u00f3n auditiva superior y una comodidad prolongada durante toda la jornada laboral. Con una calificaci\u00f3n de reducci\u00f3n de ruido (NRR) m\u00e1s alta, estos protectores auditivos son ideales para bloquear sonidos que puedan ser perjudiciales para la audici\u00f3n.<\/p>\n","protected":false},"featured_media":4759,"comment_status":"closed","ping_status":"closed","template":"","meta":{"_acf_changed":false},"product_brand":[38],"product_cat":[87,56],"product_tag":[441,442,443],"class_list":{"0":"post-4698","1":"product","2":"type-product","3":"status-publish","4":"has-post-thumbnail","6":"product_brand-3m","7":"product_cat-externos-vinchas","8":"product_cat-proteccion-auditiva","9":"product_tag-orejeras-con-vinchas-90565","10":"product_tag-orejeras-de-seguridad","11":"product_tag-orejeras-y-tapones-auditivos","13":"first","14":"instock","15":"shipping-taxable","16":"purchasable","17":"product-type-simple"},"acf":[],"_links":{"self":[{"href":"https:\/\/valesafety.com.pe\/index.php?rest_route=\/wp\/v2\/product\/4698","targetHints":{"allow":["GET"]}}],"collection":[{"href":"https:\/\/valesafety.com.pe\/index.php?rest_route=\/wp\/v2\/product"}],"about":[{"href":"https:\/\/valesafety.com.pe\/index.php?rest_route=\/wp\/v2\/types\/product"}],"replies":[{"embeddable":true,"href":"https:\/\/valesafety.com.pe\/index.php?rest_route=%2Fwp%2Fv2%2Fcomments&post=4698"}],"wp:featuredmedia":[{"embeddable":true,"href":"https:\/\/valesafety.com.pe\/index.php?rest_route=\/wp\/v2\/media\/4759"}],"wp:attachment":[{"href":"https:\/\/valesafety.com.pe\/index.php?rest_route=%2Fwp%2Fv2%2Fmedia&parent=4698"}],"wp:term":[{"taxonomy":"product_brand","embeddable":true,"href":"https:\/\/valesafety.com.pe\/index.php?rest_route=%2Fwp%2Fv2%2Fproduct_brand&post=4698"},{"taxonomy":"product_cat","embeddable":true,"href":"https:\/\/valesafety.com.pe\/index.php?rest_route=%2Fwp%2Fv2%2Fproduct_cat&post=4698"},{"taxonomy":"product_tag","embeddable":true,"href":"https:\/\/valesafety.com.pe\/index.php?rest_route=%2Fwp%2Fv2%2Fproduct_tag&post=4698"}],"curies":[{"name":"wp","href":"https:\/\/api.w.org\/{rel}","templated":true}]}}