{"id":4697,"date":"2026-04-23T22:36:52","date_gmt":"2026-04-23T20:36:52","guid":{"rendered":"http:\/\/localhost\/borrador\/?post_type=product&#038;p=4697"},"modified":"2026-05-07T10:51:17","modified_gmt":"2026-05-07T15:51:17","slug":"tapon-auditivo-393-2010-50-1100-probed-test-plug","status":"publish","type":"product","link":"https:\/\/valesafety.com.pe\/?product=tapon-auditivo-393-2010-50-1100-probed-test-plug","title":{"rendered":"Tap\u00f3n Auditivo 393-2010-50 1100 PROBED TEST PLUG"},"content":{"rendered":"<h2><span class=\"OYPEnA font-feature-liga-off font-feature-clig-off font-feature-calt-off text-decoration-none text-strikethrough-none\">Tap\u00f3n Auditivo 393-2010-50 1100 PROBED TEST PLUG<\/span><\/h2>\n<ul>\n<li><span class=\"OYPEnA font-feature-liga-off font-feature-clig-off font-feature-calt-off text-decoration-none text-strikethrough-none\">Superficie lisa y resistente a la suciedad para mayor higiene. Forma c\u00f3nica para adaptarse a una amplia variedad de tama\u00f1os de canales auditivos.<\/span><\/li>\n<li><span class=\"OYPEnA font-feature-liga-off font-feature-clig-off font-feature-calt-off text-decoration-none text-strikethrough-none\">Compatible con el sistema de validaci\u00f3n 3M\u2122 E-A-Rfit<\/span><\/li>\n<li><span class=\"OYPEnA font-feature-liga-off font-feature-clig-off font-feature-calt-off text-decoration-none text-strikethrough-none\">SLC 80 21dB (Clase 3)<\/span><\/li>\n<\/ul>\n<p>Necesitas m\u00e1s productos encuentralos en nuestra <a href=\"https:\/\/valesafety.com.pe\/tienda\">tienda\u00a0<\/a><\/p>\n<p>Para m\u00e1s informaci\u00f3n sobre este y otros productos, no dudes en contactarnos por <a href=\"http:\/\/wa.me\/51924339827\" target=\"_blank\" rel=\"noopener\">WhatsApp<\/a>.<\/p>\n","protected":false},"excerpt":{"rendered":"<p><span class=\"OYPEnA font-feature-liga-off font-feature-clig-off font-feature-calt-off text-decoration-none text-strikethrough-none\"><span class=\"selectable-text copyable-text xkrh14z\">El Tap\u00f3n Auditivo 393-2010-50 1100 PROBED TEST PLUG <\/span>3M \u2122 1100 tapones de espuma cuentan con espuma suave, hipoalerg\u00e9nica y un dise\u00f1o c\u00f3nico para ajustarse c\u00f3modamente en el canal auditivo.<\/span><\/p>\n","protected":false},"featured_media":4758,"comment_status":"closed","ping_status":"closed","template":"","meta":{"_acf_changed":false},"product_brand":[38],"product_cat":[56,88],"product_tag":[],"class_list":{"0":"post-4697","1":"product","2":"type-product","3":"status-publish","4":"has-post-thumbnail","6":"product_brand-3m","7":"product_cat-proteccion-auditiva","8":"product_cat-tapones-auditivos","10":"first","11":"instock","12":"shipping-taxable","13":"purchasable","14":"product-type-simple"},"acf":[],"_links":{"self":[{"href":"https:\/\/valesafety.com.pe\/index.php?rest_route=\/wp\/v2\/product\/4697","targetHints":{"allow":["GET"]}}],"collection":[{"href":"https:\/\/valesafety.com.pe\/index.php?rest_route=\/wp\/v2\/product"}],"about":[{"href":"https:\/\/valesafety.com.pe\/index.php?rest_route=\/wp\/v2\/types\/product"}],"replies":[{"embeddable":true,"href":"https:\/\/valesafety.com.pe\/index.php?rest_route=%2Fwp%2Fv2%2Fcomments&post=4697"}],"wp:featuredmedia":[{"embeddable":true,"href":"https:\/\/valesafety.com.pe\/index.php?rest_route=\/wp\/v2\/media\/4758"}],"wp:attachment":[{"href":"https:\/\/valesafety.com.pe\/index.php?rest_route=%2Fwp%2Fv2%2Fmedia&parent=4697"}],"wp:term":[{"taxonomy":"product_brand","embeddable":true,"href":"https:\/\/valesafety.com.pe\/index.php?rest_route=%2Fwp%2Fv2%2Fproduct_brand&post=4697"},{"taxonomy":"product_cat","embeddable":true,"href":"https:\/\/valesafety.com.pe\/index.php?rest_route=%2Fwp%2Fv2%2Fproduct_cat&post=4697"},{"taxonomy":"product_tag","embeddable":true,"href":"https:\/\/valesafety.com.pe\/index.php?rest_route=%2Fwp%2Fv2%2Fproduct_tag&post=4697"}],"curies":[{"name":"wp","href":"https:\/\/api.w.org\/{rel}","templated":true}]}}