{"id":4694,"date":"2026-04-23T22:36:51","date_gmt":"2026-04-23T20:36:51","guid":{"rendered":"http:\/\/localhost\/borrador\/?post_type=product&#038;p=4694"},"modified":"2026-05-07T09:31:08","modified_gmt":"2026-05-07T14:31:08","slug":"mascarilla-reutilizable-3m-negro-1-paquete","status":"publish","type":"product","link":"https:\/\/valesafety.com.pe\/?product=mascarilla-reutilizable-3m-negro-1-paquete","title":{"rendered":"Mascarilla Reutilizable 3M\u2122, Negro, 1\/Paquete"},"content":{"rendered":"<h2>Mascarilla Reutilizable 3M\u2122<\/h2>\n<ul>\n<li>L\u00e1vese las manos antes de manipular la mascarilla.<\/li>\n<li>Aseg\u00farese de que el logotipo de 3M est\u00e9 visible y ubicado en el exterior de la mascarilla.<\/li>\n<li>Sujete la mascarilla por las correas y col\u00f3quelas alrededor de sus orejas.<\/li>\n<li>Ajuste el clip de metal sobre la nariz utilizando ambas manos para moldearlo adecuadamente.<\/li>\n<li>Extienda la mascarilla debajo de la barbilla y verifique que est\u00e9 bien ajustada al rostro.<\/li>\n<li>Ret\u00edrela sujet\u00e1ndola \u00fanicamente por las correas.<\/li>\n<li>L\u00e1vela inmediatamente despu\u00e9s de su uso.<\/li>\n<\/ul>\n<p>Necesitas m\u00e1s productos encuentralos en nuestra <a href=\"https:\/\/valesafety.com.pe\/tienda\">tienda\u00a0<\/a><\/p>\n<p>Para m\u00e1s informaci\u00f3n sobre este y otros productos, no dudes en contactarnos por <a href=\"http:\/\/wa.me\/51924339827\" target=\"_blank\" rel=\"noopener\">WhatsApp<\/a>.<\/p>\n","protected":false},"excerpt":{"rendered":"<p>Cuando viajes, hagas compras, asistas a citas personales o realises cualquier actividad que requiera cubrirse el rostro, las Mascarilla Reutilizable 3M\u2122 son una excelente opci\u00f3n. Al elegir una mascarilla que se ajuste bien a su rostro y le brinde comodidad, demuestra su compromiso y consideraci\u00f3n hacia los dem\u00e1s.<\/p>\n","protected":false},"featured_media":4755,"comment_status":"closed","ping_status":"closed","template":"","meta":{"_acf_changed":false},"product_brand":[38],"product_cat":[99,62],"product_tag":[],"class_list":{"0":"post-4694","1":"product","2":"type-product","3":"status-publish","4":"has-post-thumbnail","6":"product_brand-3m","7":"product_cat-mascarillas","8":"product_cat-proteccion-respiratoria","10":"first","11":"instock","12":"shipping-taxable","13":"purchasable","14":"product-type-simple"},"acf":[],"_links":{"self":[{"href":"https:\/\/valesafety.com.pe\/index.php?rest_route=\/wp\/v2\/product\/4694","targetHints":{"allow":["GET"]}}],"collection":[{"href":"https:\/\/valesafety.com.pe\/index.php?rest_route=\/wp\/v2\/product"}],"about":[{"href":"https:\/\/valesafety.com.pe\/index.php?rest_route=\/wp\/v2\/types\/product"}],"replies":[{"embeddable":true,"href":"https:\/\/valesafety.com.pe\/index.php?rest_route=%2Fwp%2Fv2%2Fcomments&post=4694"}],"wp:featuredmedia":[{"embeddable":true,"href":"https:\/\/valesafety.com.pe\/index.php?rest_route=\/wp\/v2\/media\/4755"}],"wp:attachment":[{"href":"https:\/\/valesafety.com.pe\/index.php?rest_route=%2Fwp%2Fv2%2Fmedia&parent=4694"}],"wp:term":[{"taxonomy":"product_brand","embeddable":true,"href":"https:\/\/valesafety.com.pe\/index.php?rest_route=%2Fwp%2Fv2%2Fproduct_brand&post=4694"},{"taxonomy":"product_cat","embeddable":true,"href":"https:\/\/valesafety.com.pe\/index.php?rest_route=%2Fwp%2Fv2%2Fproduct_cat&post=4694"},{"taxonomy":"product_tag","embeddable":true,"href":"https:\/\/valesafety.com.pe\/index.php?rest_route=%2Fwp%2Fv2%2Fproduct_tag&post=4694"}],"curies":[{"name":"wp","href":"https:\/\/api.w.org\/{rel}","templated":true}]}}