{"id":4693,"date":"2026-04-23T22:36:51","date_gmt":"2026-04-23T20:36:51","guid":{"rendered":"http:\/\/localhost\/borrador\/?post_type=product&#038;p=4693"},"modified":"2026-05-06T18:40:16","modified_gmt":"2026-05-06T23:40:16","slug":"mascarilla-desechable-nexcare-venta-de-epps","status":"publish","type":"product","link":"https:\/\/valesafety.com.pe\/?product=mascarilla-desechable-nexcare-venta-de-epps","title":{"rendered":"Mascarilla Desechable Nexcare"},"content":{"rendered":"<h2>Mascarilla Desechable Nexcare<\/h2>\n<ul>\n<li>L\u00e1vese las manos antes de manipular la mascarilla.<\/li>\n<li>Sujete la mascarilla por las correas y revise su estado. Si presenta da\u00f1os visibles, des\u00e9chela.<\/li>\n<li>Aseg\u00farese de que el logotipo de 3M est\u00e9 hacia arriba y visible en el exterior de la mascarilla.<\/li>\n<li>Coloque las correas detr\u00e1s de las orejas y ajuste el clip nasal de metal con ambas manos para que se adapte perfectamente a su nariz y rostro.<\/li>\n<li>Tire suavemente de la mascarilla hacia abajo, cubriendo completamente la barbilla, y aseg\u00farese de que quede bien ajustada al contorno de la cara.<\/li>\n<li>Para retirarla, suj\u00e9tela \u00fanicamente por las correas, des\u00e9chela inmediatamente despu\u00e9s y l\u00e1vese las manos.<\/li>\n<\/ul>\n<p>Necesitas m\u00e1s productos encu\u00e9ntralos en nuestra <a href=\"https:\/\/valesafety.com.pe\/tienda\">tienda .<\/a><\/p>\n<p>Para m\u00e1s informaci\u00f3n sobre este y otros productos, no dudes en contactarnos por\u00a0<a href=\"http:\/\/wa.me\/977762682\" target=\"_blank\" rel=\"noopener\">WhatsApp<\/a>.<\/p>\n","protected":false},"excerpt":{"rendered":"<div class=\"flex max-w-full flex-col flex-grow\">\n<div class=\"min-h-8 text-message flex w-full flex-col items-end gap-2 whitespace-normal break-words text-start [.text-message+&amp;]:mt-5\" dir=\"auto\" data-message-author-role=\"assistant\" data-message-id=\"f4b52a77-4c17-4570-83e4-0a33e7ec468c\" data-message-model-slug=\"gpt-4o\">\n<div class=\"flex w-full flex-col gap-1 empty:hidden first:pt-[3px]\">\n<div class=\"markdown prose w-full break-words dark:prose-invert dark\">\n<p>La Mascarilla Desechable Nexcare\u2122 es perfecta para el uso cotidiano en espacios p\u00fablicos. Fabricada con 3 capas de material no tejido, es suave, ligera y c\u00f3moda de llevar. Adem\u00e1s, incluye un clip nasal ajustable que asegura un ajuste \u00f3ptimo al rostro.<\/p>\n<\/div>\n<\/div>\n<\/div>\n<\/div>\n","protected":false},"featured_media":4754,"comment_status":"closed","ping_status":"closed","template":"","meta":{"_acf_changed":false},"product_brand":[38],"product_cat":[99,62],"product_tag":[],"class_list":{"0":"post-4693","1":"product","2":"type-product","3":"status-publish","4":"has-post-thumbnail","6":"product_brand-3m","7":"product_cat-mascarillas","8":"product_cat-proteccion-respiratoria","10":"first","11":"instock","12":"shipping-taxable","13":"purchasable","14":"product-type-simple"},"acf":[],"_links":{"self":[{"href":"https:\/\/valesafety.com.pe\/index.php?rest_route=\/wp\/v2\/product\/4693","targetHints":{"allow":["GET"]}}],"collection":[{"href":"https:\/\/valesafety.com.pe\/index.php?rest_route=\/wp\/v2\/product"}],"about":[{"href":"https:\/\/valesafety.com.pe\/index.php?rest_route=\/wp\/v2\/types\/product"}],"replies":[{"embeddable":true,"href":"https:\/\/valesafety.com.pe\/index.php?rest_route=%2Fwp%2Fv2%2Fcomments&post=4693"}],"wp:featuredmedia":[{"embeddable":true,"href":"https:\/\/valesafety.com.pe\/index.php?rest_route=\/wp\/v2\/media\/4754"}],"wp:attachment":[{"href":"https:\/\/valesafety.com.pe\/index.php?rest_route=%2Fwp%2Fv2%2Fmedia&parent=4693"}],"wp:term":[{"taxonomy":"product_brand","embeddable":true,"href":"https:\/\/valesafety.com.pe\/index.php?rest_route=%2Fwp%2Fv2%2Fproduct_brand&post=4693"},{"taxonomy":"product_cat","embeddable":true,"href":"https:\/\/valesafety.com.pe\/index.php?rest_route=%2Fwp%2Fv2%2Fproduct_cat&post=4693"},{"taxonomy":"product_tag","embeddable":true,"href":"https:\/\/valesafety.com.pe\/index.php?rest_route=%2Fwp%2Fv2%2Fproduct_tag&post=4693"}],"curies":[{"name":"wp","href":"https:\/\/api.w.org\/{rel}","templated":true}]}}