{"id":4692,"date":"2026-04-23T22:36:51","date_gmt":"2026-04-23T20:36:51","guid":{"rendered":"http:\/\/localhost\/borrador\/?post_type=product&#038;p=4692"},"modified":"2026-05-06T17:27:47","modified_gmt":"2026-05-06T22:27:47","slug":"lente-v-flex-clute","status":"publish","type":"product","link":"https:\/\/valesafety.com.pe\/?product=lente-v-flex-clute","title":{"rendered":"Lente V-Flex Clute"},"content":{"rendered":"<h2>Lente V-Flex Clute<\/h2>\n<ul>\n<li>Luna de policarbonato de alta transparencia<\/li>\n<li>Protecci\u00f3n UV al 99%<\/li>\n<li>Tratamiento anti empa\u00f1o<\/li>\n<li>Tratamiento anti rayadura<\/li>\n<\/ul>\n<h3>Normas y certificaciones:<\/h3>\n<ul>\n<li>Certificaci\u00f3n ANSI Z87.1<\/li>\n<\/ul>\n<p>Necesitas m\u00e1s productos encu\u00e9ntralos en nuestra <a href=\"https:\/\/valesafety.com.pe\/tienda\">tienda .<\/a><\/p>\n<p>Para m\u00e1s informaci\u00f3n sobre este y otros productos, no dudes en contactarnos por\u00a0<a href=\"http:\/\/wa.me\/977762682\" target=\"_blank\" rel=\"noopener\">WhatsApp<\/a>.<\/p>\n","protected":false},"excerpt":{"rendered":"<p>Lentes de seguridad que ofrecen excelente protecci\u00f3n frontal y lateral con un amplio campo visual. Su dise\u00f1o deportivo, moderno y elegante se combina con una luna o lente con recubrimiento antiempa\u00f1ante y antirrayaduras.<\/p>\n","protected":false},"featured_media":4741,"comment_status":"closed","ping_status":"closed","template":"","meta":{"_acf_changed":false},"product_brand":[26],"product_cat":[103,65],"product_tag":[],"class_list":{"0":"post-4692","1":"product","2":"type-product","3":"status-publish","4":"has-post-thumbnail","6":"product_brand-clute","7":"product_cat-anteojos-de-seguridad","8":"product_cat-proteccion-visual","10":"first","11":"instock","12":"shipping-taxable","13":"purchasable","14":"product-type-simple"},"acf":[],"_links":{"self":[{"href":"https:\/\/valesafety.com.pe\/index.php?rest_route=\/wp\/v2\/product\/4692","targetHints":{"allow":["GET"]}}],"collection":[{"href":"https:\/\/valesafety.com.pe\/index.php?rest_route=\/wp\/v2\/product"}],"about":[{"href":"https:\/\/valesafety.com.pe\/index.php?rest_route=\/wp\/v2\/types\/product"}],"replies":[{"embeddable":true,"href":"https:\/\/valesafety.com.pe\/index.php?rest_route=%2Fwp%2Fv2%2Fcomments&post=4692"}],"wp:featuredmedia":[{"embeddable":true,"href":"https:\/\/valesafety.com.pe\/index.php?rest_route=\/wp\/v2\/media\/4741"}],"wp:attachment":[{"href":"https:\/\/valesafety.com.pe\/index.php?rest_route=%2Fwp%2Fv2%2Fmedia&parent=4692"}],"wp:term":[{"taxonomy":"product_brand","embeddable":true,"href":"https:\/\/valesafety.com.pe\/index.php?rest_route=%2Fwp%2Fv2%2Fproduct_brand&post=4692"},{"taxonomy":"product_cat","embeddable":true,"href":"https:\/\/valesafety.com.pe\/index.php?rest_route=%2Fwp%2Fv2%2Fproduct_cat&post=4692"},{"taxonomy":"product_tag","embeddable":true,"href":"https:\/\/valesafety.com.pe\/index.php?rest_route=%2Fwp%2Fv2%2Fproduct_tag&post=4692"}],"curies":[{"name":"wp","href":"https:\/\/api.w.org\/{rel}","templated":true}]}}