{"id":4691,"date":"2026-04-23T22:36:51","date_gmt":"2026-04-23T20:36:51","guid":{"rendered":"http:\/\/localhost\/borrador\/?post_type=product&#038;p=4691"},"modified":"2026-05-06T13:08:06","modified_gmt":"2026-05-06T18:08:06","slug":"buzo-pala2hvco-delta-plus","status":"publish","type":"product","link":"https:\/\/valesafety.com.pe\/?product=buzo-pala2hvco-delta-plus","title":{"rendered":"Buzo Pala2Hvco Delta Plus"},"content":{"rendered":"<h2>Buzo Pala2Hvco<\/h2>\n<ul>\n<li>BUZO DE TRABAJO PALAOS DE ALGOD\u00d3N<\/li>\n<li>Cierre por cremallera con doble cursor y corchetes.<\/li>\n<li>Cintura el\u00e1stica en la espalda.<\/li>\n<li>Cuenta con 5 bolsillos incluye 1 para metro.<\/li>\n<li>Tejido 100% algod\u00f3n 290 g\/m\u00b2.<\/li>\n<\/ul>\n<p>Necesitas m\u00e1s productos encuentralos en nuestra <a href=\"https:\/\/valesafety.com.pe\/tienda\">tienda\u00a0<\/a><\/p>\n<p>Para m\u00e1s informaci\u00f3n sobre este y otros productos, no dudes en contactarnos por <a href=\"https:\/\/api.whatsapp.com\/send\/?phone=924339827&amp;text&amp;type=phone_number&amp;app_absent=0\" target=\"_blank\" rel=\"noopener\">WhatsApp<\/a>.<\/p>\n","protected":false},"excerpt":{"rendered":"<p data-sourcepos=\"4:1-4:296\">Mameluco DT117 de protecci\u00f3n qu\u00edmica desechable y antiest\u00e1tico tipo 5, dise\u00f1ado para resguardar contra part\u00edculas secas. Fabricado en laminado microporoso y SMS (63 g\/m\u00b2), cuenta con capucha fija, pu\u00f1os acanalados y un cierre de doble cursor con solapa y velcro para un ajuste seguro.<\/p>\n","protected":false},"featured_media":4740,"comment_status":"closed","ping_status":"closed","template":"","meta":{"_acf_changed":false},"product_brand":[27],"product_cat":[109,110,66,67],"product_tag":[438,439,341],"class_list":{"0":"post-4691","1":"product","2":"type-product","3":"status-publish","4":"has-post-thumbnail","6":"product_brand-deltaplus","7":"product_cat-mameluco","8":"product_cat-overol","9":"product_cat-ropa-de-seguridad","10":"product_cat-ropa-de-trabajo","11":"product_tag-overol-termico","12":"product_tag-pala2hvco","13":"product_tag-proteccion-corporal","15":"first","16":"instock","17":"shipping-taxable","18":"purchasable","19":"product-type-simple"},"acf":[],"_links":{"self":[{"href":"https:\/\/valesafety.com.pe\/index.php?rest_route=\/wp\/v2\/product\/4691","targetHints":{"allow":["GET"]}}],"collection":[{"href":"https:\/\/valesafety.com.pe\/index.php?rest_route=\/wp\/v2\/product"}],"about":[{"href":"https:\/\/valesafety.com.pe\/index.php?rest_route=\/wp\/v2\/types\/product"}],"replies":[{"embeddable":true,"href":"https:\/\/valesafety.com.pe\/index.php?rest_route=%2Fwp%2Fv2%2Fcomments&post=4691"}],"wp:featuredmedia":[{"embeddable":true,"href":"https:\/\/valesafety.com.pe\/index.php?rest_route=\/wp\/v2\/media\/4740"}],"wp:attachment":[{"href":"https:\/\/valesafety.com.pe\/index.php?rest_route=%2Fwp%2Fv2%2Fmedia&parent=4691"}],"wp:term":[{"taxonomy":"product_brand","embeddable":true,"href":"https:\/\/valesafety.com.pe\/index.php?rest_route=%2Fwp%2Fv2%2Fproduct_brand&post=4691"},{"taxonomy":"product_cat","embeddable":true,"href":"https:\/\/valesafety.com.pe\/index.php?rest_route=%2Fwp%2Fv2%2Fproduct_cat&post=4691"},{"taxonomy":"product_tag","embeddable":true,"href":"https:\/\/valesafety.com.pe\/index.php?rest_route=%2Fwp%2Fv2%2Fproduct_tag&post=4691"}],"curies":[{"name":"wp","href":"https:\/\/api.w.org\/{rel}","templated":true}]}}