{"id":4681,"date":"2026-04-23T22:36:25","date_gmt":"2026-04-23T20:36:25","guid":{"rendered":"http:\/\/localhost\/borrador\/?post_type=product&#038;p=4681"},"modified":"2026-05-06T17:45:02","modified_gmt":"2026-05-06T22:45:02","slug":"mameluco-dt117-deltaplus","status":"publish","type":"product","link":"https:\/\/valesafety.com.pe\/?product=mameluco-dt117-deltaplus","title":{"rendered":"Mameluco DT117 Deltaplus"},"content":{"rendered":"<h2>Mameluco DT117<\/h2>\n<ul>\n<li>Deltatek\u00ae 5000 microporoso laminado 63 g\/m\u00b2.<\/li>\n<li>La capucha de polietileno asegura una mejor resistencia a los qu\u00edmicos y tambi\u00e9n una mayor resistencia al desgarro.<\/li>\n<li>Capucha de tres paneles: Acompa\u00f1a los movimientos de la cabeza, para mayor comodidad<\/li>\n<li class=\"span2 image\">\n<div class=\"row-fluid\">\n<div class=\"span2 image\">Pu\u00f1os de tejido de punto: Buena sujeci\u00f3n de la prenda sobre el pu\u00f1o<\/div>\n<h3>Normas y certificaciones:<\/h3>\n<\/div>\n<\/li>\n<li class=\"span2 image\">\n<div class=\"row-fluid\">EN1149-5:2018\u00a0Propiedades electrost\u00e1ticas \u2013 Parte 5: Requisitos de comportamiento de material y de dise\u00f1o<\/div>\n<\/li>\n<li class=\"span2 image\">\n<div class=\"row-fluid\">EN14126:2003+AC:2004 Ropas de protecci\u00f3n \u2013 Requisitos y m\u00e9todos de ensayo para la ropa de protecci\u00f3n contra agentes biol\u00f3gicos<\/div>\n<\/li>\n<li class=\"span2 image\">\n<div class=\"row-fluid\">EN ISO 13982-1:2004+A1:2010\u00a0Ropa de protecci\u00f3n para uso contra part\u00edculas s\u00f3lidas \u2013 Ropa de tipo 5<\/div>\n<\/li>\n<li class=\"span2 image\">\n<div class=\"row-fluid\">EN13034:2005+A1:2009\u00a0Requisitos para las prendas de protecci\u00f3n contra productos qu\u00edmicos que ofrecen un comportamiento limitado de protecci\u00f3n contra l\u00edquidos qu\u00edmicos (equipos del tipo 6)<\/div>\n<\/li>\n<li class=\"span2 image\">\n<div class=\"row-fluid\">EN ISO 13688:2013 Requisitos generales para prendas de protecci\u00f3n.<\/div>\n<\/li>\n<\/ul>\n<p>Necesitas m\u00e1s productos encuentralos en nuestra\u00a0<a href=\"https:\/\/valesafety.com.pe\/tienda\">tienda\u00a0<\/a><\/p>\n<p>Para m\u00e1s informaci\u00f3n sobre este y otros productos, no dudes en contactarnos por\u00a0<a href=\"http:\/\/wa.me\/51923151009\" target=\"_blank\" rel=\"noopener\">WhatsApp<\/a>.<\/p>\n","protected":false},"excerpt":{"rendered":"<p>Buzo con capucha el\u00e1stica. Tipo 5-B\/6-B. No tejido microporoso laminado Deltatek 5000. Cierre por cremallera con doble cursor bajo solapa adhesiva. El\u00e1stico de ajuste en la cintura y en los tobillos. Pui\u00f1os de tejido de punto. Antiest\u00e1tico. Uso corto.<\/p>\n","protected":false},"featured_media":4739,"comment_status":"closed","ping_status":"closed","template":"","meta":{"_acf_changed":false},"product_brand":[27],"product_cat":[109,110,66,67],"product_tag":[],"class_list":{"0":"post-4681","1":"product","2":"type-product","3":"status-publish","4":"has-post-thumbnail","6":"product_brand-deltaplus","7":"product_cat-mameluco","8":"product_cat-overol","9":"product_cat-ropa-de-seguridad","10":"product_cat-ropa-de-trabajo","12":"first","13":"instock","14":"shipping-taxable","15":"purchasable","16":"product-type-simple"},"acf":[],"_links":{"self":[{"href":"https:\/\/valesafety.com.pe\/index.php?rest_route=\/wp\/v2\/product\/4681","targetHints":{"allow":["GET"]}}],"collection":[{"href":"https:\/\/valesafety.com.pe\/index.php?rest_route=\/wp\/v2\/product"}],"about":[{"href":"https:\/\/valesafety.com.pe\/index.php?rest_route=\/wp\/v2\/types\/product"}],"replies":[{"embeddable":true,"href":"https:\/\/valesafety.com.pe\/index.php?rest_route=%2Fwp%2Fv2%2Fcomments&post=4681"}],"wp:featuredmedia":[{"embeddable":true,"href":"https:\/\/valesafety.com.pe\/index.php?rest_route=\/wp\/v2\/media\/4739"}],"wp:attachment":[{"href":"https:\/\/valesafety.com.pe\/index.php?rest_route=%2Fwp%2Fv2%2Fmedia&parent=4681"}],"wp:term":[{"taxonomy":"product_brand","embeddable":true,"href":"https:\/\/valesafety.com.pe\/index.php?rest_route=%2Fwp%2Fv2%2Fproduct_brand&post=4681"},{"taxonomy":"product_cat","embeddable":true,"href":"https:\/\/valesafety.com.pe\/index.php?rest_route=%2Fwp%2Fv2%2Fproduct_cat&post=4681"},{"taxonomy":"product_tag","embeddable":true,"href":"https:\/\/valesafety.com.pe\/index.php?rest_route=%2Fwp%2Fv2%2Fproduct_tag&post=4681"}],"curies":[{"name":"wp","href":"https:\/\/api.w.org\/{rel}","templated":true}]}}