{"id":4680,"date":"2026-04-23T22:36:24","date_gmt":"2026-04-23T20:36:24","guid":{"rendered":"http:\/\/localhost\/borrador\/?post_type=product&#038;p=4680"},"modified":"2026-05-06T17:45:34","modified_gmt":"2026-05-06T22:45:34","slug":"mameluco-dt221-deltaplus","status":"publish","type":"product","link":"https:\/\/valesafety.com.pe\/?product=mameluco-dt221-deltaplus","title":{"rendered":"Mameluco DT221 \u2013 Deltaplus"},"content":{"rendered":"<h2>Mameluco DT221 &#8211; Deltaplus<\/h2>\n<ul>\n<li>Buzo con capucha el\u00e1stica.<\/li>\n<li>Tipo 5\/6.<\/li>\n<li>No tejido SMMS DELTATEK 6000.<\/li>\n<li>Cierre por cremallera con doble cursor bajo solapa adhesiva.<\/li>\n<li>El\u00e1stico de ajuste en los tobillos, la cintura y en la cabeza.<\/li>\n<li>Pu\u00f1os con tejido de punto.<\/li>\n<li>Antiest\u00e1tico.<\/li>\n<li>Uso corto.<\/li>\n<li>Embalaje individual al vac\u00edo.<\/li>\n<li>No tejido DELTATEK 6000 : 100% SMMS 60 g\/m\u00b2.<\/li>\n<li>S (Polipropileno) \u2013 MM (varias capas de polipropileno fundido soplado) \u2013 S (Polipropileno).<\/li>\n<li>100% polipropileno SMMS*<\/li>\n<\/ul>\n<p>Necesitas m\u00e1s productos encu\u00e9ntralos en nuestra <a href=\"https:\/\/valesafety.com.pe\/tienda\">tienda .<\/a><\/p>\n<p>Para m\u00e1s informaci\u00f3n sobre este y otros productos, no dudes en contactarnos por\u00a0<a href=\"http:\/\/wa.me\/977762682\" target=\"_blank\" rel=\"noopener\">WhatsApp<\/a>.<\/p>\n","protected":false},"excerpt":{"rendered":"<p>Buzo con capucha el\u00e1stica. Tipo 5\/6. No tejido SMMS DELTATEK 6000. Cierre por cremallera con doble cursor bajo solapa adhesiva. El\u00e1stico de ajuste en los tobillos, la cintura y en la cabeza. Pu\u00f1os con tejido de punto. Anti\u00e9statico.<\/p>\n","protected":false},"featured_media":4738,"comment_status":"closed","ping_status":"closed","template":"","meta":{"_acf_changed":false},"product_brand":[27],"product_cat":[109,110,66,67],"product_tag":[437],"class_list":{"0":"post-4680","1":"product","2":"type-product","3":"status-publish","4":"has-post-thumbnail","6":"product_brand-deltaplus","7":"product_cat-mameluco","8":"product_cat-overol","9":"product_cat-ropa-de-seguridad","10":"product_cat-ropa-de-trabajo","11":"product_tag-overol-dt221","13":"first","14":"instock","15":"shipping-taxable","16":"purchasable","17":"product-type-simple"},"acf":[],"_links":{"self":[{"href":"https:\/\/valesafety.com.pe\/index.php?rest_route=\/wp\/v2\/product\/4680","targetHints":{"allow":["GET"]}}],"collection":[{"href":"https:\/\/valesafety.com.pe\/index.php?rest_route=\/wp\/v2\/product"}],"about":[{"href":"https:\/\/valesafety.com.pe\/index.php?rest_route=\/wp\/v2\/types\/product"}],"replies":[{"embeddable":true,"href":"https:\/\/valesafety.com.pe\/index.php?rest_route=%2Fwp%2Fv2%2Fcomments&post=4680"}],"wp:featuredmedia":[{"embeddable":true,"href":"https:\/\/valesafety.com.pe\/index.php?rest_route=\/wp\/v2\/media\/4738"}],"wp:attachment":[{"href":"https:\/\/valesafety.com.pe\/index.php?rest_route=%2Fwp%2Fv2%2Fmedia&parent=4680"}],"wp:term":[{"taxonomy":"product_brand","embeddable":true,"href":"https:\/\/valesafety.com.pe\/index.php?rest_route=%2Fwp%2Fv2%2Fproduct_brand&post=4680"},{"taxonomy":"product_cat","embeddable":true,"href":"https:\/\/valesafety.com.pe\/index.php?rest_route=%2Fwp%2Fv2%2Fproduct_cat&post=4680"},{"taxonomy":"product_tag","embeddable":true,"href":"https:\/\/valesafety.com.pe\/index.php?rest_route=%2Fwp%2Fv2%2Fproduct_tag&post=4680"}],"curies":[{"name":"wp","href":"https:\/\/api.w.org\/{rel}","templated":true}]}}