{"id":4677,"date":"2026-04-23T22:36:24","date_gmt":"2026-04-23T20:36:24","guid":{"rendered":"http:\/\/localhost\/borrador\/?post_type=product&#038;p=4677"},"modified":"2026-05-06T15:48:58","modified_gmt":"2026-05-06T20:48:58","slug":"conjunto-de-lluvia-ma400","status":"publish","type":"product","link":"https:\/\/valesafety.com.pe\/?product=conjunto-de-lluvia-ma400","title":{"rendered":"Conjunto de lluvia MA400"},"content":{"rendered":"<h2>Conjunto de lluvia MA400<\/h2>\n<ul>\n<li><strong>Material resistente<\/strong>: Fabricado en poli\u00e9ster con recubrimiento de PVC para m\u00e1xima impermeabilidad.<\/li>\n<li><strong>Capucha integrada<\/strong>: Dise\u00f1o fijo que ofrece una protecci\u00f3n adicional contra la lluvia.<\/li>\n<li><strong>Sistema de cierre<\/strong>: Cremallera antifr\u00edo para un ajuste seguro y aislante.<\/li>\n<li><strong>Pu\u00f1os c\u00f3modos<\/strong>: El\u00e1sticos internos que brindan un ajuste preciso.<\/li>\n<li><strong>Detalles funcionales<\/strong>: Dos bolsillos pr\u00e1cticos para almacenamiento.<\/li>\n<li><strong>Costuras selladas<\/strong>: Termoselladas para una mayor protecci\u00f3n contra el agua.<\/li>\n<li><strong>Ventilaci\u00f3n mejorada<\/strong>: Incluye aireaci\u00f3n en la espalda y ojales bajo las mangas para facilitar la eliminaci\u00f3n de la transpiraci\u00f3n.<\/li>\n<li><strong>Elementos reflectantes<\/strong>: Bandas decorativas en el frente y la espalda para mayor visibilidad.<\/li>\n<\/ul>\n<p>Necesitas m\u00e1s productos encu\u00e9ntralos en nuestra <a href=\"https:\/\/valesafety.com.pe\/tienda\">tienda .<\/a><\/p>\n<p>Para m\u00e1s informaci\u00f3n sobre este y otros productos, no dudes en contactarnos por\u00a0<a href=\"http:\/\/wa.me\/977762682\" target=\"_blank\" rel=\"noopener\">WhatsApp<\/a>.<\/p>\n","protected":false},"excerpt":{"rendered":"<div class=\"flex max-w-full flex-col flex-grow\">\n<div class=\"min-h-8 text-message flex w-full flex-col items-end gap-2 whitespace-normal break-words text-start [.text-message+&amp;]:mt-5\" dir=\"auto\" data-message-author-role=\"assistant\" data-message-id=\"db043d27-9a90-46c7-9689-122c1f774489\" data-message-model-slug=\"gpt-4o\">\n<div class=\"flex w-full flex-col gap-1 empty:hidden first:pt-[3px]\">\n<div class=\"markdown prose w-full break-words dark:prose-invert dark\">\n<p>Abrigo impermeable dise\u00f1ado con tejido reforzado para garantizar mayor resistencia y durabilidad frente a condiciones clim\u00e1ticas extremas.<\/p>\n<\/div>\n<\/div>\n<\/div>\n<\/div>\n","protected":false},"featured_media":4735,"comment_status":"closed","ping_status":"closed","template":"","meta":{"_acf_changed":false},"product_brand":[27],"product_cat":[114],"product_tag":[],"class_list":{"0":"post-4677","1":"product","2":"type-product","3":"status-publish","4":"has-post-thumbnail","6":"product_brand-deltaplus","7":"product_cat-vestuario-tecnico","9":"first","10":"instock","11":"shipping-taxable","12":"purchasable","13":"product-type-simple"},"acf":[],"_links":{"self":[{"href":"https:\/\/valesafety.com.pe\/index.php?rest_route=\/wp\/v2\/product\/4677","targetHints":{"allow":["GET"]}}],"collection":[{"href":"https:\/\/valesafety.com.pe\/index.php?rest_route=\/wp\/v2\/product"}],"about":[{"href":"https:\/\/valesafety.com.pe\/index.php?rest_route=\/wp\/v2\/types\/product"}],"replies":[{"embeddable":true,"href":"https:\/\/valesafety.com.pe\/index.php?rest_route=%2Fwp%2Fv2%2Fcomments&post=4677"}],"wp:featuredmedia":[{"embeddable":true,"href":"https:\/\/valesafety.com.pe\/index.php?rest_route=\/wp\/v2\/media\/4735"}],"wp:attachment":[{"href":"https:\/\/valesafety.com.pe\/index.php?rest_route=%2Fwp%2Fv2%2Fmedia&parent=4677"}],"wp:term":[{"taxonomy":"product_brand","embeddable":true,"href":"https:\/\/valesafety.com.pe\/index.php?rest_route=%2Fwp%2Fv2%2Fproduct_brand&post=4677"},{"taxonomy":"product_cat","embeddable":true,"href":"https:\/\/valesafety.com.pe\/index.php?rest_route=%2Fwp%2Fv2%2Fproduct_cat&post=4677"},{"taxonomy":"product_tag","embeddable":true,"href":"https:\/\/valesafety.com.pe\/index.php?rest_route=%2Fwp%2Fv2%2Fproduct_tag&post=4677"}],"curies":[{"name":"wp","href":"https:\/\/api.w.org\/{rel}","templated":true}]}}