{"id":4675,"date":"2026-04-23T22:36:24","date_gmt":"2026-04-23T20:36:24","guid":{"rendered":"http:\/\/localhost\/borrador\/?post_type=product&#038;p=4675"},"modified":"2026-05-06T15:50:19","modified_gmt":"2026-05-06T20:50:19","slug":"conjunto-lluvia-en400","status":"publish","type":"product","link":"https:\/\/valesafety.com.pe\/?product=conjunto-lluvia-en400","title":{"rendered":"Conjunto lluvia EN400"},"content":{"rendered":"<h2>Conjunto lluvia EN400<\/h2>\n<ul>\n<li><strong>Ventilaci\u00f3n mejorada<\/strong>: Aireaci\u00f3n en la parte trasera y orificios bajo las mangas para optimizar la eliminaci\u00f3n de la transpiraci\u00f3n.<\/li>\n<li><strong>Conjunto impermeable<\/strong>: Incluye chaqueta y pantal\u00f3n con costuras termoselladas para garantizar protecci\u00f3n contra la lluvia.<\/li>\n<\/ul>\n<p><strong>CHAQUETA<\/strong><\/p>\n<div class=\"min-h-8 text-message flex w-full flex-col items-end gap-2 whitespace-normal break-words text-start [.text-message+&amp;]:mt-5\" dir=\"auto\" data-message-author-role=\"assistant\" data-message-id=\"b9883051-a8ab-413c-b70d-eec9dd26b98c\" data-message-model-slug=\"gpt-4o\">\n<div class=\"flex w-full flex-col gap-1 empty:hidden first:pt-[3px]\">\n<div class=\"markdown prose w-full break-words dark:prose-invert dark\">\n<ul>\n<li><strong>Capucha integrada<\/strong>: Dise\u00f1o fijo para mayor cobertura.<\/li>\n<li><strong>Sistema de cierre<\/strong>: Cremallera antifr\u00edo para mantener el calor.<\/li>\n<li><strong>Dise\u00f1o pr\u00e1ctico<\/strong>: Mangas tipo ragl\u00e1n y pu\u00f1os ajustables mediante corchetes.<\/li>\n<li><strong>Almacenamiento funcional<\/strong>: Dos bolsillos espaciosos.<\/li>\n<\/ul>\n<h3><strong>PANTAL\u00d3N<\/strong><\/h3>\n<\/div>\n<\/div>\n<\/div>\n<p>&nbsp;<\/p>\n<ul>\n<li>\n<div class=\"flex max-w-full flex-col flex-grow\"><strong>Material resistente<\/strong>: Fabricado en poli\u00e9ster con recubrimiento de PVC para m\u00e1xima impermeabilidad y durabilidad.<\/div>\n<\/li>\n<li>\n<div class=\"flex max-w-full flex-col flex-grow\"><strong>Acceso pr\u00e1ctico<\/strong>: Dos pasamanos para facilitar el alcance de bolsillos internos.<\/div>\n<\/li>\n<li>\n<div class=\"flex max-w-full flex-col flex-grow\"><strong>Piernas ajustables<\/strong>: Bajos regulables con corchetes para un ajuste perfecto.<\/div>\n<\/li>\n<li>\n<div class=\"flex max-w-full flex-col flex-grow\"><strong>Cintura c\u00f3moda<\/strong>: El\u00e1stica para un ajuste seguro y pr\u00e1ctico.<\/div>\n<\/li>\n<\/ul>\n<p>Necesitas m\u00e1s productos encu\u00e9ntralos en nuestra <a href=\"https:\/\/valesafety.com.pe\/tienda\">tienda .<\/a><\/p>\n<p>Para m\u00e1s informaci\u00f3n sobre este y otros productos, no dudes en contactarnos por\u00a0<a href=\"http:\/\/wa.me\/977762682\" target=\"_blank\" rel=\"noopener\">WhatsApp<\/a>.<\/p>\n","protected":false},"excerpt":{"rendered":"<p class=\"product-description__short-description\">Conjunto de lluvia impermeable recubierto de tejido reforzado para una mayor durabilidad en condiciones meteorol\u00f3gicas advers.<\/p>\n","protected":false},"featured_media":4724,"comment_status":"closed","ping_status":"closed","template":"","meta":{"_acf_changed":false},"product_brand":[27],"product_cat":[114],"product_tag":[425,426,427,428],"class_list":{"0":"post-4675","1":"product","2":"type-product","3":"status-publish","4":"has-post-thumbnail","6":"product_brand-deltaplus","7":"product_cat-vestuario-tecnico","8":"product_tag-conjunto-de-lluvia","9":"product_tag-conjunto-en-400","10":"product_tag-conjunto-en400","11":"product_tag-en-400","13":"first","14":"instock","15":"shipping-taxable","16":"purchasable","17":"product-type-simple"},"acf":[],"_links":{"self":[{"href":"https:\/\/valesafety.com.pe\/index.php?rest_route=\/wp\/v2\/product\/4675","targetHints":{"allow":["GET"]}}],"collection":[{"href":"https:\/\/valesafety.com.pe\/index.php?rest_route=\/wp\/v2\/product"}],"about":[{"href":"https:\/\/valesafety.com.pe\/index.php?rest_route=\/wp\/v2\/types\/product"}],"replies":[{"embeddable":true,"href":"https:\/\/valesafety.com.pe\/index.php?rest_route=%2Fwp%2Fv2%2Fcomments&post=4675"}],"wp:featuredmedia":[{"embeddable":true,"href":"https:\/\/valesafety.com.pe\/index.php?rest_route=\/wp\/v2\/media\/4724"}],"wp:attachment":[{"href":"https:\/\/valesafety.com.pe\/index.php?rest_route=%2Fwp%2Fv2%2Fmedia&parent=4675"}],"wp:term":[{"taxonomy":"product_brand","embeddable":true,"href":"https:\/\/valesafety.com.pe\/index.php?rest_route=%2Fwp%2Fv2%2Fproduct_brand&post=4675"},{"taxonomy":"product_cat","embeddable":true,"href":"https:\/\/valesafety.com.pe\/index.php?rest_route=%2Fwp%2Fv2%2Fproduct_cat&post=4675"},{"taxonomy":"product_tag","embeddable":true,"href":"https:\/\/valesafety.com.pe\/index.php?rest_route=%2Fwp%2Fv2%2Fproduct_tag&post=4675"}],"curies":[{"name":"wp","href":"https:\/\/api.w.org\/{rel}","templated":true}]}}