{"id":4665,"date":"2026-04-23T22:35:57","date_gmt":"2026-04-23T20:35:57","guid":{"rendered":"http:\/\/localhost\/borrador\/?post_type=product&#038;p=4665"},"modified":"2026-05-07T10:07:34","modified_gmt":"2026-05-07T15:07:34","slug":"polo-pique-anti-feu-et-antistatique-polfr2bm","status":"publish","type":"product","link":"https:\/\/valesafety.com.pe\/?product=polo-pique-anti-feu-et-antistatique-polfr2bm","title":{"rendered":"Polo Piqu\u00e9 anti-feu ET antistatique POLFR2BM"},"content":{"rendered":"<h2>Polo Piqu\u00e9 anti-feu ET antistatique POLFR2BM<\/h2>\n<ul>\n<li class=\"view__zone_property\">Tipo de cuello : Cuello polo con cierre con broches<\/li>\n<li class=\"view__zone_property\">Talla de la manga : Manga larga<\/li>\n<li class=\"view__zone_property\">Parte inferior de la manga : Acanalado<\/li>\n<\/ul>\n<p>Necesitas m\u00e1s productos encu\u00e9ntralos en nuestra <a href=\"https:\/\/valesafety.com.pe\/tienda\">tienda .<\/a><\/p>\n<p>Para m\u00e1s informaci\u00f3n sobre este y otros productos, no dudes en contactarnos por\u00a0<a href=\"http:\/\/wa.me\/977762682\" target=\"_blank\" rel=\"noopener\">WhatsApp<\/a>.<\/p>\n","protected":false},"excerpt":{"rendered":"<p class=\"product-description__short-description\">Polo multirriesgo de punto piqu\u00e9, compuesto por 60% modacr\u00edlico, 39% algod\u00f3n y 1% fibra antiest\u00e1tica. Dise\u00f1o masculino\/unisex con cuello polo cerrado con broches y mangas largas. Disponible en azul marino, tallas S a 4XL. Ideal para protecci\u00f3n y comodidad.<\/p>\n","protected":false},"featured_media":4722,"comment_status":"closed","ping_status":"closed","template":"","meta":{"_acf_changed":false},"product_brand":[27],"product_cat":[114],"product_tag":[],"class_list":{"0":"post-4665","1":"product","2":"type-product","3":"status-publish","4":"has-post-thumbnail","6":"product_brand-deltaplus","7":"product_cat-vestuario-tecnico","9":"first","10":"instock","11":"shipping-taxable","12":"purchasable","13":"product-type-simple"},"acf":[],"_links":{"self":[{"href":"https:\/\/valesafety.com.pe\/index.php?rest_route=\/wp\/v2\/product\/4665","targetHints":{"allow":["GET"]}}],"collection":[{"href":"https:\/\/valesafety.com.pe\/index.php?rest_route=\/wp\/v2\/product"}],"about":[{"href":"https:\/\/valesafety.com.pe\/index.php?rest_route=\/wp\/v2\/types\/product"}],"replies":[{"embeddable":true,"href":"https:\/\/valesafety.com.pe\/index.php?rest_route=%2Fwp%2Fv2%2Fcomments&post=4665"}],"wp:featuredmedia":[{"embeddable":true,"href":"https:\/\/valesafety.com.pe\/index.php?rest_route=\/wp\/v2\/media\/4722"}],"wp:attachment":[{"href":"https:\/\/valesafety.com.pe\/index.php?rest_route=%2Fwp%2Fv2%2Fmedia&parent=4665"}],"wp:term":[{"taxonomy":"product_brand","embeddable":true,"href":"https:\/\/valesafety.com.pe\/index.php?rest_route=%2Fwp%2Fv2%2Fproduct_brand&post=4665"},{"taxonomy":"product_cat","embeddable":true,"href":"https:\/\/valesafety.com.pe\/index.php?rest_route=%2Fwp%2Fv2%2Fproduct_cat&post=4665"},{"taxonomy":"product_tag","embeddable":true,"href":"https:\/\/valesafety.com.pe\/index.php?rest_route=%2Fwp%2Fv2%2Fproduct_tag&post=4665"}],"curies":[{"name":"wp","href":"https:\/\/api.w.org\/{rel}","templated":true}]}}