{"id":4664,"date":"2026-04-23T22:35:56","date_gmt":"2026-04-23T20:35:56","guid":{"rendered":"http:\/\/localhost\/borrador\/?post_type=product&#038;p=4664"},"modified":"2026-05-06T12:18:43","modified_gmt":"2026-05-06T17:18:43","slug":"balaclava-cagfr2","status":"publish","type":"product","link":"https:\/\/valesafety.com.pe\/?product=balaclava-cagfr2","title":{"rendered":"Balaclava CAGFR2"},"content":{"rendered":"<h2>Balaclava CAGFR2<\/h2>\n<p class=\"mt-2 text-gray-600\">Fabricado con Jersey de punto de alta calidad para un confort y protecci\u00f3n superiores.<\/p>\n<ul class=\"mt-4 space-y-2 text-gray-700\">\n<li class=\"flex items-center gap-3\"><strong>Material:<\/strong>\u00a060% modacr\u00edlica, 39% algod\u00f3n, 1% fibra antiest\u00e1tica.<\/li>\n<li class=\"flex items-center gap-3\"><strong>Gramaje:<\/strong>\u00a0200 g\/m\u00b2.<\/li>\n<\/ul>\n<h3><strong>Aplicaciones:<\/strong><\/h3>\n<ul>\n<li>Edificaci\u00f3n<\/li>\n<li>Reformas \/ Profesional aut\u00f3nomo<\/li>\n<li>Industria pesada<\/li>\n<li>Industria ligera<\/li>\n<li>Mantenimiento<\/li>\n<li>Industria qu\u00edmica<\/li>\n<li>Autom\u00f3vil<\/li>\n<li>Petr\u00f3leo y gas (extracci\u00f3n)<\/li>\n<li>Industria minera<\/li>\n<li>Petroqu\u00edmica<\/li>\n<li>Energ\u00eda<\/li>\n<\/ul>\n<div class=\"grid grid-cols-1 gap-1 py-3 sm:grid-cols-3 sm:gap-4\">\n<p><strong>Color<\/strong>\u00a0 \u00a0 \u00a0 \u00a0 \u00a0 \u00a0 \u00a0 \u00a0 \u00a0 \u00a0 \u00a0 \u00a0 \u00a0 \u00a0 \u00a0 \u00a0 \u00a0 \u00a0 \u00a0 \u00a0 \u00a0 \u00a0 Azul oscuro<\/p>\n<hr \/>\n<p><strong>Talla\u00a0 \u00a0<\/strong> \u00a0 \u00a0 \u00a0 \u00a0 \u00a0 \u00a0 \u00a0 \u00a0 \u00a0 \u00a0 \u00a0 \u00a0 \u00a0 \u00a0 \u00a0 \u00a0 \u00a0 \u00a0 \u00a0 \u00a0 \u00a0\u00danica<\/p>\n<\/div>\n<div class=\"grid grid-cols-1 gap-1 py-3 sm:grid-cols-3 sm:gap-4\">\n<hr \/>\n<p><strong>G\u00e9nero<\/strong>\u00a0 \u00a0 \u00a0 \u00a0 \u00a0 \u00a0 \u00a0 \u00a0 \u00a0 \u00a0 \u00a0 \u00a0 \u00a0 \u00a0 \u00a0 \u00a0 \u00a0 \u00a0 \u00a0 \u00a0 \u00a0Hombre \/ Unisex<\/p>\n<\/div>\n<div><\/div>\n<div>\n<p>Necesitas m\u00e1s productos encu\u00e9ntralos en nuestra <a href=\"https:\/\/valesafety.com.pe\/tienda\">tienda .<\/a><\/p>\n<p>Para m\u00e1s informaci\u00f3n sobre este y otros productos, no dudes en contactarnos por\u00a0<a href=\"http:\/\/wa.me\/977762682\" target=\"_blank\" rel=\"noopener\">WhatsApp<\/a>.<\/p>\n<\/div>\n","protected":false},"excerpt":{"rendered":"<p>Balaclava multirriesgo de alto rendimiento, especialmente dise\u00f1ada para ser apta para\u00a0<strong>electricistas y para el acceso a zonas ATEX<\/strong>, garantizando la m\u00e1xima seguridad en entornos peligrosos.<\/p>\n","protected":false},"featured_media":4721,"comment_status":"closed","ping_status":"closed","template":"","meta":{"_acf_changed":false},"product_brand":[27],"product_cat":[114],"product_tag":[421,422],"class_list":{"0":"post-4664","1":"product","2":"type-product","3":"status-publish","4":"has-post-thumbnail","6":"product_brand-deltaplus","7":"product_cat-vestuario-tecnico","8":"product_tag-balaclava-deltaplus","9":"product_tag-ignifuga-cagfr2","11":"first","12":"instock","13":"shipping-taxable","14":"purchasable","15":"product-type-simple"},"acf":[],"_links":{"self":[{"href":"https:\/\/valesafety.com.pe\/index.php?rest_route=\/wp\/v2\/product\/4664","targetHints":{"allow":["GET"]}}],"collection":[{"href":"https:\/\/valesafety.com.pe\/index.php?rest_route=\/wp\/v2\/product"}],"about":[{"href":"https:\/\/valesafety.com.pe\/index.php?rest_route=\/wp\/v2\/types\/product"}],"replies":[{"embeddable":true,"href":"https:\/\/valesafety.com.pe\/index.php?rest_route=%2Fwp%2Fv2%2Fcomments&post=4664"}],"wp:featuredmedia":[{"embeddable":true,"href":"https:\/\/valesafety.com.pe\/index.php?rest_route=\/wp\/v2\/media\/4721"}],"wp:attachment":[{"href":"https:\/\/valesafety.com.pe\/index.php?rest_route=%2Fwp%2Fv2%2Fmedia&parent=4664"}],"wp:term":[{"taxonomy":"product_brand","embeddable":true,"href":"https:\/\/valesafety.com.pe\/index.php?rest_route=%2Fwp%2Fv2%2Fproduct_brand&post=4664"},{"taxonomy":"product_cat","embeddable":true,"href":"https:\/\/valesafety.com.pe\/index.php?rest_route=%2Fwp%2Fv2%2Fproduct_cat&post=4664"},{"taxonomy":"product_tag","embeddable":true,"href":"https:\/\/valesafety.com.pe\/index.php?rest_route=%2Fwp%2Fv2%2Fproduct_tag&post=4664"}],"curies":[{"name":"wp","href":"https:\/\/api.w.org\/{rel}","templated":true}]}}