{"id":4662,"date":"2026-04-23T22:35:56","date_gmt":"2026-04-23T20:35:56","guid":{"rendered":"http:\/\/localhost\/borrador\/?post_type=product&#038;p=4662"},"modified":"2026-05-06T17:42:43","modified_gmt":"2026-05-06T22:42:43","slug":"lentes-policarbonato-helium2-smoke","status":"publish","type":"product","link":"https:\/\/valesafety.com.pe\/?product=lentes-policarbonato-helium2-smoke","title":{"rendered":"Lentes policarbonato Helium2 Smoke"},"content":{"rendered":"<h2>Lentes policarbonato Helium2 Smoke<\/h2>\n<ul>\n<li class=\"view__zone_property\">Material de los vidrios : Policarbonato<\/li>\n<li class=\"view__zone_property\">Tratamiento del vidrio : Antivaho (clasico) &#8211; Antiara\u00f1azos (cl\u00e1sica) &#8211; UV400 &#8211; Antiest\u00e1tica<\/li>\n<li class=\"view__zone_property\">Color de cristal : Ahumado<\/li>\n<li class=\"view__zone_property\">N\u00famero de escal\u00f3n (tono) : 2.5<\/li>\n<li class=\"view__zone_property\">Material de la montura : TPE &#8211; Policarbonato<\/li>\n<li class=\"view__zone_property\">Material de la almohadilla nasal : Policarbonato<\/li>\n<li class=\"view__zone_property\">Peso (g) : 17<\/li>\n<\/ul>\n<p>Necesitas m\u00e1s productos encu\u00e9ntralos en nuestra <a href=\"https:\/\/valesafety.com.pe\/tienda\">tienda\u00a0<\/a><\/p>\n<p>Para m\u00e1s informaci\u00f3n sobre este y otros productos, no dudes en contactarnos por\u00a0<a href=\"http:\/\/wa.me\/51923151009\" target=\"_blank\" rel=\"noopener\">WhatsApp<\/a>.<\/p>\n","protected":false},"excerpt":{"rendered":"<p class=\"product-description__short-description\">Gafas de protecci\u00f3n transparentes ultraligeras con patillas blandas. Patillas extraplanas para una compatibilidad perfecta con cascos antirruido y cascos de ciclista<\/p>\n","protected":false},"featured_media":4719,"comment_status":"closed","ping_status":"closed","template":"","meta":{"_acf_changed":false},"product_brand":[27],"product_cat":[103,65],"product_tag":[416,397,417],"class_list":{"0":"post-4662","1":"product","2":"type-product","3":"status-publish","4":"has-post-thumbnail","6":"product_brand-deltaplus","7":"product_cat-anteojos-de-seguridad","8":"product_cat-proteccion-visual","9":"product_tag-gafas-helium","10":"product_tag-lentes-de-policarbonato","11":"product_tag-lentes-helium","13":"first","14":"instock","15":"shipping-taxable","16":"product-type-simple"},"acf":[],"_links":{"self":[{"href":"https:\/\/valesafety.com.pe\/index.php?rest_route=\/wp\/v2\/product\/4662","targetHints":{"allow":["GET"]}}],"collection":[{"href":"https:\/\/valesafety.com.pe\/index.php?rest_route=\/wp\/v2\/product"}],"about":[{"href":"https:\/\/valesafety.com.pe\/index.php?rest_route=\/wp\/v2\/types\/product"}],"replies":[{"embeddable":true,"href":"https:\/\/valesafety.com.pe\/index.php?rest_route=%2Fwp%2Fv2%2Fcomments&post=4662"}],"wp:featuredmedia":[{"embeddable":true,"href":"https:\/\/valesafety.com.pe\/index.php?rest_route=\/wp\/v2\/media\/4719"}],"wp:attachment":[{"href":"https:\/\/valesafety.com.pe\/index.php?rest_route=%2Fwp%2Fv2%2Fmedia&parent=4662"}],"wp:term":[{"taxonomy":"product_brand","embeddable":true,"href":"https:\/\/valesafety.com.pe\/index.php?rest_route=%2Fwp%2Fv2%2Fproduct_brand&post=4662"},{"taxonomy":"product_cat","embeddable":true,"href":"https:\/\/valesafety.com.pe\/index.php?rest_route=%2Fwp%2Fv2%2Fproduct_cat&post=4662"},{"taxonomy":"product_tag","embeddable":true,"href":"https:\/\/valesafety.com.pe\/index.php?rest_route=%2Fwp%2Fv2%2Fproduct_tag&post=4662"}],"curies":[{"name":"wp","href":"https:\/\/api.w.org\/{rel}","templated":true}]}}