{"id":4660,"date":"2026-04-23T22:35:56","date_gmt":"2026-04-23T20:35:56","guid":{"rendered":"http:\/\/localhost\/borrador\/?post_type=product&#038;p=4660"},"modified":"2026-05-06T16:04:31","modified_gmt":"2026-05-06T21:04:31","slug":"gafas-de-proteccion-rimfire-mirror","status":"publish","type":"product","link":"https:\/\/valesafety.com.pe\/?product=gafas-de-proteccion-rimfire-mirror","title":{"rendered":"Gafas de Protecci\u00f3n Rimfire Mirror"},"content":{"rendered":"<h2>Gafas de Protecci\u00f3n Rimfire Mirror<\/h2>\n<ul>\n<li>Pantalla: policarbonato<\/li>\n<li>Montura: policarbonato con terminaci\u00f3n mate<\/li>\n<li>Puente nasal: FlexGrip\u2122<\/li>\n<li>Protecci\u00f3n UV\/IR: bloquea los rayos UV e infrarrojos del espectro solar<\/li>\n<li>Revestimiento antiara\u00f1azos: protege las gafas de la abrasi\u00f3n y mantiene su durabilidad<\/li>\n<li>Dise\u00f1o deportivo y moderno<\/li>\n<li>Se puede usar en diferentes ambitos.<\/li>\n<li>Protecci\u00f3n bal\u00edstica.<\/li>\n<\/ul>\n<p>Necesitas m\u00e1s productos encu\u00e9ntralos en nuestra <a href=\"https:\/\/valesafety.com.pe\/tienda\">tienda\u00a0<\/a><\/p>\n<p>Para m\u00e1s informaci\u00f3n sobre este y otros productos, no dudes en contactarnos por\u00a0<a href=\"http:\/\/wa.me\/51923151009\" target=\"_blank\" rel=\"noopener\">WhatsApp<\/a>.<\/p>\n","protected":false},"excerpt":{"rendered":"<p>Gafas de protecci\u00f3n deportivas con certificaci\u00f3n de impacto bal\u00edstico. Dise\u00f1o deportivo con montura de policarbonato con terminaci\u00f3n mate para mayor comodidad y solidez.<\/p>\n","protected":false},"featured_media":4717,"comment_status":"closed","ping_status":"closed","template":"","meta":{"_acf_changed":false},"product_brand":[27],"product_cat":[103,65],"product_tag":[413,414,415],"class_list":{"0":"post-4660","1":"product","2":"type-product","3":"status-publish","4":"has-post-thumbnail","6":"product_brand-deltaplus","7":"product_cat-anteojos-de-seguridad","8":"product_cat-proteccion-visual","9":"product_tag-gafa-de-proteccion-rimfire","10":"product_tag-gafas-de-policarbonato","11":"product_tag-lentes-rimfire","13":"first","14":"instock","15":"shipping-taxable","16":"purchasable","17":"product-type-simple"},"acf":[],"_links":{"self":[{"href":"https:\/\/valesafety.com.pe\/index.php?rest_route=\/wp\/v2\/product\/4660","targetHints":{"allow":["GET"]}}],"collection":[{"href":"https:\/\/valesafety.com.pe\/index.php?rest_route=\/wp\/v2\/product"}],"about":[{"href":"https:\/\/valesafety.com.pe\/index.php?rest_route=\/wp\/v2\/types\/product"}],"replies":[{"embeddable":true,"href":"https:\/\/valesafety.com.pe\/index.php?rest_route=%2Fwp%2Fv2%2Fcomments&post=4660"}],"wp:featuredmedia":[{"embeddable":true,"href":"https:\/\/valesafety.com.pe\/index.php?rest_route=\/wp\/v2\/media\/4717"}],"wp:attachment":[{"href":"https:\/\/valesafety.com.pe\/index.php?rest_route=%2Fwp%2Fv2%2Fmedia&parent=4660"}],"wp:term":[{"taxonomy":"product_brand","embeddable":true,"href":"https:\/\/valesafety.com.pe\/index.php?rest_route=%2Fwp%2Fv2%2Fproduct_brand&post=4660"},{"taxonomy":"product_cat","embeddable":true,"href":"https:\/\/valesafety.com.pe\/index.php?rest_route=%2Fwp%2Fv2%2Fproduct_cat&post=4660"},{"taxonomy":"product_tag","embeddable":true,"href":"https:\/\/valesafety.com.pe\/index.php?rest_route=%2Fwp%2Fv2%2Fproduct_tag&post=4660"}],"curies":[{"name":"wp","href":"https:\/\/api.w.org\/{rel}","templated":true}]}}