{"id":4658,"date":"2026-04-23T22:35:55","date_gmt":"2026-04-23T20:35:55","guid":{"rendered":"http:\/\/localhost\/borrador\/?post_type=product&#038;p=4658"},"modified":"2026-05-07T10:08:20","modified_gmt":"2026-05-07T15:08:20","slug":"portalampara-wisdom-kl8m","status":"publish","type":"product","link":"https:\/\/valesafety.com.pe\/?product=portalampara-wisdom-kl8m","title":{"rendered":"Portalampara Wisdom KL8M"},"content":{"rendered":"<h2>Portalampara Wisdom KL8M<\/h2>\n<table class=\"table-condensed table-bordered\">\n<tbody>\n<tr>\n<td class=\"tdgreen\">Versi\u00f3n<\/td>\n<td class=\"tdyellow\">KL8M Standard<\/td>\n<\/tr>\n<tr>\n<td class=\"tdgreen\">Capacidad Nominal<\/td>\n<td class=\"tdyellow\" colspan=\"3\">10400 mAh<\/td>\n<\/tr>\n<tr>\n<td class=\"tdgreen\">Tensi\u00f3n Nominal<\/td>\n<td class=\"tdyellow\">3.7 V<\/td>\n<\/tr>\n<tr>\n<td class=\"tdgreen\">Tiempo de descarga en uso continuo<\/td>\n<td class=\"tdyellow\">13 h<\/td>\n<\/tr>\n<tr>\n<td class=\"tdgreen\">Luz principal: voltaje de funcionamiento<\/td>\n<td class=\"tdyellow\">3.0 V<\/td>\n<\/tr>\n<tr>\n<td class=\"tdgreen\">Luz principal: flujo luminoso<\/td>\n<td class=\"tdyellow\">430 lm<\/td>\n<\/tr>\n<tr>\n<td class=\"tdgreen\">Luz principal: Potencia<\/td>\n<td class=\"tdyellow\">2.67 W<\/td>\n<\/tr>\n<tr>\n<td class=\"tdgreen\">Grado de iluminaci\u00f3n (distancia 1 m)<\/td>\n<td class=\"tdyellow\">24 000 lx<\/td>\n<\/tr>\n<tr>\n<td class=\"tdgreen\">Luz principal: vida \u00fatil<\/td>\n<td class=\"tdyellow\">&gt;50000 h<\/td>\n<\/tr>\n<tr>\n<td class=\"tdgreen\">Luz auxiliar: potencia<\/td>\n<td class=\"tdyellow\" colspan=\"4\">0.4 W<\/td>\n<\/tr>\n<tr>\n<td class=\"tdgreen\">Luz auxiliar: Vida \u00fatil<\/td>\n<td class=\"tdyellow\" colspan=\"4\">40000 h<\/td>\n<\/tr>\n<tr>\n<td class=\"tdgreen\">Tiempo de protecci\u00f3n coto circuito<\/td>\n<td class=\"tdyellow\" colspan=\"4\">&lt; 320 \u03bcs<\/td>\n<\/tr>\n<tr>\n<td class=\"tdgreen\">Vida \u00fatil de la bater\u00eda (recarga)<\/td>\n<td class=\"tdyellow\" colspan=\"4\">1200 ciclos (en condiciones normales de trabajo)<\/td>\n<\/tr>\n<tr>\n<td class=\"tdgreen\">Tiempo de carga NWB20<\/td>\n<td class=\"tdyellow\">5.5-8.5 h<\/td>\n<\/tr>\n<tr>\n<td class=\"tdgreen\">Dimensiones<\/td>\n<td class=\"tdyellow\" colspan=\"4\">95 x 38 x 102 mm (Size of the battery box)<\/td>\n<\/tr>\n<tr>\n<td class=\"tdgreen\">Sistema de control bater\u00eda<\/td>\n<td class=\"tdyellow\" colspan=\"4\">Control por tres luces en el cabezal<\/td>\n<\/tr>\n<tr>\n<td class=\"tdgreen\">Protecci\u00f3n<\/td>\n<td class=\"tdyellow\" colspan=\"4\">IP68<\/td>\n<\/tr>\n<tr>\n<td class=\"tdgreen\">Sistema de autenticidad<\/td>\n<td class=\"tdyellow\" colspan=\"4\">NFC<\/td>\n<\/tr>\n<tr>\n<td class=\"tdgreen\">Peso<\/td>\n<td class=\"tdyellow\" colspan=\"4\">550 g<\/td>\n<\/tr>\n<\/tbody>\n<\/table>\n<p>Necesitas m\u00e1s productos encu\u00e9ntralos en nuestra <a href=\"https:\/\/valesafety.com.pe\/tienda\">tienda\u00a0<\/a><\/p>\n<p>Para m\u00e1s informaci\u00f3n sobre este y otros productos, no dudes en contactarnos por <a href=\"http:\/\/wa.me\/51923151009\" target=\"_blank\" rel=\"noopener\">WhatsApp<\/a>.<\/p>\n","protected":false},"excerpt":{"rendered":"<p>La Portalampara Wisdom KL8M incorpora el innovador sistema Brightness, que ofrece una luminosidad excepcional de hasta 24.000 lux. Su bater\u00eda garantiza un tiempo de funcionamiento continuo de 13 horas con un tiempo de carga de solo 6 horas. Adem\u00e1s, incluye un pr\u00e1ctico sistema de seguridad SOS y tecnolog\u00eda avanzada que mejora la visibilidad en condiciones desafiantes.<\/p>\n","protected":false},"featured_media":4706,"comment_status":"closed","ping_status":"closed","template":"","meta":{"_acf_changed":false},"product_brand":[644],"product_cat":[54],"product_tag":[411,412],"class_list":{"0":"post-4658","1":"product","2":"type-product","3":"status-publish","4":"has-post-thumbnail","6":"product_brand-wisdom","7":"product_cat-linternas","8":"product_tag-lampara-minera","9":"product_tag-lampara-wisdem","11":"first","12":"instock","13":"shipping-taxable","14":"purchasable","15":"product-type-simple"},"acf":[],"_links":{"self":[{"href":"https:\/\/valesafety.com.pe\/index.php?rest_route=\/wp\/v2\/product\/4658","targetHints":{"allow":["GET"]}}],"collection":[{"href":"https:\/\/valesafety.com.pe\/index.php?rest_route=\/wp\/v2\/product"}],"about":[{"href":"https:\/\/valesafety.com.pe\/index.php?rest_route=\/wp\/v2\/types\/product"}],"replies":[{"embeddable":true,"href":"https:\/\/valesafety.com.pe\/index.php?rest_route=%2Fwp%2Fv2%2Fcomments&post=4658"}],"wp:featuredmedia":[{"embeddable":true,"href":"https:\/\/valesafety.com.pe\/index.php?rest_route=\/wp\/v2\/media\/4706"}],"wp:attachment":[{"href":"https:\/\/valesafety.com.pe\/index.php?rest_route=%2Fwp%2Fv2%2Fmedia&parent=4658"}],"wp:term":[{"taxonomy":"product_brand","embeddable":true,"href":"https:\/\/valesafety.com.pe\/index.php?rest_route=%2Fwp%2Fv2%2Fproduct_brand&post=4658"},{"taxonomy":"product_cat","embeddable":true,"href":"https:\/\/valesafety.com.pe\/index.php?rest_route=%2Fwp%2Fv2%2Fproduct_cat&post=4658"},{"taxonomy":"product_tag","embeddable":true,"href":"https:\/\/valesafety.com.pe\/index.php?rest_route=%2Fwp%2Fv2%2Fproduct_tag&post=4658"}],"curies":[{"name":"wp","href":"https:\/\/api.w.org\/{rel}","templated":true}]}}