{"id":4646,"date":"2026-04-23T22:35:27","date_gmt":"2026-04-23T20:35:27","guid":{"rendered":"http:\/\/localhost\/borrador\/?post_type=product&#038;p=4646"},"modified":"2026-05-06T14:58:16","modified_gmt":"2026-05-06T19:58:16","slug":"casaca-milton2-no-delta-plus","status":"publish","type":"product","link":"https:\/\/valesafety.com.pe\/?product=casaca-milton2-no-delta-plus","title":{"rendered":"Casaca Milton2 NO Delta Plus"},"content":{"rendered":"<h2>Casaca Milton2 No<\/h2>\n<ul>\n<li class=\"view__zone_property\">Lining material : 100 % poli\u00e9ster tafet\u00e1n<\/li>\n<li class=\"view__zone_property\">Material de relleno : Relleno 100 % fibra de poli\u00e9ster<\/li>\n<li class=\"view__zone_property\">Peso del relleno (g\/m\u00b2) : 160<\/li>\n<li class=\"view__zone_property\">Tejido de refuerzo : Tejido Oxford 100 % poli\u00e9ster con revestimiento de PU<\/li>\n<li class=\"view__zone_property\">Reinforcement weight (g\/m\u00b2) : 235<\/li>\n<li class=\"view__zone_property\">Forro del cuello : lana polar<\/li>\n<li class=\"view__zone_property\">Total product weight (g\/m\u00b2) : 448<\/li>\n<\/ul>\n<p>Necesitas m\u00e1s productos encu\u00e9ntralos en nuestra <a href=\"https:\/\/valesafety.com.pe\/tienda\">tienda\u00a0<\/a><\/p>\n<p>Para m\u00e1s informaci\u00f3n sobre este y otros productos, no dudes en contactarnos por\u00a0<a href=\"http:\/\/wa.me\/51923151009\" target=\"_blank\" rel=\"noopener\">WhatsApp<\/a>.<\/p>\n<div id=\"gtx-trans\" style=\"position: absolute; left: 40px; top: 0.194447px;\">\n<div class=\"gtx-trans-icon\"><\/div>\n<\/div>\n","protected":false},"excerpt":{"rendered":"<p>Parka. Costuras termoselladas. Cierre por cremallera antifr\u00edo. Bajo de la prenda ajustado por cord\u00f3n el\u00e1stico. Capucha desmontable acolchada. 6 bolsillos.<\/p>\n","protected":false},"featured_media":4701,"comment_status":"closed","ping_status":"closed","template":"","meta":{"_acf_changed":false},"product_brand":[27],"product_cat":[106,67],"product_tag":[403,404,405,406,407],"class_list":{"0":"post-4646","1":"product","2":"type-product","3":"status-publish","4":"has-post-thumbnail","6":"product_brand-deltaplus","7":"product_cat-casacas","8":"product_cat-ropa-de-trabajo","9":"product_tag-casaca-milton-2","10":"product_tag-casaca-milton2","11":"product_tag-milton2","12":"product_tag-parka-milton2","13":"product_tag-parka-miton-2","15":"first","16":"instock","17":"shipping-taxable","18":"purchasable","19":"product-type-simple"},"acf":[],"_links":{"self":[{"href":"https:\/\/valesafety.com.pe\/index.php?rest_route=\/wp\/v2\/product\/4646","targetHints":{"allow":["GET"]}}],"collection":[{"href":"https:\/\/valesafety.com.pe\/index.php?rest_route=\/wp\/v2\/product"}],"about":[{"href":"https:\/\/valesafety.com.pe\/index.php?rest_route=\/wp\/v2\/types\/product"}],"replies":[{"embeddable":true,"href":"https:\/\/valesafety.com.pe\/index.php?rest_route=%2Fwp%2Fv2%2Fcomments&post=4646"}],"wp:featuredmedia":[{"embeddable":true,"href":"https:\/\/valesafety.com.pe\/index.php?rest_route=\/wp\/v2\/media\/4701"}],"wp:attachment":[{"href":"https:\/\/valesafety.com.pe\/index.php?rest_route=%2Fwp%2Fv2%2Fmedia&parent=4646"}],"wp:term":[{"taxonomy":"product_brand","embeddable":true,"href":"https:\/\/valesafety.com.pe\/index.php?rest_route=%2Fwp%2Fv2%2Fproduct_brand&post=4646"},{"taxonomy":"product_cat","embeddable":true,"href":"https:\/\/valesafety.com.pe\/index.php?rest_route=%2Fwp%2Fv2%2Fproduct_cat&post=4646"},{"taxonomy":"product_tag","embeddable":true,"href":"https:\/\/valesafety.com.pe\/index.php?rest_route=%2Fwp%2Fv2%2Fproduct_tag&post=4646"}],"curies":[{"name":"wp","href":"https:\/\/api.w.org\/{rel}","templated":true}]}}