{"id":4643,"date":"2026-04-23T22:35:27","date_gmt":"2026-04-23T20:35:27","guid":{"rendered":"http:\/\/localhost\/borrador\/?post_type=product&#038;p=4643"},"modified":"2026-05-06T18:35:22","modified_gmt":"2026-05-06T23:35:22","slug":"mascara-de-soldador-barrier-2","status":"publish","type":"product","link":"https:\/\/valesafety.com.pe\/?product=mascara-de-soldador-barrier-2","title":{"rendered":"Mascara de Soldador Barrier 2"},"content":{"rendered":"<h2>Mascara de Soldador Barrier 2<\/h2>\n<ul>\n<li class=\"view__zone_property\">Material de los vidrios : Policarbonato<\/li>\n<li class=\"view__zone_property\">Color de cristal : Tinte de soldador 13<\/li>\n<li class=\"view__zone_property\">N\u00famero de escal\u00f3n (tono) : 4<\/li>\n<li class=\"view__zone_property\">Color de la montura : Negro &#8211; Plata<\/li>\n<li class=\"view__zone_property\">Peso (g) : 500<\/li>\n<\/ul>\n<p>Necesitas m\u00e1s productos encu\u00e9ntralos en nuestra <a href=\"https:\/\/valesafety.com.pe\/tienda\">tienda\u00a0<\/a><\/p>\n<p>Para m\u00e1s informaci\u00f3n sobre este y otros productos, no dudes en contactarnos por\u00a0<a href=\"http:\/\/wa.me\/51923151009\" target=\"_blank\" rel=\"noopener\">WhatsApp<\/a>.<\/p>\n","protected":false},"excerpt":{"rendered":"<p>Casco para soldadura al arco el\u00e9ctrico, con pantalla de oscurecimiento autom\u00e1tico. Se puede usar para la soldadura MIG, MAG, TIG y plasma que requiera de una protecci\u00f3n de tono 9 a 13. Se puede usar para soldadura de baja intensidad o de llamas de tono 5 a 9. Se puede usar para la amoladura de tono 4.<\/p>\n","protected":false},"featured_media":4689,"comment_status":"closed","ping_status":"closed","template":"","meta":{"_acf_changed":false},"product_brand":[27],"product_cat":[60],"product_tag":[],"class_list":{"0":"post-4643","1":"product","2":"type-product","3":"status-publish","4":"has-post-thumbnail","6":"product_brand-deltaplus","7":"product_cat-proteccion-de-soldador","9":"first","10":"instock","11":"shipping-taxable","12":"purchasable","13":"product-type-simple"},"acf":[],"_links":{"self":[{"href":"https:\/\/valesafety.com.pe\/index.php?rest_route=\/wp\/v2\/product\/4643","targetHints":{"allow":["GET"]}}],"collection":[{"href":"https:\/\/valesafety.com.pe\/index.php?rest_route=\/wp\/v2\/product"}],"about":[{"href":"https:\/\/valesafety.com.pe\/index.php?rest_route=\/wp\/v2\/types\/product"}],"replies":[{"embeddable":true,"href":"https:\/\/valesafety.com.pe\/index.php?rest_route=%2Fwp%2Fv2%2Fcomments&post=4643"}],"wp:featuredmedia":[{"embeddable":true,"href":"https:\/\/valesafety.com.pe\/index.php?rest_route=\/wp\/v2\/media\/4689"}],"wp:attachment":[{"href":"https:\/\/valesafety.com.pe\/index.php?rest_route=%2Fwp%2Fv2%2Fmedia&parent=4643"}],"wp:term":[{"taxonomy":"product_brand","embeddable":true,"href":"https:\/\/valesafety.com.pe\/index.php?rest_route=%2Fwp%2Fv2%2Fproduct_brand&post=4643"},{"taxonomy":"product_cat","embeddable":true,"href":"https:\/\/valesafety.com.pe\/index.php?rest_route=%2Fwp%2Fv2%2Fproduct_cat&post=4643"},{"taxonomy":"product_tag","embeddable":true,"href":"https:\/\/valesafety.com.pe\/index.php?rest_route=%2Fwp%2Fv2%2Fproduct_tag&post=4643"}],"curies":[{"name":"wp","href":"https:\/\/api.w.org\/{rel}","templated":true}]}}