{"id":4633,"date":"2026-04-23T22:35:02","date_gmt":"2026-04-23T20:35:02","guid":{"rendered":"http:\/\/localhost\/borrador\/?post_type=product&#038;p=4633"},"modified":"2026-05-06T16:12:25","modified_gmt":"2026-05-06T21:12:25","slug":"galeras-smoke","status":"publish","type":"product","link":"https:\/\/valesafety.com.pe\/?product=galeras-smoke","title":{"rendered":"Galeras Smoke"},"content":{"rendered":"<h2>Galeras Smoke<\/h2>\n<ul>\n<li class=\"view__zone_property\">Gasket : Foam gasket<\/li>\n<li class=\"view__zone_property\">Material de los vidrios : Policarbonato<\/li>\n<li class=\"view__zone_property\">Tratamiento del vidrio : Antivaho (clasico) &#8211; Antiara\u00f1azos (cl\u00e1sica)<\/li>\n<li class=\"view__zone_property\">Color de cristal : Ahumado<\/li>\n<li class=\"view__zone_property\">N\u00famero de escal\u00f3n (tono) : 3.1<\/li>\n<li class=\"view__zone_property\">Material de la montura : Nylon &#8211; PVC<\/li>\n<li class=\"view__zone_property\">Color de la montura : Incoloro<\/li>\n<li class=\"view__zone_property\">Material de la almohadilla nasal : pvc<\/li>\n<li class=\"view__zone_property\">Peso (g) : 104<\/li>\n<\/ul>\n<p>Necesitas m\u00e1s productos encu\u00e9ntralos en nuestra <a href=\"https:\/\/valesafety.com.pe\/tienda\">tienda\u00a0<\/a><\/p>\n<p>Para m\u00e1s informaci\u00f3n sobre este y otros productos, no dudes en contactarnos por\u00a0<a href=\"http:\/\/wa.me\/51923151009\" target=\"_blank\" rel=\"noopener\">WhatsApp<\/a>.<\/p>\n","protected":false},"excerpt":{"rendered":"<p>Gafas pan\u00f3ramicas de policarbonato. Ventilaci\u00f3n indirecta. Montura flexible de PVC y nylon. Pantalla pan\u00f3ramica. Adaptada a las gafas de vista y a la semim\u00e1scara respiratoria de uso corto. Cinta el\u00e1stica.<\/p>\n","protected":false},"featured_media":4688,"comment_status":"closed","ping_status":"closed","template":"","meta":{"_acf_changed":false},"product_brand":[27],"product_cat":[104,65],"product_tag":[401,249,402],"class_list":{"0":"post-4633","1":"product","2":"type-product","3":"status-publish","4":"has-post-thumbnail","6":"product_brand-deltaplus","7":"product_cat-antiparras","8":"product_cat-proteccion-visual","9":"product_tag-antiparras-smoke","10":"product_tag-gafas-de-seguridad","11":"product_tag-lentes-smoke","13":"first","14":"instock","15":"shipping-taxable","16":"purchasable","17":"product-type-simple"},"acf":[],"_links":{"self":[{"href":"https:\/\/valesafety.com.pe\/index.php?rest_route=\/wp\/v2\/product\/4633","targetHints":{"allow":["GET"]}}],"collection":[{"href":"https:\/\/valesafety.com.pe\/index.php?rest_route=\/wp\/v2\/product"}],"about":[{"href":"https:\/\/valesafety.com.pe\/index.php?rest_route=\/wp\/v2\/types\/product"}],"replies":[{"embeddable":true,"href":"https:\/\/valesafety.com.pe\/index.php?rest_route=%2Fwp%2Fv2%2Fcomments&post=4633"}],"wp:featuredmedia":[{"embeddable":true,"href":"https:\/\/valesafety.com.pe\/index.php?rest_route=\/wp\/v2\/media\/4688"}],"wp:attachment":[{"href":"https:\/\/valesafety.com.pe\/index.php?rest_route=%2Fwp%2Fv2%2Fmedia&parent=4633"}],"wp:term":[{"taxonomy":"product_brand","embeddable":true,"href":"https:\/\/valesafety.com.pe\/index.php?rest_route=%2Fwp%2Fv2%2Fproduct_brand&post=4633"},{"taxonomy":"product_cat","embeddable":true,"href":"https:\/\/valesafety.com.pe\/index.php?rest_route=%2Fwp%2Fv2%2Fproduct_cat&post=4633"},{"taxonomy":"product_tag","embeddable":true,"href":"https:\/\/valesafety.com.pe\/index.php?rest_route=%2Fwp%2Fv2%2Fproduct_tag&post=4633"}],"curies":[{"name":"wp","href":"https:\/\/api.w.org\/{rel}","templated":true}]}}