{"id":4628,"date":"2026-04-23T22:35:01","date_gmt":"2026-04-23T20:35:01","guid":{"rendered":"http:\/\/localhost\/borrador\/?post_type=product&#038;p=4628"},"modified":"2026-05-06T17:41:03","modified_gmt":"2026-05-06T22:41:03","slug":"lentes-kilimandjaro-clear","status":"publish","type":"product","link":"https:\/\/valesafety.com.pe\/?product=lentes-kilimandjaro-clear","title":{"rendered":"Lentes KILIMANDJARO CLEAR"},"content":{"rendered":"<h2>Lentes KILIMANDJARO CLEAR<\/h2>\n<ul>\n<li>Material de los vidrios Policarbonato<\/li>\n<li>Tratamiento del vidrio Antivaho (cl\u00e1sico), Antiara\u00f1azos (cl\u00e1sico), UV400<\/li>\n<li>Base de lente 4<\/li>\n<li>Estilos de cristal Monobloque<\/li>\n<li>Color de la lente Incoloro<\/li>\n<li>Clase \u00f3ptica 1<\/li>\n<li>Clase de protecci\u00f3n de la lente 1.2<\/li>\n<li>Caracter\u00edsticas de los vidrios Curvados<\/li>\n<li>Resistencia mec\u00e1nica (lente) F, T<\/li>\n<li>Material de la almohadilla nasal Policarbonato<\/li>\n<li>Material de la montura Nylon<\/li>\n<li>Montura Patillas<\/li>\n<li>Color del marco Azul, Naranja<\/li>\n<li>Resistencia mec\u00e1nica (bastidor) F, T<\/li>\n<li>Resistencia mec\u00e1nica (2\u00ba bastidor) F, T<\/li>\n<li>Ventajas de las patillas Patillas ajustables en longitud,<\/li>\n<li>Flexible tip<\/li>\n<li>Temples confort Flexible tip<\/li>\n<li>Peso (g) 32<\/li>\n<\/ul>\n","protected":false},"excerpt":{"rendered":"<p>Gafas de protecci\u00f3n transparentes y antivaho, fabricadas en una sola pieza, con laterales protegidos, perfectas para su uso en aplicaciones de laboratorio.<\/p>\n","protected":false},"featured_media":4684,"comment_status":"closed","ping_status":"closed","template":"","meta":{"_acf_changed":false},"product_brand":[27],"product_cat":[103,65],"product_tag":[397,239],"class_list":{"0":"post-4628","1":"product","2":"type-product","3":"status-publish","4":"has-post-thumbnail","6":"product_brand-deltaplus","7":"product_cat-anteojos-de-seguridad","8":"product_cat-proteccion-visual","9":"product_tag-lentes-de-policarbonato","10":"product_tag-lentes-de-seguridad","12":"first","13":"instock","14":"shipping-taxable","15":"product-type-simple"},"acf":[],"_links":{"self":[{"href":"https:\/\/valesafety.com.pe\/index.php?rest_route=\/wp\/v2\/product\/4628","targetHints":{"allow":["GET"]}}],"collection":[{"href":"https:\/\/valesafety.com.pe\/index.php?rest_route=\/wp\/v2\/product"}],"about":[{"href":"https:\/\/valesafety.com.pe\/index.php?rest_route=\/wp\/v2\/types\/product"}],"replies":[{"embeddable":true,"href":"https:\/\/valesafety.com.pe\/index.php?rest_route=%2Fwp%2Fv2%2Fcomments&post=4628"}],"wp:featuredmedia":[{"embeddable":true,"href":"https:\/\/valesafety.com.pe\/index.php?rest_route=\/wp\/v2\/media\/4684"}],"wp:attachment":[{"href":"https:\/\/valesafety.com.pe\/index.php?rest_route=%2Fwp%2Fv2%2Fmedia&parent=4628"}],"wp:term":[{"taxonomy":"product_brand","embeddable":true,"href":"https:\/\/valesafety.com.pe\/index.php?rest_route=%2Fwp%2Fv2%2Fproduct_brand&post=4628"},{"taxonomy":"product_cat","embeddable":true,"href":"https:\/\/valesafety.com.pe\/index.php?rest_route=%2Fwp%2Fv2%2Fproduct_cat&post=4628"},{"taxonomy":"product_tag","embeddable":true,"href":"https:\/\/valesafety.com.pe\/index.php?rest_route=%2Fwp%2Fv2%2Fproduct_tag&post=4628"}],"curies":[{"name":"wp","href":"https:\/\/api.w.org\/{rel}","templated":true}]}}