{"id":4626,"date":"2026-04-23T22:35:01","date_gmt":"2026-04-23T20:35:01","guid":{"rendered":"http:\/\/localhost\/borrador\/?post_type=product&#038;p=4626"},"modified":"2026-05-06T16:30:04","modified_gmt":"2026-05-06T21:30:04","slug":"guante-de-aramida-kpg10","status":"publish","type":"product","link":"https:\/\/valesafety.com.pe\/?product=guante-de-aramida-kpg10","title":{"rendered":"Guante de aramida KPG10"},"content":{"rendered":"<h2>Guante de aramida KPG10<\/h2>\n<ul>\n<li>Guante de tejido de punta 5 dedos sin costura, exterior Kevlar\u00ae interior algod\u00f3n.<\/li>\n<li>Ambidiestro.<\/li>\n<li>Pu\u00f1o de borde continuo, longitud 10 cm.<\/li>\n<li>Interior algod\u00f3n 100%.<\/li>\n<li>Galga 7.<\/li>\n<li>Exterior 100% para-aramida.<\/li>\n<\/ul>\n<h3>M\u00e9todos de uso:<\/h3>\n<p><strong>Facilidad de uso:<\/strong> Ajuste perfecto para que los usuarios no sientan ninguna molestia alrededor de la mu\u00f1eca durante el uso prolongado<\/p>\n<p><strong>Compatibilidad:<\/strong> Guantes ambidiestros<\/p>\n<p><strong>Rendimiento:<\/strong> Resistente al calor por contacto (250\u00a0 \u00a0\u00b0C durante 15 segundos) gracias a la fibra HEATnocut de alto rendimiento<\/p>\n<p>Necesitas m\u00e1s productos encu\u00e9ntralos en nuestra <a href=\"https:\/\/valesafety.com.pe\/tienda\">tienda\u00a0<\/a><\/p>\n<p>Para m\u00e1s informaci\u00f3n sobre este y otros productos, no dudes en contactarnos por\u00a0<a href=\"http:\/\/wa.me\/51923151009\" target=\"_blank\" rel=\"noopener\">WhatsApp<\/a>.<\/p>\n","protected":false},"excerpt":{"rendered":"<div class=\"flex max-w-full flex-col flex-grow\">\n<div class=\"min-h-8 text-message flex w-full flex-col items-end gap-2 whitespace-normal break-words text-start [.text-message+&amp;]:mt-5\" dir=\"auto\" data-message-author-role=\"assistant\" data-message-id=\"127608a6-b557-4fd5-9f15-bcfbb3b5ada0\" data-message-model-slug=\"gpt-4o\">\n<div class=\"flex w-full flex-col gap-1 empty:hidden first:pt-[3px]\">\n<div class=\"markdown prose w-full break-words dark:prose-invert light\">\n<p>Guantes t\u00e9rmicos ambidiestros con resistencia al corte de nivel D, dise\u00f1ados para ofrecer protecci\u00f3n t\u00e9rmica y precisi\u00f3n, perfectos para trabajos en entornos de altas temperaturas.<\/p>\n<\/div>\n<\/div>\n<\/div>\n<\/div>\n","protected":false},"featured_media":4673,"comment_status":"closed","ping_status":"closed","template":"","meta":{"_acf_changed":false},"product_brand":[27],"product_cat":[91,59],"product_tag":[],"class_list":{"0":"post-4626","1":"product","2":"type-product","3":"status-publish","4":"has-post-thumbnail","6":"product_brand-deltaplus","7":"product_cat-guante-anticorte","8":"product_cat-proteccion-de-las-manos","10":"first","11":"instock","12":"shipping-taxable","13":"purchasable","14":"product-type-simple"},"acf":[],"_links":{"self":[{"href":"https:\/\/valesafety.com.pe\/index.php?rest_route=\/wp\/v2\/product\/4626","targetHints":{"allow":["GET"]}}],"collection":[{"href":"https:\/\/valesafety.com.pe\/index.php?rest_route=\/wp\/v2\/product"}],"about":[{"href":"https:\/\/valesafety.com.pe\/index.php?rest_route=\/wp\/v2\/types\/product"}],"replies":[{"embeddable":true,"href":"https:\/\/valesafety.com.pe\/index.php?rest_route=%2Fwp%2Fv2%2Fcomments&post=4626"}],"wp:featuredmedia":[{"embeddable":true,"href":"https:\/\/valesafety.com.pe\/index.php?rest_route=\/wp\/v2\/media\/4673"}],"wp:attachment":[{"href":"https:\/\/valesafety.com.pe\/index.php?rest_route=%2Fwp%2Fv2%2Fmedia&parent=4626"}],"wp:term":[{"taxonomy":"product_brand","embeddable":true,"href":"https:\/\/valesafety.com.pe\/index.php?rest_route=%2Fwp%2Fv2%2Fproduct_brand&post=4626"},{"taxonomy":"product_cat","embeddable":true,"href":"https:\/\/valesafety.com.pe\/index.php?rest_route=%2Fwp%2Fv2%2Fproduct_cat&post=4626"},{"taxonomy":"product_tag","embeddable":true,"href":"https:\/\/valesafety.com.pe\/index.php?rest_route=%2Fwp%2Fv2%2Fproduct_tag&post=4626"}],"curies":[{"name":"wp","href":"https:\/\/api.w.org\/{rel}","templated":true}]}}