{"id":4616,"date":"2026-04-23T22:34:34","date_gmt":"2026-04-23T20:34:34","guid":{"rendered":"http:\/\/localhost\/borrador\/?post_type=product&#038;p=4616"},"modified":"2026-05-06T16:57:21","modified_gmt":"2026-05-06T21:57:21","slug":"guante-soldador-ter250","status":"publish","type":"product","link":"https:\/\/valesafety.com.pe\/?product=guante-soldador-ter250","title":{"rendered":"Guante Soldador TER250"},"content":{"rendered":"<h2>Guante Soldador TER250<\/h2>\n<ul>\n<li>Tipo de guante Guante especial<\/li>\n<li>Tipo de guante mec\u00e1nico Cortado y cosido<\/li>\n<li>Tipo de guantes especiales Soldadura<\/li>\n<li>Material del forro Tejido sint\u00e9tico<\/li>\n<li>Espesor (mm) 1,2 -&gt; 1,4<\/li>\n<li>Protecci\u00f3n del nivel del brazo Manguito de codo (&lt;= 500 mm)<\/li>\n<li>Longitud del pu\u00f1o (mm) 200<\/li>\n<li>Ventaja adicional Reach, Pu\u00f1o largo (&gt; 290 mm)<\/li>\n<li>Color Marr\u00f3n-Gris<\/li>\n<li>Talla 10<\/li>\n<\/ul>\n<p>Necesitas m\u00e1s productos encu\u00e9ntralos en nuestra <a href=\"https:\/\/valesafety.com.pe\/tienda\">tienda\u00a0<\/a><\/p>\n<p>Para m\u00e1s informaci\u00f3n sobre este y otros productos, no dudes en contactarnos por\u00a0<a href=\"http:\/\/wa.me\/51923151009\" target=\"_blank\" rel=\"noopener\">WhatsApp<\/a>.<\/p>\n","protected":false},"excerpt":{"rendered":"<div class=\"flex max-w-full flex-col flex-grow\">\n<div class=\"min-h-8 text-message flex w-full flex-col items-end gap-2 whitespace-normal break-words text-start [.text-message+&amp;]:mt-5\" dir=\"auto\" data-message-author-role=\"assistant\" data-message-id=\"9b0f3fbc-af46-4df0-8ff8-b0ccdd86bbaf\" data-message-model-slug=\"gpt-4o\">\n<div class=\"flex w-full flex-col gap-1 empty:hidden first:pt-[3px]\">\n<div class=\"markdown prose w-full break-words dark:prose-invert light\">\n<p>Guante fabricado en piel serraje vac\u00edo con tratamiento antical\u00f3rico (THT), dise\u00f1ado para ofrecer alta resistencia. Cuenta con una palma forrada en lana para mayor comodidad, manguito forrado con tela y costuras reforzadas con hilo Kevlar\u00ae Technology. Su dise\u00f1o tipo americano incluye un manguito de 20 cm, alcanzando una longitud total de 40 cm. La piel serraje vacuno tiene un espesor de 1,2 a 1<\/p>\n<\/div>\n<\/div>\n<\/div>\n<\/div>\n","protected":false},"featured_media":4671,"comment_status":"closed","ping_status":"closed","template":"","meta":{"_acf_changed":false},"product_brand":[27],"product_cat":[94,59],"product_tag":[],"class_list":{"0":"post-4616","1":"product","2":"type-product","3":"status-publish","4":"has-post-thumbnail","6":"product_brand-deltaplus","7":"product_cat-guante-de-cuero-soldador","8":"product_cat-proteccion-de-las-manos","10":"first","11":"instock","12":"shipping-taxable","13":"purchasable","14":"product-type-simple"},"acf":[],"_links":{"self":[{"href":"https:\/\/valesafety.com.pe\/index.php?rest_route=\/wp\/v2\/product\/4616","targetHints":{"allow":["GET"]}}],"collection":[{"href":"https:\/\/valesafety.com.pe\/index.php?rest_route=\/wp\/v2\/product"}],"about":[{"href":"https:\/\/valesafety.com.pe\/index.php?rest_route=\/wp\/v2\/types\/product"}],"replies":[{"embeddable":true,"href":"https:\/\/valesafety.com.pe\/index.php?rest_route=%2Fwp%2Fv2%2Fcomments&post=4616"}],"wp:featuredmedia":[{"embeddable":true,"href":"https:\/\/valesafety.com.pe\/index.php?rest_route=\/wp\/v2\/media\/4671"}],"wp:attachment":[{"href":"https:\/\/valesafety.com.pe\/index.php?rest_route=%2Fwp%2Fv2%2Fmedia&parent=4616"}],"wp:term":[{"taxonomy":"product_brand","embeddable":true,"href":"https:\/\/valesafety.com.pe\/index.php?rest_route=%2Fwp%2Fv2%2Fproduct_brand&post=4616"},{"taxonomy":"product_cat","embeddable":true,"href":"https:\/\/valesafety.com.pe\/index.php?rest_route=%2Fwp%2Fv2%2Fproduct_cat&post=4616"},{"taxonomy":"product_tag","embeddable":true,"href":"https:\/\/valesafety.com.pe\/index.php?rest_route=%2Fwp%2Fv2%2Fproduct_tag&post=4616"}],"curies":[{"name":"wp","href":"https:\/\/api.w.org\/{rel}","templated":true}]}}