{"id":4615,"date":"2026-04-23T22:34:34","date_gmt":"2026-04-23T20:34:34","guid":{"rendered":"http:\/\/localhost\/borrador\/?post_type=product&#038;p=4615"},"modified":"2026-05-06T16:58:36","modified_gmt":"2026-05-06T21:58:36","slug":"guante-toutravo-ve509","status":"publish","type":"product","link":"https:\/\/valesafety.com.pe\/?product=guante-toutravo-ve509","title":{"rendered":"Guante Toutravo VE509"},"content":{"rendered":"<h2>Guante Toutravo VE509<\/h2>\n<ul>\n<li>Tipo de guante Guante estanco<\/li>\n<li>Acabado interior Flocado<\/li>\n<li>Material y acabado del revestimiento<\/li>\n<li>Neopreno gofrado<\/li>\n<li>Nivel de recubrimiento Totalmente recubierto<\/li>\n<li>N\u00famero de revestimientos Revestimiento \u00fanico<\/li>\n<li>Espesor (mm) 0,75<\/li>\n<li>Nivel de protecci\u00f3n del brazo Longitud: antebrazo (&lt; 400 mm)<\/li>\n<li>Ventaja adicional Reach<\/li>\n<li>Color Negro<\/li>\n<li>Tallas 6, 7, 8, 9, 10, 11<\/li>\n<\/ul>\n<p>Necesitas m\u00e1s productos encuentralos en nuestra\u00a0<a href=\"https:\/\/valesafety.com.pe\/tienda\">tienda\u00a0<\/a><\/p>\n<p>Para m\u00e1s informaci\u00f3n sobre este y otros productos, no dudes en contactarnos por\u00a0<a href=\"http:\/\/wa.me\/51923151009\" target=\"_blank\" rel=\"noopener\">WhatsApp<\/a>.<\/p>\n","protected":false},"excerpt":{"rendered":"<div class=\"flex max-w-full flex-col flex-grow\">\n<div class=\"min-h-8 text-message flex w-full flex-col items-end gap-2 whitespace-normal break-words text-start [.text-message+&amp;]:mt-5\" dir=\"auto\" data-message-author-role=\"assistant\" data-message-id=\"df82c785-385b-42b1-9cb5-917d8eb13a63\" data-message-model-slug=\"gpt-4o\">\n<div class=\"flex w-full flex-col gap-1 empty:hidden first:pt-[3px]\">\n<div class=\"markdown prose w-full break-words dark:prose-invert light\">\n<p>Guante qu\u00edmico de alta resistencia, dise\u00f1ado para ofrecer un agarre excepcional y facilitar la manipulaci\u00f3n segura de objetos en una amplia variedad de aplicaciones. Perfecto para tareas que requieren protecci\u00f3n<\/p>\n<\/div>\n<\/div>\n<\/div>\n<\/div>\n<div class=\"mb-2 flex gap-3 empty:hidden -ml-2\">\n<div class=\"items-center justify-start rounded-xl p-1 flex\">\n<div class=\"flex items-center\">\n<p>&nbsp;<\/p>\n<div class=\"flex\"><\/div>\n<div class=\"flex items-center pb-0\"><\/div>\n<\/div>\n<\/div>\n<\/div>\n","protected":false},"featured_media":4670,"comment_status":"closed","ping_status":"closed","template":"","meta":{"_acf_changed":false},"product_brand":[27],"product_cat":[92,59],"product_tag":[],"class_list":{"0":"post-4615","1":"product","2":"type-product","3":"status-publish","4":"has-post-thumbnail","6":"product_brand-deltaplus","7":"product_cat-guante-antideslizante","8":"product_cat-proteccion-de-las-manos","10":"first","11":"instock","12":"shipping-taxable","13":"purchasable","14":"product-type-simple"},"acf":[],"_links":{"self":[{"href":"https:\/\/valesafety.com.pe\/index.php?rest_route=\/wp\/v2\/product\/4615","targetHints":{"allow":["GET"]}}],"collection":[{"href":"https:\/\/valesafety.com.pe\/index.php?rest_route=\/wp\/v2\/product"}],"about":[{"href":"https:\/\/valesafety.com.pe\/index.php?rest_route=\/wp\/v2\/types\/product"}],"replies":[{"embeddable":true,"href":"https:\/\/valesafety.com.pe\/index.php?rest_route=%2Fwp%2Fv2%2Fcomments&post=4615"}],"wp:featuredmedia":[{"embeddable":true,"href":"https:\/\/valesafety.com.pe\/index.php?rest_route=\/wp\/v2\/media\/4670"}],"wp:attachment":[{"href":"https:\/\/valesafety.com.pe\/index.php?rest_route=%2Fwp%2Fv2%2Fmedia&parent=4615"}],"wp:term":[{"taxonomy":"product_brand","embeddable":true,"href":"https:\/\/valesafety.com.pe\/index.php?rest_route=%2Fwp%2Fv2%2Fproduct_brand&post=4615"},{"taxonomy":"product_cat","embeddable":true,"href":"https:\/\/valesafety.com.pe\/index.php?rest_route=%2Fwp%2Fv2%2Fproduct_cat&post=4615"},{"taxonomy":"product_tag","embeddable":true,"href":"https:\/\/valesafety.com.pe\/index.php?rest_route=%2Fwp%2Fv2%2Fproduct_tag&post=4615"}],"curies":[{"name":"wp","href":"https:\/\/api.w.org\/{rel}","templated":true}]}}