{"id":4614,"date":"2026-04-23T22:34:34","date_gmt":"2026-04-23T20:34:34","guid":{"rendered":"http:\/\/localhost\/borrador\/?post_type=product&#038;p=4614"},"modified":"2026-05-06T16:27:36","modified_gmt":"2026-05-06T21:27:36","slug":"guante-basf-pvcc400","status":"publish","type":"product","link":"https:\/\/valesafety.com.pe\/?product=guante-basf-pvcc400","title":{"rendered":"Guante BASF PVCC400"},"content":{"rendered":"<h2>Guante BASF PVCC400<\/h2>\n<ul>\n<li>PVC: Buena resistencia a la abrasi\u00f3n<\/li>\n<li>Materiales resistentes a aceites, productos qu\u00edmicos y derivados del petr\u00f3leo<\/li>\n<li><strong>Longitud:<\/strong> 40 cm Protecci\u00f3n del antebrazo<\/li>\n<\/ul>\n<h3>Certificaciones y normas:<\/h3>\n<ul>\n<li>REGLAMENTACI\u00d3N (UE) 2016\/425<\/li>\n<li>EN420:2003+A1:2009 Exigencias generales<\/li>\n<li>EN388:2016 Guantes contra los riesgos Mec\u00e1nicos (Niveles obtenidos en la palma)<\/li>\n<li>EN ISO 374-1:2016 Guantes protecci\u00f3n contra los productos qu\u00edmicos y los microorganismos.<br \/>\nParte 1: Terminolog\u00eda y exigencias de desempe\u00f1o para los riesgos qu\u00edmicos.<\/li>\n<li>EN ISO 374-5:2016 Guantes de protecci\u00f3n contra qu\u00edmicos y microorganismos peligrosos &#8211;<br \/>\nParte 5: Terminolog\u00eda y requisitos de desempe\u00f1o para los riesgos de los microorganismos.<\/li>\n<\/ul>\n<p>Necesitas m\u00e1s productos encu\u00e9ntralos en nuestra <a href=\"https:\/\/valesafety.com.pe\/tienda\">tienda\u00a0<\/a><\/p>\n<p>Para m\u00e1s informaci\u00f3n sobre este y otros productos, no dudes en contactarnos por\u00a0<a href=\"http:\/\/wa.me\/51923151009\" target=\"_blank\" rel=\"noopener\">WhatsApp<\/a>.<\/p>\n","protected":false},"excerpt":{"rendered":"<ul>\n<li>PVC qu\u00edmico. PVC sobre soporte jersey algod\u00f3n.<\/li>\n<li>Longitud : 40 cm.<\/li>\n<li>Espesor : 1,20 &#8211; 1,40 mm.<\/li>\n<li>Soporte: algod\u00f3n interlock.<\/li>\n<li>Impregnaci\u00f3n: 100% PVC.<\/li>\n<\/ul>\n","protected":false},"featured_media":4669,"comment_status":"closed","ping_status":"closed","template":"","meta":{"_acf_changed":false},"product_brand":[27],"product_cat":[96,59],"product_tag":[393,198,394,395,396],"class_list":{"0":"post-4614","1":"product","2":"type-product","3":"status-publish","4":"has-post-thumbnail","6":"product_brand-deltaplus","7":"product_cat-guante-nitron","8":"product_cat-proteccion-de-las-manos","9":"product_tag-bioseguridad","10":"product_tag-guantes-de-seguridad","11":"product_tag-guantes-deltaplus","12":"product_tag-nitron-proteccion","13":"product_tag-proteccion-de-las-manos","15":"first","16":"instock","17":"shipping-taxable","18":"purchasable","19":"product-type-simple"},"acf":[],"_links":{"self":[{"href":"https:\/\/valesafety.com.pe\/index.php?rest_route=\/wp\/v2\/product\/4614","targetHints":{"allow":["GET"]}}],"collection":[{"href":"https:\/\/valesafety.com.pe\/index.php?rest_route=\/wp\/v2\/product"}],"about":[{"href":"https:\/\/valesafety.com.pe\/index.php?rest_route=\/wp\/v2\/types\/product"}],"replies":[{"embeddable":true,"href":"https:\/\/valesafety.com.pe\/index.php?rest_route=%2Fwp%2Fv2%2Fcomments&post=4614"}],"wp:featuredmedia":[{"embeddable":true,"href":"https:\/\/valesafety.com.pe\/index.php?rest_route=\/wp\/v2\/media\/4669"}],"wp:attachment":[{"href":"https:\/\/valesafety.com.pe\/index.php?rest_route=%2Fwp%2Fv2%2Fmedia&parent=4614"}],"wp:term":[{"taxonomy":"product_brand","embeddable":true,"href":"https:\/\/valesafety.com.pe\/index.php?rest_route=%2Fwp%2Fv2%2Fproduct_brand&post=4614"},{"taxonomy":"product_cat","embeddable":true,"href":"https:\/\/valesafety.com.pe\/index.php?rest_route=%2Fwp%2Fv2%2Fproduct_cat&post=4614"},{"taxonomy":"product_tag","embeddable":true,"href":"https:\/\/valesafety.com.pe\/index.php?rest_route=%2Fwp%2Fv2%2Fproduct_tag&post=4614"}],"curies":[{"name":"wp","href":"https:\/\/api.w.org\/{rel}","templated":true}]}}